{"id":90436,"date":"2025-09-13T14:44:42","date_gmt":"2025-09-13T14:44:42","guid":{"rendered":"https:\/\/brandss.com.py\/index\/?post_type=product&#038;p=90436"},"modified":"2025-09-13T14:45:26","modified_gmt":"2025-09-13T14:45:26","slug":"crema-facial-cosmo-glow-white-skin-perfector-125ml","status":"publish","type":"product","link":"https:\/\/brandss.com.py\/index\/producto\/crema-facial-cosmo-glow-white-skin-perfector-125ml\/","title":{"rendered":"CREMA FACIAL COSMO GLOW WHITE SKIN PERFECTOR 125ML"},"content":{"rendered":"<p><img loading=\"lazy\" decoding=\"async\" class=\"\" src=\"https:\/\/cosmocosmetics.ae\/cdn\/shop\/files\/logo-cosmo-regeister.png?v=1729761767&amp;width=340\" width=\"118\" height=\"25\" \/><\/p>\n<h1>GLOW WHITE SKIN PERFECTOR<\/h1>\n<p>Descubre el secreto de una piel luminosa con la Crema Facial Blanqueadora Cosmo Glow White. Esta lujosa crema transforma tu rutina de cuidado facial, aportando un brillo radiante que realza tu belleza natural. Su f\u00f3rmula rica y aterciopelada se desliza sobre la piel y se absorbe f\u00e1cilmente para nutrirla e iluminarla desde el interior. Al aplicar la crema, deja que la sutil y refrescante fragancia de notas florales y c\u00edtricas despierte tus sentidos. Esta crema est\u00e1 enriquecida con agentes blanqueadores avanzados, ingredientes bot\u00e1nicos hidratantes y antioxidantes que rejuvenecen la piel, trabajando en armon\u00eda para refinar y perfeccionar tu cutis.<\/p>\n<div class=\"experience-component experience-dynamic-productLongDescription\">\n<div id=\"longDescription\" class=\"container product-long-description\">\n<div class=\"row\">\n<div class=\"col-12 col-md-8 description-text\">\n<div class=\"metafield-rich_text_field\">\n<h5><span dir=\"auto\">CARACTER\u00cdSTICAS<\/span><\/h5>\n<ul>\n<li><span dir=\"auto\">Aten\u00faa la decoloraci\u00f3n y promueve una tez uniforme y radiante.<\/span><\/li>\n<li><span dir=\"auto\">Aumenta el brillo natural de la piel con ingredientes bot\u00e1nicos iluminadores.<\/span><\/li>\n<li><span dir=\"auto\">Proporciona una hidrataci\u00f3n duradera para una piel m\u00e1s suave y tersa.<\/span><\/li>\n<li><span dir=\"auto\">Protege la piel del da\u00f1o ambiental con protecci\u00f3n antioxidante.<\/span><\/li>\n<\/ul>\n<\/div>\n<\/div>\n<div class=\"col-12 col-md-4 description-icon\">\n<div class=\"content-asset\"><\/div>\n<\/div>\n<\/div>\n<\/div>\n<\/div>\n<div class=\"experience-component experience-dynamic-productIngredients\">\n<div id=\"productIngredients\" class=\"container product-ingredients mt-3\">\n<div class=\"row\">\n<div class=\"col-12 col-md-7 mt-3 mt-md-0 ingredients-copy\">\n<div class=\"content-asset\">\n<h5><span dir=\"auto\">TODOS LOS INGREDIENTES<\/span><\/h5>\n<p><span dir=\"auto\">La gama de productos Cosmo Glow White &#8211; Skin Perfector combina alfa arbutina altamente eficaz junto con niacinamida y \u00e1cido hialur\u00f3nico<\/span><img loading=\"lazy\" decoding=\"async\" class=\"w-100 alignleft\" src=\"https:\/\/cosmocosmetics.ae\/cdn\/shop\/files\/Whitening_f410a8cb-a12e-4335-98f9-3ae0b0d71711.webp?v=1724238528\" width=\"180\" height=\"119\" \/>\u00a0que atacan y aten\u00faan la apariencia de la hiperpigmentaci\u00f3n y las manchas oscuras para revelar una piel de tono m\u00e1s uniforme y de aspecto m\u00e1s joven.<\/p>\n<\/div>\n<\/div>\n<\/div>\n<\/div>\n<\/div>\n","protected":false},"excerpt":{"rendered":"<p>GLOW WHITE SKIN PERFECTOR Descubre el secreto de una piel luminosa con la Crema Facial Blanqueadora Cosmo Glow White. Esta<\/p>\n","protected":false},"featured_media":90437,"comment_status":"open","ping_status":"closed","template":"","meta":{"nf_dc_page":""},"product_brand":[103],"product_cat":[104],"product_tag":[],"class_list":{"0":"post-90436","1":"product","2":"type-product","3":"status-publish","4":"has-post-thumbnail","6":"product_brand-cosmo","7":"product_cat-skin-care","9":"first","10":"instock","11":"shipping-taxable","12":"purchasable","13":"product-type-simple"},"_links":{"self":[{"href":"https:\/\/brandss.com.py\/index\/wp-json\/wp\/v2\/product\/90436","targetHints":{"allow":["GET"]}}],"collection":[{"href":"https:\/\/brandss.com.py\/index\/wp-json\/wp\/v2\/product"}],"about":[{"href":"https:\/\/brandss.com.py\/index\/wp-json\/wp\/v2\/types\/product"}],"replies":[{"embeddable":true,"href":"https:\/\/brandss.com.py\/index\/wp-json\/wp\/v2\/comments?post=90436"}],"version-history":[{"count":1,"href":"https:\/\/brandss.com.py\/index\/wp-json\/wp\/v2\/product\/90436\/revisions"}],"predecessor-version":[{"id":90439,"href":"https:\/\/brandss.com.py\/index\/wp-json\/wp\/v2\/product\/90436\/revisions\/90439"}],"wp:featuredmedia":[{"embeddable":true,"href":"https:\/\/brandss.com.py\/index\/wp-json\/wp\/v2\/media\/90437"}],"wp:attachment":[{"href":"https:\/\/brandss.com.py\/index\/wp-json\/wp\/v2\/media?parent=90436"}],"wp:term":[{"taxonomy":"product_brand","embeddable":true,"href":"https:\/\/brandss.com.py\/index\/wp-json\/wp\/v2\/product_brand?post=90436"},{"taxonomy":"product_cat","embeddable":true,"href":"https:\/\/brandss.com.py\/index\/wp-json\/wp\/v2\/product_cat?post=90436"},{"taxonomy":"product_tag","embeddable":true,"href":"https:\/\/brandss.com.py\/index\/wp-json\/wp\/v2\/product_tag?post=90436"}],"curies":[{"name":"wp","href":"https:\/\/api.w.org\/{rel}","templated":true}]}}