{"id":90453,"date":"2025-09-13T17:28:30","date_gmt":"2025-09-13T17:28:30","guid":{"rendered":"https:\/\/brandss.com.py\/index\/?post_type=product&#038;p=90453"},"modified":"2025-09-13T17:31:34","modified_gmt":"2025-09-13T17:31:34","slug":"exfoliante-de-ducha-corporal-cosmo-temptation-coconut-crush-1000ml","status":"publish","type":"product","link":"https:\/\/brandss.com.py\/index\/producto\/exfoliante-de-ducha-corporal-cosmo-temptation-coconut-crush-1000ml\/","title":{"rendered":"EXFOLIANTE DE DUCHA CORPORAL COSMO TEMPTATION COCONUT CRUSH 1000ML"},"content":{"rendered":"<p><img loading=\"lazy\" decoding=\"async\" class=\"\" src=\"https:\/\/cosmocosmetics.ae\/cdn\/shop\/files\/logo-cosmo-regeister.png?v=1729761767&amp;width=340\" width=\"161\" height=\"34\" \/><\/p>\n<h1>TEMPTATION COCONUT CRUSH<\/h1>\n<p><span dir=\"auto\">Mejora tu rutina de ducha con el gel de ducha Temptation Coconut Crush de COSMO. Enriquecido con extractos naturales de coco, este gel est\u00e1 dise\u00f1ado para nutrir e hidratar tu piel, ofreciendo una experiencia de ducha lujosa y placentera. El aroma tropical a coco crea una atm\u00f3sfera rejuvenecedora, perfecta para comenzar el d\u00eda o relajarse despu\u00e9s de uno largo.<\/span><\/p>\n<p><span dir=\"auto\">El gel de ducha Temptation Coconut Crush de COSMO est\u00e1 formulado con una f\u00f3rmula hidratante y nutritiva que es suave con tu piel. No contiene qu\u00edmicos agresivos, fragancias sint\u00e9ticas ni otros irritantes, lo que lo hace apto para todo tipo de piel. Crea espuma f\u00e1cilmente, dejando una textura lujosa y cremosa que se desliza f\u00e1cilmente sobre tu piel para una experiencia de ducha relajante y calmante.<\/span><\/p>\n<p><span dir=\"auto\">El rico aroma tropical a coco te deja sinti\u00e9ndote fresco y revitalizado, mejorando tu estado de \u00e1nimo al instante. Su dulce fragancia tropical te transportar\u00e1 a un para\u00edso playero, permiti\u00e9ndote experimentar una lujosa sensaci\u00f3n de spa en tu propio ba\u00f1o.<\/span><\/p>\n<p><span dir=\"auto\">Para usar el Gel de Ducha Temptation de COSMO, simplemente aplica una peque\u00f1a cantidad sobre la piel h\u00fameda, haz espuma y enjuaga para disfrutar de una experiencia de ducha suave y refrescante. Tambi\u00e9n puedes usarlo como ba\u00f1o de burbujas para una experiencia exquisita y arom\u00e1tica que mimar\u00e1 y nutrir\u00e1 tu piel.<\/span><\/p>\n<div class=\"detail-container\">\n<div class=\"experience-component experience-dynamic-productLongDescription\">\n<div id=\"longDescription\" class=\"container product-long-description\">\n<div class=\"row\">\n<div class=\"col-12 col-md-8 description-text\">\n<div class=\"metafield-rich_text_field\">\n<h5><span dir=\"auto\">CARACTER\u00cdSTICAS<\/span><\/h5>\n<ul>\n<li><span dir=\"auto\">Enriquecido con piedra p\u00f3mez natural para una exfoliaci\u00f3n suave.<\/span><\/li>\n<li><span dir=\"auto\">Extracto de coco para un aroma tropical relajante.<\/span><\/li>\n<li><span dir=\"auto\">Hidrata y suaviza la piel para un acabado radiante.<\/span><\/li>\n<li><span dir=\"auto\">Elimina impurezas y c\u00e9lulas muertas para una apariencia renovada.<\/span><\/li>\n<\/ul>\n<\/div>\n<\/div>\n<\/div>\n<\/div>\n<\/div>\n<\/div>\n<h3 class=\"title-heading\"><span dir=\"auto\">beneficios clave<\/span><\/h3>\n<p><img loading=\"lazy\" decoding=\"async\" class=\"alignleft\" src=\"https:\/\/cdn.shopify.com\/s\/files\/1\/0717\/3334\/6626\/files\/top-single-coconut-rush.png?v=1678079177\" width=\"160\" height=\"148\" \/><\/p>\n<p><img loading=\"lazy\" decoding=\"async\" class=\"alignleft\" src=\"https:\/\/cdn.shopify.com\/s\/files\/1\/0717\/3334\/6626\/files\/body-top-2.png?v=1677757290\" width=\"160\" height=\"153\" \/><\/p>\n<p><img loading=\"lazy\" decoding=\"async\" class=\"alignnone\" src=\"https:\/\/cdn.shopify.com\/s\/files\/1\/0717\/3334\/6626\/files\/body-top3.png?v=1677757290\" width=\"160\" height=\"153\" \/><\/p>\n<p class=\"text-center\"><span dir=\"auto\">Limpia suavemente, dejando la piel tersa y suave.<\/span><\/p>\n<h5 class=\"title-heading\"><span dir=\"auto\">INGREDIENTES CLAVE<\/span><\/h5>\n<div class=\"content-center\"><img loading=\"lazy\" decoding=\"async\" class=\"alignleft\" src=\"https:\/\/cdn.shopify.com\/s\/files\/1\/0717\/3334\/6626\/files\/coconut.png?v=1677571714\" width=\"295\" height=\"194\" \/>&nbsp;<\/p>\n<p><span dir=\"auto\">Con aceite de coco que hidrata y nutre la piel.<\/span><\/p>\n<\/div>\n<p><img decoding=\"async\" src=\"https:\/\/cdn.shopify.com\/s\/files\/1\/0717\/3334\/6626\/files\/coconut.jpg?v=1678079176\" \/><\/p>\n<h5 class=\"title-heading\"><span dir=\"auto\">C\u00f3mo utilizar<\/span><\/h5>\n<p><img decoding=\"async\" src=\"https:\/\/cdn.shopify.com\/s\/files\/1\/0717\/3334\/6626\/files\/bottom_7886cc45-7bdd-4ff7-925f-a0dad1ed657d.png?v=1678079177\" \/><\/p>\n<div class=\"content-center\">\n<p class=\"text-center\"><span dir=\"auto\">Aplique una cantidad generosa de gel de ducha en las manos o en una esponja vegetal h\u00fameda. Forme una espuma abundante. Apl\u00edquelo suavemente sobre la piel h\u00fameda y luego enjuague.<\/span><\/p>\n<\/div>\n","protected":false},"excerpt":{"rendered":"<p>TEMPTATION COCONUT CRUSH Mejora tu rutina de ducha con el gel de ducha Temptation Coconut Crush de COSMO. Enriquecido con<\/p>\n","protected":false},"featured_media":90454,"comment_status":"open","ping_status":"closed","template":"","meta":{"nf_dc_page":""},"product_brand":[103],"product_cat":[94],"product_tag":[],"class_list":{"0":"post-90453","1":"product","2":"type-product","3":"status-publish","4":"has-post-thumbnail","6":"product_brand-cosmo","7":"product_cat-higiene-personal","9":"first","10":"instock","11":"shipping-taxable","12":"purchasable","13":"product-type-simple"},"_links":{"self":[{"href":"https:\/\/brandss.com.py\/index\/wp-json\/wp\/v2\/product\/90453","targetHints":{"allow":["GET"]}}],"collection":[{"href":"https:\/\/brandss.com.py\/index\/wp-json\/wp\/v2\/product"}],"about":[{"href":"https:\/\/brandss.com.py\/index\/wp-json\/wp\/v2\/types\/product"}],"replies":[{"embeddable":true,"href":"https:\/\/brandss.com.py\/index\/wp-json\/wp\/v2\/comments?post=90453"}],"version-history":[{"count":1,"href":"https:\/\/brandss.com.py\/index\/wp-json\/wp\/v2\/product\/90453\/revisions"}],"predecessor-version":[{"id":90456,"href":"https:\/\/brandss.com.py\/index\/wp-json\/wp\/v2\/product\/90453\/revisions\/90456"}],"wp:featuredmedia":[{"embeddable":true,"href":"https:\/\/brandss.com.py\/index\/wp-json\/wp\/v2\/media\/90454"}],"wp:attachment":[{"href":"https:\/\/brandss.com.py\/index\/wp-json\/wp\/v2\/media?parent=90453"}],"wp:term":[{"taxonomy":"product_brand","embeddable":true,"href":"https:\/\/brandss.com.py\/index\/wp-json\/wp\/v2\/product_brand?post=90453"},{"taxonomy":"product_cat","embeddable":true,"href":"https:\/\/brandss.com.py\/index\/wp-json\/wp\/v2\/product_cat?post=90453"},{"taxonomy":"product_tag","embeddable":true,"href":"https:\/\/brandss.com.py\/index\/wp-json\/wp\/v2\/product_tag?post=90453"}],"curies":[{"name":"wp","href":"https:\/\/api.w.org\/{rel}","templated":true}]}}