{"id":90474,"date":"2025-09-13T18:29:45","date_gmt":"2025-09-13T18:29:45","guid":{"rendered":"https:\/\/brandss.com.py\/index\/?post_type=product&#038;p=90474"},"modified":"2025-09-13T18:30:20","modified_gmt":"2025-09-13T18:30:20","slug":"exfoliante-de-ducha-corporal-cosmo-temptation-olive-1000ml","status":"publish","type":"product","link":"https:\/\/brandss.com.py\/index\/producto\/exfoliante-de-ducha-corporal-cosmo-temptation-olive-1000ml\/","title":{"rendered":"EXFOLIANTE DE DUCHA CORPORAL COSMO TEMPTATION OLIVE 1000ML"},"content":{"rendered":"<p><img loading=\"lazy\" decoding=\"async\" class=\"\" src=\"https:\/\/cosmocosmetics.ae\/cdn\/shop\/files\/logo-cosmo-regeister.png?v=1729761767&amp;width=340\" width=\"137\" height=\"29\" \/><\/p>\n<h1>TEMPTATION OLIVE<\/h1>\n<p>Experimenta el poder transformador de nuestro Exfoliante de Ducha Temptation Olive, un exfoliante suave pero eficaz dise\u00f1ado para lucir una piel radiante y saludable. Enriquecido con extractos que no da\u00f1an la piel y piedra p\u00f3mez natural.<\/p>\n<h5><span dir=\"auto\">CARACTER\u00cdSTICAS<\/span><\/h5>\n<ul>\n<li><span dir=\"auto\">Limpia suavemente: elimina la suciedad, la grasa y las impurezas sin eliminar la humedad natural.<\/span><\/li>\n<li><span dir=\"auto\">Exfolia las c\u00e9lulas muertas: descubre una piel m\u00e1s suave y luminosa al eliminar las c\u00e9lulas muertas de la piel.<\/span><\/li>\n<li><span dir=\"auto\">Suaviza y alisa: deja la piel sedosa y suave al tacto.<\/span><\/li>\n<li><span dir=\"auto\">Prep\u00e1rese para la crema hidratante: crea una superficie receptiva para su crema hidratante favorita, lo que le permite penetrar m\u00e1s profundamente y brindar los m\u00e1ximos beneficios.<\/span><\/li>\n<\/ul>\n","protected":false},"excerpt":{"rendered":"<p>TEMPTATION OLIVE Experimenta el poder transformador de nuestro Exfoliante de Ducha Temptation Olive, un exfoliante suave pero eficaz dise\u00f1ado para<\/p>\n","protected":false},"featured_media":90475,"comment_status":"open","ping_status":"closed","template":"","meta":{"nf_dc_page":""},"product_brand":[103],"product_cat":[94],"product_tag":[],"class_list":{"0":"post-90474","1":"product","2":"type-product","3":"status-publish","4":"has-post-thumbnail","6":"product_brand-cosmo","7":"product_cat-higiene-personal","9":"first","10":"instock","11":"shipping-taxable","12":"purchasable","13":"product-type-simple"},"_links":{"self":[{"href":"https:\/\/brandss.com.py\/index\/wp-json\/wp\/v2\/product\/90474","targetHints":{"allow":["GET"]}}],"collection":[{"href":"https:\/\/brandss.com.py\/index\/wp-json\/wp\/v2\/product"}],"about":[{"href":"https:\/\/brandss.com.py\/index\/wp-json\/wp\/v2\/types\/product"}],"replies":[{"embeddable":true,"href":"https:\/\/brandss.com.py\/index\/wp-json\/wp\/v2\/comments?post=90474"}],"version-history":[{"count":1,"href":"https:\/\/brandss.com.py\/index\/wp-json\/wp\/v2\/product\/90474\/revisions"}],"predecessor-version":[{"id":90477,"href":"https:\/\/brandss.com.py\/index\/wp-json\/wp\/v2\/product\/90474\/revisions\/90477"}],"wp:featuredmedia":[{"embeddable":true,"href":"https:\/\/brandss.com.py\/index\/wp-json\/wp\/v2\/media\/90475"}],"wp:attachment":[{"href":"https:\/\/brandss.com.py\/index\/wp-json\/wp\/v2\/media?parent=90474"}],"wp:term":[{"taxonomy":"product_brand","embeddable":true,"href":"https:\/\/brandss.com.py\/index\/wp-json\/wp\/v2\/product_brand?post=90474"},{"taxonomy":"product_cat","embeddable":true,"href":"https:\/\/brandss.com.py\/index\/wp-json\/wp\/v2\/product_cat?post=90474"},{"taxonomy":"product_tag","embeddable":true,"href":"https:\/\/brandss.com.py\/index\/wp-json\/wp\/v2\/product_tag?post=90474"}],"curies":[{"name":"wp","href":"https:\/\/api.w.org\/{rel}","templated":true}]}}