{"id":90490,"date":"2025-09-13T19:10:47","date_gmt":"2025-09-13T19:10:47","guid":{"rendered":"https:\/\/brandss.com.py\/index\/?post_type=product&#038;p=90490"},"modified":"2025-09-13T19:11:17","modified_gmt":"2025-09-13T19:11:17","slug":"spray-capilar-cosmo-sheen-olive-oil-300ml","status":"publish","type":"product","link":"https:\/\/brandss.com.py\/index\/producto\/spray-capilar-cosmo-sheen-olive-oil-300ml\/","title":{"rendered":"SPRAY CAPILAR COSMO SHEEN OLIVE OIL 300ML"},"content":{"rendered":"<p><img loading=\"lazy\" decoding=\"async\" class=\"\" src=\"https:\/\/cosmocosmetics.ae\/cdn\/shop\/files\/logo-cosmo-regeister.png?v=1729761767&amp;width=340\" width=\"146\" height=\"31\" \/><\/p>\n<h1>SHEEN OLIVE OIL<\/h1>\n<p>Un elixir nutritivo para tu cabello. Nuestro Spray de Brillo con Aceite de Oliva est\u00e1 formulado para revitalizar y proteger tu cabello. Enriquecido con los beneficios naturales del aceite de oliva, hidrata profundamente, repara el da\u00f1o y restaura el brillo natural de tu cabello.<\/p>\n<h5><span dir=\"auto\">CARACTER\u00cdSTICAS<\/span><\/h5>\n<ul>\n<li><span dir=\"auto\">Hidrataci\u00f3n intensa: penetra profundamente en el tallo del cabello, proporcionando hidrataci\u00f3n duradera y previniendo la sequedad.<\/span><\/li>\n<li><span dir=\"auto\">Reparaci\u00f3n de da\u00f1os: ayuda a reparar las puntas abiertas y las cut\u00edculas del cabello da\u00f1ado, dejando el cabello m\u00e1s fuerte y saludable.<\/span><\/li>\n<li><span dir=\"auto\">Brillo natural: Realza el brillo natural de tu cabello, d\u00e1ndole un brillo saludable y vibrante.<\/span><\/li>\n<li><span dir=\"auto\">F\u00f3rmula rica en nutrientes: repone los aceites esenciales de tu cabello, promoviendo la salud y vitalidad general del cabello.<\/span><\/li>\n<\/ul>\n","protected":false},"excerpt":{"rendered":"<p>SHEEN OLIVE OIL Un elixir nutritivo para tu cabello. Nuestro Spray de Brillo con Aceite de Oliva est\u00e1 formulado para<\/p>\n","protected":false},"featured_media":90491,"comment_status":"open","ping_status":"closed","template":"","meta":{"nf_dc_page":""},"product_brand":[103],"product_cat":[85],"product_tag":[],"class_list":{"0":"post-90490","1":"product","2":"type-product","3":"status-publish","4":"has-post-thumbnail","6":"product_brand-cosmo","7":"product_cat-cosmeticos","9":"first","10":"instock","11":"shipping-taxable","12":"purchasable","13":"product-type-simple"},"_links":{"self":[{"href":"https:\/\/brandss.com.py\/index\/wp-json\/wp\/v2\/product\/90490","targetHints":{"allow":["GET"]}}],"collection":[{"href":"https:\/\/brandss.com.py\/index\/wp-json\/wp\/v2\/product"}],"about":[{"href":"https:\/\/brandss.com.py\/index\/wp-json\/wp\/v2\/types\/product"}],"replies":[{"embeddable":true,"href":"https:\/\/brandss.com.py\/index\/wp-json\/wp\/v2\/comments?post=90490"}],"version-history":[{"count":1,"href":"https:\/\/brandss.com.py\/index\/wp-json\/wp\/v2\/product\/90490\/revisions"}],"predecessor-version":[{"id":90492,"href":"https:\/\/brandss.com.py\/index\/wp-json\/wp\/v2\/product\/90490\/revisions\/90492"}],"wp:featuredmedia":[{"embeddable":true,"href":"https:\/\/brandss.com.py\/index\/wp-json\/wp\/v2\/media\/90491"}],"wp:attachment":[{"href":"https:\/\/brandss.com.py\/index\/wp-json\/wp\/v2\/media?parent=90490"}],"wp:term":[{"taxonomy":"product_brand","embeddable":true,"href":"https:\/\/brandss.com.py\/index\/wp-json\/wp\/v2\/product_brand?post=90490"},{"taxonomy":"product_cat","embeddable":true,"href":"https:\/\/brandss.com.py\/index\/wp-json\/wp\/v2\/product_cat?post=90490"},{"taxonomy":"product_tag","embeddable":true,"href":"https:\/\/brandss.com.py\/index\/wp-json\/wp\/v2\/product_tag?post=90490"}],"curies":[{"name":"wp","href":"https:\/\/api.w.org\/{rel}","templated":true}]}}