{"id":90499,"date":"2025-09-15T10:41:35","date_gmt":"2025-09-15T10:41:35","guid":{"rendered":"https:\/\/brandss.com.py\/index\/?post_type=product&#038;p=90499"},"modified":"2025-09-15T10:59:59","modified_gmt":"2025-09-15T10:59:59","slug":"shampoo-acondicionar-capilar-cosmo-moisture-boots-2-en-1-275ml","status":"publish","type":"product","link":"https:\/\/brandss.com.py\/index\/producto\/shampoo-acondicionar-capilar-cosmo-moisture-boots-2-en-1-275ml\/","title":{"rendered":"SHAMPOO &amp; ACONDICIONADOR CAPILAR COSMO MOISTURE BOOTS 2 EN 1 275ML"},"content":{"rendered":"<p><img loading=\"lazy\" decoding=\"async\" class=\"\" src=\"https:\/\/cosmocosmetics.ae\/cdn\/shop\/files\/logo-cosmo-regeister.png?v=1729761767&amp;width=340\" width=\"184\" height=\"39\" \/><\/p>\n<h1>MOISTURE BOOTS<\/h1>\n<p>Revitaliza tu cabello con nuestro champ\u00fa y acondicionador 2 en 1, especialmente formulado para brindar hidrataci\u00f3n intensa y mejorar la elasticidad. Este producto de doble acci\u00f3n hidrata, fortalece y revitaliza el cabello seco, quebradizo y opaco, dej\u00e1ndolo con una sensaci\u00f3n de frescura y vitalidad.<\/p>\n<h5><span dir=\"auto\">CARACTER\u00cdSTICAS<\/span><\/h5>\n<ul>\n<li><span dir=\"auto\">Hidrataci\u00f3n intensiva: Hidrata profundamente para combatir la sequedad y la fragilidad.<\/span><\/li>\n<li><span dir=\"auto\">Elasticidad mejorada: mejora la flexibilidad y resistencia del cabello.<\/span><\/li>\n<li><span dir=\"auto\">F\u00f3rmula revitalizante: restaura el brillo y la vitalidad del cabello opaco y sin vida.<\/span><\/li>\n<li><span dir=\"auto\">Pr\u00e1ctico 2 en 1: limpia y acondiciona en un solo y sencillo paso.<\/span><\/li>\n<\/ul>\n","protected":false},"excerpt":{"rendered":"<p>MOISTURE BOOTS Revitaliza tu cabello con nuestro champ\u00fa y acondicionador 2 en 1, especialmente formulado para brindar hidrataci\u00f3n intensa y<\/p>\n","protected":false},"featured_media":90500,"comment_status":"open","ping_status":"closed","template":"","meta":{"nf_dc_page":""},"product_brand":[103],"product_cat":[85],"product_tag":[],"class_list":{"0":"post-90499","1":"product","2":"type-product","3":"status-publish","4":"has-post-thumbnail","6":"product_brand-cosmo","7":"product_cat-cosmeticos","9":"first","10":"instock","11":"shipping-taxable","12":"purchasable","13":"product-type-simple"},"_links":{"self":[{"href":"https:\/\/brandss.com.py\/index\/wp-json\/wp\/v2\/product\/90499","targetHints":{"allow":["GET"]}}],"collection":[{"href":"https:\/\/brandss.com.py\/index\/wp-json\/wp\/v2\/product"}],"about":[{"href":"https:\/\/brandss.com.py\/index\/wp-json\/wp\/v2\/types\/product"}],"replies":[{"embeddable":true,"href":"https:\/\/brandss.com.py\/index\/wp-json\/wp\/v2\/comments?post=90499"}],"version-history":[{"count":2,"href":"https:\/\/brandss.com.py\/index\/wp-json\/wp\/v2\/product\/90499\/revisions"}],"predecessor-version":[{"id":90507,"href":"https:\/\/brandss.com.py\/index\/wp-json\/wp\/v2\/product\/90499\/revisions\/90507"}],"wp:featuredmedia":[{"embeddable":true,"href":"https:\/\/brandss.com.py\/index\/wp-json\/wp\/v2\/media\/90500"}],"wp:attachment":[{"href":"https:\/\/brandss.com.py\/index\/wp-json\/wp\/v2\/media?parent=90499"}],"wp:term":[{"taxonomy":"product_brand","embeddable":true,"href":"https:\/\/brandss.com.py\/index\/wp-json\/wp\/v2\/product_brand?post=90499"},{"taxonomy":"product_cat","embeddable":true,"href":"https:\/\/brandss.com.py\/index\/wp-json\/wp\/v2\/product_cat?post=90499"},{"taxonomy":"product_tag","embeddable":true,"href":"https:\/\/brandss.com.py\/index\/wp-json\/wp\/v2\/product_tag?post=90499"}],"curies":[{"name":"wp","href":"https:\/\/api.w.org\/{rel}","templated":true}]}}