{"id":90502,"date":"2025-09-15T10:50:45","date_gmt":"2025-09-15T10:50:45","guid":{"rendered":"https:\/\/brandss.com.py\/index\/?post_type=product&#038;p=90502"},"modified":"2025-09-15T11:00:16","modified_gmt":"2025-09-15T11:00:16","slug":"shampoo-acondicionar-capilar-cosmo-repair-resque-2-en-1-275ml","status":"publish","type":"product","link":"https:\/\/brandss.com.py\/index\/producto\/shampoo-acondicionar-capilar-cosmo-repair-resque-2-en-1-275ml\/","title":{"rendered":"SHAMPOO &amp; ACONDICIONADOR CAPILAR COSMO REPAIR &amp; RESQUE 2 EN 1 275ML"},"content":{"rendered":"<p><img loading=\"lazy\" decoding=\"async\" class=\"\" src=\"https:\/\/cosmocosmetics.ae\/cdn\/shop\/files\/logo-cosmo-regeister.png?v=1729761767&amp;width=340\" width=\"179\" height=\"38\" \/><\/p>\n<h1>REPAIR &amp; RESQUE<\/h1>\n<p>Revitaliza tu cabello con nuestro champ\u00fa y acondicionador 2 en 1, dise\u00f1ado para reparar y fortalecer el cabello da\u00f1ado y fr\u00e1gil. Esta f\u00f3rmula de doble acci\u00f3n fortalece el cabello, aumenta su resistencia y lo protege contra futuros da\u00f1os, dej\u00e1ndolo con un aspecto m\u00e1s saludable y vibrante.<\/p>\n<h5><span dir=\"auto\">CARACTER\u00cdSTICAS<\/span><\/h5>\n<ul>\n<li><span dir=\"auto\">Repara y fortalece el cabello da\u00f1ado.<\/span><\/li>\n<li><span dir=\"auto\">Mejora la resistencia del cabello y previene da\u00f1os futuros.<\/span><\/li>\n<li><span dir=\"auto\">Nutre y fortalece el cabello fr\u00e1gil.<\/span><\/li>\n<li><span dir=\"auto\">Proporciona champ\u00fa y acondicionador en un solo paso.<\/span><\/li>\n<\/ul>\n","protected":false},"excerpt":{"rendered":"<p>REPAIR &amp; RESQUE Revitaliza tu cabello con nuestro champ\u00fa y acondicionador 2 en 1, dise\u00f1ado para reparar y fortalecer el<\/p>\n","protected":false},"featured_media":90503,"comment_status":"open","ping_status":"closed","template":"","meta":{"nf_dc_page":""},"product_brand":[103],"product_cat":[85],"product_tag":[],"class_list":{"0":"post-90502","1":"product","2":"type-product","3":"status-publish","4":"has-post-thumbnail","6":"product_brand-cosmo","7":"product_cat-cosmeticos","9":"first","10":"instock","11":"shipping-taxable","12":"purchasable","13":"product-type-simple"},"_links":{"self":[{"href":"https:\/\/brandss.com.py\/index\/wp-json\/wp\/v2\/product\/90502","targetHints":{"allow":["GET"]}}],"collection":[{"href":"https:\/\/brandss.com.py\/index\/wp-json\/wp\/v2\/product"}],"about":[{"href":"https:\/\/brandss.com.py\/index\/wp-json\/wp\/v2\/types\/product"}],"replies":[{"embeddable":true,"href":"https:\/\/brandss.com.py\/index\/wp-json\/wp\/v2\/comments?post=90502"}],"version-history":[{"count":2,"href":"https:\/\/brandss.com.py\/index\/wp-json\/wp\/v2\/product\/90502\/revisions"}],"predecessor-version":[{"id":90508,"href":"https:\/\/brandss.com.py\/index\/wp-json\/wp\/v2\/product\/90502\/revisions\/90508"}],"wp:featuredmedia":[{"embeddable":true,"href":"https:\/\/brandss.com.py\/index\/wp-json\/wp\/v2\/media\/90503"}],"wp:attachment":[{"href":"https:\/\/brandss.com.py\/index\/wp-json\/wp\/v2\/media?parent=90502"}],"wp:term":[{"taxonomy":"product_brand","embeddable":true,"href":"https:\/\/brandss.com.py\/index\/wp-json\/wp\/v2\/product_brand?post=90502"},{"taxonomy":"product_cat","embeddable":true,"href":"https:\/\/brandss.com.py\/index\/wp-json\/wp\/v2\/product_cat?post=90502"},{"taxonomy":"product_tag","embeddable":true,"href":"https:\/\/brandss.com.py\/index\/wp-json\/wp\/v2\/product_tag?post=90502"}],"curies":[{"name":"wp","href":"https:\/\/api.w.org\/{rel}","templated":true}]}}