{"id":90529,"date":"2025-09-15T11:56:04","date_gmt":"2025-09-15T11:56:04","guid":{"rendered":"https:\/\/brandss.com.py\/index\/?post_type=product&#038;p=90529"},"modified":"2025-09-15T11:57:49","modified_gmt":"2025-09-15T11:57:49","slug":"mascarilla-facial-cosmo-one-minute-cryo-jelly-100ml","status":"publish","type":"product","link":"https:\/\/brandss.com.py\/index\/producto\/mascarilla-facial-cosmo-one-minute-cryo-jelly-100ml\/","title":{"rendered":"MASCARILLA FACIAL COSMO ONE MINUTE CRYO JELLY 100ML"},"content":{"rendered":"<p><img loading=\"lazy\" decoding=\"async\" class=\"\" src=\"https:\/\/cosmocosmetics.ae\/cdn\/shop\/files\/logo-cosmo-regeister.png?v=1729761767&amp;width=340\" width=\"185\" height=\"39\" \/><\/p>\n<h1>ONE MINUTE CRYO JELLY<\/h1>\n<p>Esta crio-mascarilla refrescante \u00fanica, enriquecida con agua de rosas, \u00e1cido hialur\u00f3nico y extracto de reina de los prados, proporciona una dosis instant\u00e1nea de frescura a la piel cansada y apagada. En tan solo un minuto, revitaliza, mejora la elasticidad de la piel e ilumina la tez, dej\u00e1ndola radiante y fresca.<\/p>\n<h5><span dir=\"auto\">CARACTER\u00cdSTICAS<\/span><\/h5>\n<ul>\n<li><span dir=\"auto\">Mascarilla criog\u00e9nica refrescante para un frescor instant\u00e1neo de la piel.<\/span><\/li>\n<li><span dir=\"auto\">Formulado con agua de rosas para efectos revitalizantes.<\/span><\/li>\n<li><span dir=\"auto\">El \u00e1cido hialur\u00f3nico aumenta la hidrataci\u00f3n y mejora la elasticidad.<\/span><\/li>\n<li><span dir=\"auto\">Ilumina el tono de la piel para un brillo radiante inmediato.<\/span><\/li>\n<\/ul>\n","protected":false},"excerpt":{"rendered":"<p>ONE MINUTE CRYO JELLY Esta crio-mascarilla refrescante \u00fanica, enriquecida con agua de rosas, \u00e1cido hialur\u00f3nico y extracto de reina de<\/p>\n","protected":false},"featured_media":90530,"comment_status":"open","ping_status":"closed","template":"","meta":{"nf_dc_page":""},"product_brand":[103],"product_cat":[104],"product_tag":[],"class_list":{"0":"post-90529","1":"product","2":"type-product","3":"status-publish","4":"has-post-thumbnail","6":"product_brand-cosmo","7":"product_cat-skin-care","9":"first","10":"instock","11":"shipping-taxable","12":"purchasable","13":"product-type-simple"},"_links":{"self":[{"href":"https:\/\/brandss.com.py\/index\/wp-json\/wp\/v2\/product\/90529","targetHints":{"allow":["GET"]}}],"collection":[{"href":"https:\/\/brandss.com.py\/index\/wp-json\/wp\/v2\/product"}],"about":[{"href":"https:\/\/brandss.com.py\/index\/wp-json\/wp\/v2\/types\/product"}],"replies":[{"embeddable":true,"href":"https:\/\/brandss.com.py\/index\/wp-json\/wp\/v2\/comments?post=90529"}],"version-history":[{"count":1,"href":"https:\/\/brandss.com.py\/index\/wp-json\/wp\/v2\/product\/90529\/revisions"}],"predecessor-version":[{"id":90532,"href":"https:\/\/brandss.com.py\/index\/wp-json\/wp\/v2\/product\/90529\/revisions\/90532"}],"wp:featuredmedia":[{"embeddable":true,"href":"https:\/\/brandss.com.py\/index\/wp-json\/wp\/v2\/media\/90530"}],"wp:attachment":[{"href":"https:\/\/brandss.com.py\/index\/wp-json\/wp\/v2\/media?parent=90529"}],"wp:term":[{"taxonomy":"product_brand","embeddable":true,"href":"https:\/\/brandss.com.py\/index\/wp-json\/wp\/v2\/product_brand?post=90529"},{"taxonomy":"product_cat","embeddable":true,"href":"https:\/\/brandss.com.py\/index\/wp-json\/wp\/v2\/product_cat?post=90529"},{"taxonomy":"product_tag","embeddable":true,"href":"https:\/\/brandss.com.py\/index\/wp-json\/wp\/v2\/product_tag?post=90529"}],"curies":[{"name":"wp","href":"https:\/\/api.w.org\/{rel}","templated":true}]}}