{"id":90534,"date":"2025-09-15T12:23:30","date_gmt":"2025-09-15T12:23:30","guid":{"rendered":"https:\/\/brandss.com.py\/index\/?post_type=product&#038;p=90534"},"modified":"2025-09-15T12:24:08","modified_gmt":"2025-09-15T12:24:08","slug":"antitranspirante-cosmo-whitening-roll-on-pink-blossom-50ml","status":"publish","type":"product","link":"https:\/\/brandss.com.py\/index\/producto\/antitranspirante-cosmo-whitening-roll-on-pink-blossom-50ml\/","title":{"rendered":"ANTITRANSPIRANTE COSMO WHITENING ROLL ON PINK BLOSSOM 50ML"},"content":{"rendered":"<p><img loading=\"lazy\" decoding=\"async\" class=\"\" src=\"https:\/\/cosmocosmetics.ae\/cdn\/shop\/files\/logo-cosmo-regeister.png?v=1729761767&amp;width=340\" width=\"137\" height=\"29\" \/><\/p>\n<h1>WHITENING ROLL ON PINK BLOSSOM<\/h1>\n<p>Del\u00e9itate con el delicado aroma del desodorante roll-on blanqueador Pink Blossom, que ofrece hasta 48 horas de protecci\u00f3n contra el sudor y el mal olor, a la vez que ilumina visiblemente tus axilas. Su f\u00f3rmula floral es suave con la piel sensible, no contiene alcohol y previene las manchas en la ropa. Disfruta de unas axilas suaves y radiantes durante todo el d\u00eda.<\/p>\n<h5><span dir=\"auto\">CARACTER\u00cdSTICAS<\/span><\/h5>\n<ul>\n<li><span dir=\"auto\">Proporciona hasta 48 horas de protecci\u00f3n potente.<\/span><\/li>\n<li><span dir=\"auto\">Aclara y aclara visiblemente las axilas.<\/span><\/li>\n<li><span dir=\"auto\">Suave con pieles sensibles y libre de alcohol.<\/span><\/li>\n<li><span dir=\"auto\">Previene las manchas en la ropa, garantizando un acabado limpio.<\/span><\/li>\n<\/ul>\n","protected":false},"excerpt":{"rendered":"<p>WHITENING ROLL ON PINK BLOSSOM Del\u00e9itate con el delicado aroma del desodorante roll-on blanqueador Pink Blossom, que ofrece hasta 48<\/p>\n","protected":false},"featured_media":90535,"comment_status":"open","ping_status":"closed","template":"","meta":{"nf_dc_page":""},"product_brand":[103],"product_cat":[94],"product_tag":[],"class_list":{"0":"post-90534","1":"product","2":"type-product","3":"status-publish","4":"has-post-thumbnail","6":"product_brand-cosmo","7":"product_cat-higiene-personal","9":"first","10":"instock","11":"shipping-taxable","12":"purchasable","13":"product-type-simple"},"_links":{"self":[{"href":"https:\/\/brandss.com.py\/index\/wp-json\/wp\/v2\/product\/90534","targetHints":{"allow":["GET"]}}],"collection":[{"href":"https:\/\/brandss.com.py\/index\/wp-json\/wp\/v2\/product"}],"about":[{"href":"https:\/\/brandss.com.py\/index\/wp-json\/wp\/v2\/types\/product"}],"replies":[{"embeddable":true,"href":"https:\/\/brandss.com.py\/index\/wp-json\/wp\/v2\/comments?post=90534"}],"version-history":[{"count":1,"href":"https:\/\/brandss.com.py\/index\/wp-json\/wp\/v2\/product\/90534\/revisions"}],"predecessor-version":[{"id":90536,"href":"https:\/\/brandss.com.py\/index\/wp-json\/wp\/v2\/product\/90534\/revisions\/90536"}],"wp:featuredmedia":[{"embeddable":true,"href":"https:\/\/brandss.com.py\/index\/wp-json\/wp\/v2\/media\/90535"}],"wp:attachment":[{"href":"https:\/\/brandss.com.py\/index\/wp-json\/wp\/v2\/media?parent=90534"}],"wp:term":[{"taxonomy":"product_brand","embeddable":true,"href":"https:\/\/brandss.com.py\/index\/wp-json\/wp\/v2\/product_brand?post=90534"},{"taxonomy":"product_cat","embeddable":true,"href":"https:\/\/brandss.com.py\/index\/wp-json\/wp\/v2\/product_cat?post=90534"},{"taxonomy":"product_tag","embeddable":true,"href":"https:\/\/brandss.com.py\/index\/wp-json\/wp\/v2\/product_tag?post=90534"}],"curies":[{"name":"wp","href":"https:\/\/api.w.org\/{rel}","templated":true}]}}