{"id":90540,"date":"2025-09-15T12:37:52","date_gmt":"2025-09-15T12:37:52","guid":{"rendered":"https:\/\/brandss.com.py\/index\/?post_type=product&#038;p=90540"},"modified":"2025-09-15T12:38:28","modified_gmt":"2025-09-15T12:38:28","slug":"antitranspirante-cosmo-whitening-roll-on-fresh-breeze-50ml","status":"publish","type":"product","link":"https:\/\/brandss.com.py\/index\/producto\/antitranspirante-cosmo-whitening-roll-on-fresh-breeze-50ml\/","title":{"rendered":"ANTITRANSPIRANTE COSMO WHITENING ROLL ON FRESH BREEZE 50ML"},"content":{"rendered":"<p><img loading=\"lazy\" decoding=\"async\" class=\"\" src=\"https:\/\/cosmocosmetics.ae\/cdn\/shop\/files\/logo-cosmo-regeister.png?v=1729761767&amp;width=340\" width=\"165\" height=\"35\" \/><\/p>\n<h1>FRESH BREEZE<\/h1>\n<p>Disfruta de la refrescante sensaci\u00f3n del desodorante roll-on Fresh Breeze Whitening, que te ofrece hasta 48 horas de protecci\u00f3n contra el sudor y el mal olor, a la vez que aclara visiblemente tus axilas. Su f\u00f3rmula fresca y revitalizante es suave con la piel sensible, no contiene alcohol y previene las manchas en la ropa. Disfruta de una frescura que dura todo el d\u00eda con axilas suaves y radiantes.<\/p>\n<h5><span dir=\"auto\">CARACTER\u00cdSTICAS<\/span><\/h5>\n<ul>\n<li><span dir=\"auto\">Proporciona hasta 48 horas de protecci\u00f3n potente.<\/span><\/li>\n<li><span dir=\"auto\">Aclara y aclara visiblemente las axilas.<\/span><\/li>\n<li><span dir=\"auto\">Suave con pieles sensibles y libre de alcohol.<\/span><\/li>\n<li><span dir=\"auto\">Previene las manchas en la ropa, garantizando un acabado limpio.<\/span><\/li>\n<\/ul>\n","protected":false},"excerpt":{"rendered":"<p>FRESH BREEZE Disfruta de la refrescante sensaci\u00f3n del desodorante roll-on Fresh Breeze Whitening, que te ofrece hasta 48 horas de<\/p>\n","protected":false},"featured_media":90541,"comment_status":"open","ping_status":"closed","template":"","meta":{"nf_dc_page":""},"product_brand":[103],"product_cat":[94],"product_tag":[],"class_list":{"0":"post-90540","1":"product","2":"type-product","3":"status-publish","4":"has-post-thumbnail","6":"product_brand-cosmo","7":"product_cat-higiene-personal","9":"first","10":"instock","11":"shipping-taxable","12":"purchasable","13":"product-type-simple"},"_links":{"self":[{"href":"https:\/\/brandss.com.py\/index\/wp-json\/wp\/v2\/product\/90540","targetHints":{"allow":["GET"]}}],"collection":[{"href":"https:\/\/brandss.com.py\/index\/wp-json\/wp\/v2\/product"}],"about":[{"href":"https:\/\/brandss.com.py\/index\/wp-json\/wp\/v2\/types\/product"}],"replies":[{"embeddable":true,"href":"https:\/\/brandss.com.py\/index\/wp-json\/wp\/v2\/comments?post=90540"}],"version-history":[{"count":1,"href":"https:\/\/brandss.com.py\/index\/wp-json\/wp\/v2\/product\/90540\/revisions"}],"predecessor-version":[{"id":90542,"href":"https:\/\/brandss.com.py\/index\/wp-json\/wp\/v2\/product\/90540\/revisions\/90542"}],"wp:featuredmedia":[{"embeddable":true,"href":"https:\/\/brandss.com.py\/index\/wp-json\/wp\/v2\/media\/90541"}],"wp:attachment":[{"href":"https:\/\/brandss.com.py\/index\/wp-json\/wp\/v2\/media?parent=90540"}],"wp:term":[{"taxonomy":"product_brand","embeddable":true,"href":"https:\/\/brandss.com.py\/index\/wp-json\/wp\/v2\/product_brand?post=90540"},{"taxonomy":"product_cat","embeddable":true,"href":"https:\/\/brandss.com.py\/index\/wp-json\/wp\/v2\/product_cat?post=90540"},{"taxonomy":"product_tag","embeddable":true,"href":"https:\/\/brandss.com.py\/index\/wp-json\/wp\/v2\/product_tag?post=90540"}],"curies":[{"name":"wp","href":"https:\/\/api.w.org\/{rel}","templated":true}]}}