{"id":90543,"date":"2025-09-15T12:44:16","date_gmt":"2025-09-15T12:44:16","guid":{"rendered":"https:\/\/brandss.com.py\/index\/?post_type=product&#038;p=90543"},"modified":"2025-09-15T12:44:49","modified_gmt":"2025-09-15T12:44:49","slug":"antitranspirante-cosmo-whitening-roll-on-pure-elegance-50ml","status":"publish","type":"product","link":"https:\/\/brandss.com.py\/index\/producto\/antitranspirante-cosmo-whitening-roll-on-pure-elegance-50ml\/","title":{"rendered":"ANTITRANSPIRANTE COSMO WHITENING ROLL ON PURE ELEGANCE 50ML"},"content":{"rendered":"<p><img loading=\"lazy\" decoding=\"async\" class=\"\" src=\"https:\/\/cosmocosmetics.ae\/cdn\/shop\/files\/logo-cosmo-regeister.png?v=1729761767&amp;width=340\" width=\"175\" height=\"37\" \/><\/p>\n<h1>WHITENING ROLL ON PURE ELEGANCE<\/h1>\n<p>Consi\u00e9ntete con la sofisticaci\u00f3n del desodorante roll-on blanqueador Pure Elegance, que te brinda hasta 48 horas de protecci\u00f3n contra el sudor y el mal olor, a la vez que realza la luminosidad de tus axilas. Esta lujosa f\u00f3rmula es suave con la piel sensible, no contiene alcohol y previene las manchas en la ropa. Luce una elegancia que dura todo el d\u00eda con axilas suaves e iluminadas.<\/p>\n<h5><span dir=\"auto\">CARACTER\u00cdSTICAS<\/span><\/h5>\n<ul>\n<li><span dir=\"auto\">Proporciona hasta 48 horas de protecci\u00f3n potente.<\/span><\/li>\n<li><span dir=\"auto\">Aclara y aclara visiblemente las axilas.<\/span><\/li>\n<li><span dir=\"auto\">Suave con pieles sensibles y libre de alcohol.<\/span><\/li>\n<li><span dir=\"auto\">Previene las manchas en la ropa, garantizando un acabado limpio.<\/span><\/li>\n<\/ul>\n","protected":false},"excerpt":{"rendered":"<p>WHITENING ROLL ON PURE ELEGANCE Consi\u00e9ntete con la sofisticaci\u00f3n del desodorante roll-on blanqueador Pure Elegance, que te brinda hasta 48<\/p>\n","protected":false},"featured_media":90544,"comment_status":"open","ping_status":"closed","template":"","meta":{"nf_dc_page":""},"product_brand":[103],"product_cat":[94],"product_tag":[],"class_list":{"0":"post-90543","1":"product","2":"type-product","3":"status-publish","4":"has-post-thumbnail","6":"product_brand-cosmo","7":"product_cat-higiene-personal","9":"first","10":"instock","11":"shipping-taxable","12":"purchasable","13":"product-type-simple"},"_links":{"self":[{"href":"https:\/\/brandss.com.py\/index\/wp-json\/wp\/v2\/product\/90543","targetHints":{"allow":["GET"]}}],"collection":[{"href":"https:\/\/brandss.com.py\/index\/wp-json\/wp\/v2\/product"}],"about":[{"href":"https:\/\/brandss.com.py\/index\/wp-json\/wp\/v2\/types\/product"}],"replies":[{"embeddable":true,"href":"https:\/\/brandss.com.py\/index\/wp-json\/wp\/v2\/comments?post=90543"}],"version-history":[{"count":1,"href":"https:\/\/brandss.com.py\/index\/wp-json\/wp\/v2\/product\/90543\/revisions"}],"predecessor-version":[{"id":90545,"href":"https:\/\/brandss.com.py\/index\/wp-json\/wp\/v2\/product\/90543\/revisions\/90545"}],"wp:featuredmedia":[{"embeddable":true,"href":"https:\/\/brandss.com.py\/index\/wp-json\/wp\/v2\/media\/90544"}],"wp:attachment":[{"href":"https:\/\/brandss.com.py\/index\/wp-json\/wp\/v2\/media?parent=90543"}],"wp:term":[{"taxonomy":"product_brand","embeddable":true,"href":"https:\/\/brandss.com.py\/index\/wp-json\/wp\/v2\/product_brand?post=90543"},{"taxonomy":"product_cat","embeddable":true,"href":"https:\/\/brandss.com.py\/index\/wp-json\/wp\/v2\/product_cat?post=90543"},{"taxonomy":"product_tag","embeddable":true,"href":"https:\/\/brandss.com.py\/index\/wp-json\/wp\/v2\/product_tag?post=90543"}],"curies":[{"name":"wp","href":"https:\/\/api.w.org\/{rel}","templated":true}]}}