{"id":90549,"date":"2025-09-15T13:00:47","date_gmt":"2025-09-15T13:00:47","guid":{"rendered":"https:\/\/brandss.com.py\/index\/?post_type=product&#038;p=90549"},"modified":"2025-09-15T13:17:46","modified_gmt":"2025-09-15T13:17:46","slug":"antitranspirante-cosmo-quick-dry-roll-on-clean-comfort-60ml","status":"publish","type":"product","link":"https:\/\/brandss.com.py\/index\/producto\/antitranspirante-cosmo-quick-dry-roll-on-clean-comfort-60ml\/","title":{"rendered":"ANTITRANSPIRANTE COSMO QUICK DRY ROLL ON CLEAN COMFORT 60ML"},"content":{"rendered":"<p><img loading=\"lazy\" decoding=\"async\" class=\"\" src=\"https:\/\/cosmocosmetics.ae\/cdn\/shop\/files\/logo-cosmo-regeister.png?v=1729761767&amp;width=340\" width=\"184\" height=\"39\" \/><\/p>\n<h1>QUICK DRY ROLL ON CLEAN COMFORT<\/h1>\n<p>Experimenta una comodidad relajante con el antitranspirante Clean Comfort, que ofrece protecci\u00f3n avanzada contra el sudor y el mal olor hasta por 48 horas. Su f\u00f3rmula antibacteriana de secado r\u00e1pido te mantiene fresco y seco. Presentado en un elegante frasco de vidrio de 60 ml, aporta calma y comodidad durante todo el d\u00eda a tu rutina con su suave aroma relajante.<\/p>\n<h5><span dir=\"auto\">CARACTER\u00cdSTICAS<\/span><\/h5>\n<ul>\n<li><span dir=\"auto\">Proporciona hasta 48 horas de protecci\u00f3n contra el sudor y el olor.<\/span><\/li>\n<li><span dir=\"auto\">F\u00f3rmula de secado r\u00e1pido con cuidado antibacteriano.<\/span><\/li>\n<li><span dir=\"auto\">Suave para la piel, con muchas variantes sin alcohol.<\/span><\/li>\n<li><span dir=\"auto\">Te mantiene fresco, seco y seguro durante todo el d\u00eda.<\/span><\/li>\n<\/ul>\n","protected":false},"excerpt":{"rendered":"<p>QUICK DRY ROLL ON CLEAN COMFORT Experimenta una comodidad relajante con el antitranspirante Clean Comfort, que ofrece protecci\u00f3n avanzada contra<\/p>\n","protected":false},"featured_media":90550,"comment_status":"open","ping_status":"closed","template":"","meta":{"nf_dc_page":""},"product_brand":[103],"product_cat":[94],"product_tag":[],"class_list":{"0":"post-90549","1":"product","2":"type-product","3":"status-publish","4":"has-post-thumbnail","6":"product_brand-cosmo","7":"product_cat-higiene-personal","9":"first","10":"instock","11":"shipping-taxable","12":"purchasable","13":"product-type-simple"},"_links":{"self":[{"href":"https:\/\/brandss.com.py\/index\/wp-json\/wp\/v2\/product\/90549","targetHints":{"allow":["GET"]}}],"collection":[{"href":"https:\/\/brandss.com.py\/index\/wp-json\/wp\/v2\/product"}],"about":[{"href":"https:\/\/brandss.com.py\/index\/wp-json\/wp\/v2\/types\/product"}],"replies":[{"embeddable":true,"href":"https:\/\/brandss.com.py\/index\/wp-json\/wp\/v2\/comments?post=90549"}],"version-history":[{"count":2,"href":"https:\/\/brandss.com.py\/index\/wp-json\/wp\/v2\/product\/90549\/revisions"}],"predecessor-version":[{"id":90552,"href":"https:\/\/brandss.com.py\/index\/wp-json\/wp\/v2\/product\/90549\/revisions\/90552"}],"wp:featuredmedia":[{"embeddable":true,"href":"https:\/\/brandss.com.py\/index\/wp-json\/wp\/v2\/media\/90550"}],"wp:attachment":[{"href":"https:\/\/brandss.com.py\/index\/wp-json\/wp\/v2\/media?parent=90549"}],"wp:term":[{"taxonomy":"product_brand","embeddable":true,"href":"https:\/\/brandss.com.py\/index\/wp-json\/wp\/v2\/product_brand?post=90549"},{"taxonomy":"product_cat","embeddable":true,"href":"https:\/\/brandss.com.py\/index\/wp-json\/wp\/v2\/product_cat?post=90549"},{"taxonomy":"product_tag","embeddable":true,"href":"https:\/\/brandss.com.py\/index\/wp-json\/wp\/v2\/product_tag?post=90549"}],"curies":[{"name":"wp","href":"https:\/\/api.w.org\/{rel}","templated":true}]}}