{"id":90556,"date":"2025-09-15T13:51:43","date_gmt":"2025-09-15T13:51:43","guid":{"rendered":"https:\/\/brandss.com.py\/index\/?post_type=product&#038;p=90556"},"modified":"2025-10-29T13:49:13","modified_gmt":"2025-10-29T13:49:13","slug":"locion-corporal-cosmo-urea-repair-316ml","status":"publish","type":"product","link":"https:\/\/brandss.com.py\/index\/producto\/locion-corporal-cosmo-urea-repair-316ml\/","title":{"rendered":"LOCI\u00d3N CORPORAL COSMO UREA REPAIR 316ML"},"content":{"rendered":"<p><img loading=\"lazy\" decoding=\"async\" class=\"\" src=\"https:\/\/cosmocosmetics.ae\/cdn\/shop\/files\/logo-cosmo-regeister.png?v=1729761767&amp;width=340\" width=\"165\" height=\"35\" \/><\/p>\n<h1>UREA REPAIR<\/h1>\n<p>Nuestra Loci\u00f3n Reparadora de Urea proporciona un cuidado intensivo para la piel extremadamente seca y \u00e1spera. Formulada con un 10 % de urea, ofrece alivio inmediato de la sequedad, hidratando profundamente y ayudando a restaurar el equilibrio de hidrataci\u00f3n natural de la piel. Esta loci\u00f3n de r\u00e1pida absorci\u00f3n alivia la irritaci\u00f3n, suaviza las zonas \u00e1speras y retiene la hidrataci\u00f3n para una comodidad duradera. Perfecta para uso diario, deja la piel suave, tersa y nutrida.<\/p>\n<h5><span dir=\"auto\">CARACTER\u00cdSTICAS<\/span><\/h5>\n<ul>\n<li><span dir=\"auto\">Contiene 10% de urea para una hidrataci\u00f3n intensa.<\/span><\/li>\n<li><span dir=\"auto\">Alivia la sequedad extrema y suaviza la piel \u00e1spera.<\/span><\/li>\n<li><span dir=\"auto\">F\u00f3rmula no grasa de r\u00e1pida absorci\u00f3n.<\/span><\/li>\n<li><span dir=\"auto\">Proporciona hidrataci\u00f3n duradera para una piel suave y flexible.<\/span><\/li>\n<\/ul>\n","protected":false},"excerpt":{"rendered":"<p>UREA REPAIR Nuestra Loci\u00f3n Reparadora de Urea proporciona un cuidado intensivo para la piel extremadamente seca y \u00e1spera. Formulada con<\/p>\n","protected":false},"featured_media":90557,"comment_status":"open","ping_status":"closed","template":"","meta":{"nf_dc_page":""},"product_brand":[103],"product_cat":[85],"product_tag":[1166],"class_list":{"0":"post-90556","1":"product","2":"type-product","3":"status-publish","4":"has-post-thumbnail","6":"product_brand-cosmo","7":"product_cat-cosmeticos","8":"product_tag-1166","10":"first","11":"outofstock","12":"shipping-taxable","13":"purchasable","14":"product-type-simple"},"_links":{"self":[{"href":"https:\/\/brandss.com.py\/index\/wp-json\/wp\/v2\/product\/90556","targetHints":{"allow":["GET"]}}],"collection":[{"href":"https:\/\/brandss.com.py\/index\/wp-json\/wp\/v2\/product"}],"about":[{"href":"https:\/\/brandss.com.py\/index\/wp-json\/wp\/v2\/types\/product"}],"replies":[{"embeddable":true,"href":"https:\/\/brandss.com.py\/index\/wp-json\/wp\/v2\/comments?post=90556"}],"version-history":[{"count":1,"href":"https:\/\/brandss.com.py\/index\/wp-json\/wp\/v2\/product\/90556\/revisions"}],"predecessor-version":[{"id":90558,"href":"https:\/\/brandss.com.py\/index\/wp-json\/wp\/v2\/product\/90556\/revisions\/90558"}],"wp:featuredmedia":[{"embeddable":true,"href":"https:\/\/brandss.com.py\/index\/wp-json\/wp\/v2\/media\/90557"}],"wp:attachment":[{"href":"https:\/\/brandss.com.py\/index\/wp-json\/wp\/v2\/media?parent=90556"}],"wp:term":[{"taxonomy":"product_brand","embeddable":true,"href":"https:\/\/brandss.com.py\/index\/wp-json\/wp\/v2\/product_brand?post=90556"},{"taxonomy":"product_cat","embeddable":true,"href":"https:\/\/brandss.com.py\/index\/wp-json\/wp\/v2\/product_cat?post=90556"},{"taxonomy":"product_tag","embeddable":true,"href":"https:\/\/brandss.com.py\/index\/wp-json\/wp\/v2\/product_tag?post=90556"}],"curies":[{"name":"wp","href":"https:\/\/api.w.org\/{rel}","templated":true}]}}