{"id":90570,"date":"2025-09-15T16:39:39","date_gmt":"2025-09-15T16:39:39","guid":{"rendered":"https:\/\/brandss.com.py\/index\/?post_type=product&#038;p=90570"},"modified":"2025-09-15T16:40:32","modified_gmt":"2025-09-15T16:40:32","slug":"crema-facial-cosmo-arabica-coffee-125ml","status":"publish","type":"product","link":"https:\/\/brandss.com.py\/index\/producto\/crema-facial-cosmo-arabica-coffee-125ml\/","title":{"rendered":"CREMA FACIAL COSMO ARABICA COFFEE 125ML"},"content":{"rendered":"<p><img loading=\"lazy\" decoding=\"async\" class=\"\" src=\"https:\/\/cosmocosmetics.ae\/cdn\/shop\/files\/logo-cosmo-regeister.png?v=1729761767&amp;width=340\" width=\"142\" height=\"30\" \/><\/p>\n<h1>ARABICA COFFEE<\/h1>\n<p>Esta lujosa crema facial combina el poder del extracto de caf\u00e9 ar\u00e1bico para brindar una experiencia de hidrataci\u00f3n intensa, a la vez que mejora visiblemente la firmeza y elasticidad de la piel. Enriquecido con antioxidantes, el extracto de caf\u00e9 ayuda a rejuvenecer la piel con aspecto cansado, reducir la hinchaz\u00f3n y atenuar las ojeras. Sus propiedades de hidrataci\u00f3n profunda nutren la piel, dej\u00e1ndola con un aspecto joven y revitalizado. Perfecta para uso diario, esta crema tambi\u00e9n tonifica y suaviza la piel, dej\u00e1ndola firme y radiante.<\/p>\n<h5><span dir=\"auto\">CARACTER\u00cdSTICAS<\/span><\/h5>\n<ul>\n<li><span dir=\"auto\">Reafirma y tonifica visiblemente la piel para una apariencia juvenil.<\/span><\/li>\n<li><span dir=\"auto\">Reduce la hinchaz\u00f3n y aclara las ojeras.<\/span><\/li>\n<li><span dir=\"auto\">Hidrata profundamente para una piel m\u00e1s suave y flexible.<\/span><\/li>\n<li><span dir=\"auto\">Contiene extracto de caf\u00e9 ar\u00e1bico rico en antioxidantes.<\/span><\/li>\n<\/ul>\n","protected":false},"excerpt":{"rendered":"<p>ARABICA COFFEE Esta lujosa crema facial combina el poder del extracto de caf\u00e9 ar\u00e1bico para brindar una experiencia de hidrataci\u00f3n<\/p>\n","protected":false},"featured_media":90571,"comment_status":"open","ping_status":"closed","template":"","meta":{"nf_dc_page":""},"product_brand":[103],"product_cat":[104],"product_tag":[],"class_list":{"0":"post-90570","1":"product","2":"type-product","3":"status-publish","4":"has-post-thumbnail","6":"product_brand-cosmo","7":"product_cat-skin-care","9":"first","10":"instock","11":"shipping-taxable","12":"purchasable","13":"product-type-simple"},"_links":{"self":[{"href":"https:\/\/brandss.com.py\/index\/wp-json\/wp\/v2\/product\/90570","targetHints":{"allow":["GET"]}}],"collection":[{"href":"https:\/\/brandss.com.py\/index\/wp-json\/wp\/v2\/product"}],"about":[{"href":"https:\/\/brandss.com.py\/index\/wp-json\/wp\/v2\/types\/product"}],"replies":[{"embeddable":true,"href":"https:\/\/brandss.com.py\/index\/wp-json\/wp\/v2\/comments?post=90570"}],"version-history":[{"count":1,"href":"https:\/\/brandss.com.py\/index\/wp-json\/wp\/v2\/product\/90570\/revisions"}],"predecessor-version":[{"id":90573,"href":"https:\/\/brandss.com.py\/index\/wp-json\/wp\/v2\/product\/90570\/revisions\/90573"}],"wp:featuredmedia":[{"embeddable":true,"href":"https:\/\/brandss.com.py\/index\/wp-json\/wp\/v2\/media\/90571"}],"wp:attachment":[{"href":"https:\/\/brandss.com.py\/index\/wp-json\/wp\/v2\/media?parent=90570"}],"wp:term":[{"taxonomy":"product_brand","embeddable":true,"href":"https:\/\/brandss.com.py\/index\/wp-json\/wp\/v2\/product_brand?post=90570"},{"taxonomy":"product_cat","embeddable":true,"href":"https:\/\/brandss.com.py\/index\/wp-json\/wp\/v2\/product_cat?post=90570"},{"taxonomy":"product_tag","embeddable":true,"href":"https:\/\/brandss.com.py\/index\/wp-json\/wp\/v2\/product_tag?post=90570"}],"curies":[{"name":"wp","href":"https:\/\/api.w.org\/{rel}","templated":true}]}}