{"id":90574,"date":"2025-09-15T17:36:47","date_gmt":"2025-09-15T17:36:47","guid":{"rendered":"https:\/\/brandss.com.py\/index\/?post_type=product&#038;p=90574"},"modified":"2025-09-15T17:38:13","modified_gmt":"2025-09-15T17:38:13","slug":"serum-facial-cosmo-vitamin-c-ferulic-acid-30ml","status":"publish","type":"product","link":"https:\/\/brandss.com.py\/index\/producto\/serum-facial-cosmo-vitamin-c-ferulic-acid-30ml\/","title":{"rendered":"S\u00c9RUM FACIAL COSMO VITAMIN C + FERULIC ACID 30ML"},"content":{"rendered":"<p><img loading=\"lazy\" decoding=\"async\" class=\"\" src=\"https:\/\/cosmocosmetics.ae\/cdn\/shop\/files\/logo-cosmo-regeister.png?v=1729761767&amp;width=340\" width=\"189\" height=\"40\" \/><\/p>\n<h1>VITAMIN C + FERULIC ACID<\/h1>\n<p>Revele una tez m\u00e1s brillante y juvenil con nuestro suero iluminador de vitamina C y \u00e1cido fer\u00falico, que ilumina visiblemente la piel y realza su luminosidad, cuidado de la piel, piel apagada, manchas oscuras, tono desigual, todo tipo de piel.<\/p>\n<ul class=\"a-unordered-list a-vertical a-spacing-mini\">\n<li class=\"a-spacing-mini\"><span class=\"a-list-item\"><span dir=\"auto\">Suero facial Cosmo 10% Vitamina C + \u00c1cido Fer\u00falico que ilumina visiblemente la piel y realza su luminosidad, para hombres y mujeres, cuidado de la piel, piel apagada, manchas oscuras, tono desigual, todo tipo de piel<\/span><\/span><\/li>\n<li class=\"a-spacing-mini\"><span class=\"a-list-item\"><span dir=\"auto\">Este suero iluminador formulado con vitamina C altamente estable y \u00e1cido fer\u00falico proporciona potentes beneficios antioxidantes y ayuda a proteger la piel del da\u00f1o causado por los factores estresantes ambientales, haci\u00e9ndola lucir m\u00e1s brillante, m\u00e1s joven y m\u00e1s suave.<\/span><\/span><\/li>\n<li class=\"a-spacing-mini\"><span class=\"a-list-item\"><span dir=\"auto\">Vitamina C: (\u00e1cido asc\u00f3rbico et\u00edlico) Antioxidante comprobado que ilumina visiblemente la piel opaca y aten\u00faa las manchas oscuras.<\/span><\/span><\/li>\n<li class=\"a-spacing-mini\"><span class=\"a-list-item\"><span dir=\"auto\">\u00c1cido fer\u00falico: potente antioxidante que puede neutralizar los radicales libres, protege la piel y revierte los signos del da\u00f1o solar (exposici\u00f3n a los rayos UV) y hace que la piel luzca uniforme y saludable.<\/span><\/span><\/li>\n<\/ul>\n<p>&nbsp;<\/p>\n","protected":false},"excerpt":{"rendered":"<p>VITAMIN C + FERULIC ACID Revele una tez m\u00e1s brillante y juvenil con nuestro suero iluminador de vitamina C y<\/p>\n","protected":false},"featured_media":90575,"comment_status":"open","ping_status":"closed","template":"","meta":{"nf_dc_page":""},"product_brand":[103],"product_cat":[104],"product_tag":[],"class_list":{"0":"post-90574","1":"product","2":"type-product","3":"status-publish","4":"has-post-thumbnail","6":"product_brand-cosmo","7":"product_cat-skin-care","9":"first","10":"instock","11":"shipping-taxable","12":"purchasable","13":"product-type-simple"},"_links":{"self":[{"href":"https:\/\/brandss.com.py\/index\/wp-json\/wp\/v2\/product\/90574","targetHints":{"allow":["GET"]}}],"collection":[{"href":"https:\/\/brandss.com.py\/index\/wp-json\/wp\/v2\/product"}],"about":[{"href":"https:\/\/brandss.com.py\/index\/wp-json\/wp\/v2\/types\/product"}],"replies":[{"embeddable":true,"href":"https:\/\/brandss.com.py\/index\/wp-json\/wp\/v2\/comments?post=90574"}],"version-history":[{"count":1,"href":"https:\/\/brandss.com.py\/index\/wp-json\/wp\/v2\/product\/90574\/revisions"}],"predecessor-version":[{"id":90577,"href":"https:\/\/brandss.com.py\/index\/wp-json\/wp\/v2\/product\/90574\/revisions\/90577"}],"wp:featuredmedia":[{"embeddable":true,"href":"https:\/\/brandss.com.py\/index\/wp-json\/wp\/v2\/media\/90575"}],"wp:attachment":[{"href":"https:\/\/brandss.com.py\/index\/wp-json\/wp\/v2\/media?parent=90574"}],"wp:term":[{"taxonomy":"product_brand","embeddable":true,"href":"https:\/\/brandss.com.py\/index\/wp-json\/wp\/v2\/product_brand?post=90574"},{"taxonomy":"product_cat","embeddable":true,"href":"https:\/\/brandss.com.py\/index\/wp-json\/wp\/v2\/product_cat?post=90574"},{"taxonomy":"product_tag","embeddable":true,"href":"https:\/\/brandss.com.py\/index\/wp-json\/wp\/v2\/product_tag?post=90574"}],"curies":[{"name":"wp","href":"https:\/\/api.w.org\/{rel}","templated":true}]}}