{"id":90578,"date":"2025-09-15T18:44:45","date_gmt":"2025-09-15T18:44:45","guid":{"rendered":"https:\/\/brandss.com.py\/index\/?post_type=product&#038;p=90578"},"modified":"2025-10-29T13:41:15","modified_gmt":"2025-10-29T13:41:15","slug":"serum-facial-cosmo-10-niacinamide-zinc-30ml","status":"publish","type":"product","link":"https:\/\/brandss.com.py\/index\/producto\/serum-facial-cosmo-10-niacinamide-zinc-30ml\/","title":{"rendered":"S\u00c9RUM FACIAL COSMO 10% NIACINAMIDE + ZINC 30ML"},"content":{"rendered":"<p><img loading=\"lazy\" decoding=\"async\" class=\"\" src=\"https:\/\/cosmocosmetics.ae\/cdn\/shop\/files\/logo-cosmo-regeister.png?v=1729761767&amp;width=340\" width=\"175\" height=\"37\" \/><\/p>\n<h1>10% NIACINAMIDE + ZINC<\/h1>\n<p>Este ligero s\u00e9rum facial con 10 % de niacinamida y zinc es perfecto para pieles con imperfecciones, ya que ayuda a iluminar, unificar el tono y mejorar la textura. La niacinamida, una forma de vitamina B3, repara la piel, reduce la apariencia de las imperfecciones y suaviza la tez. El zinc regula la producci\u00f3n de sebo y tiene propiedades antibacterianas, lo que lo hace ideal para pieles grasas o con acn\u00e9. <span dir=\"auto\">Consigue una tez m\u00e1s clara y equilibrada con nuestro\u00a0<\/span><span dir=\"auto\">S\u00e9rum Facial con 10% de Niacinamida + Zinc<\/span><span dir=\"auto\">. Especialmente formulado para pieles con imperfecciones, este s\u00e9rum ligero combina el poder iluminador de la niacinamida con los beneficios reguladores de la grasa y antibacterianos del zinc. La niacinamida ayuda a unificar el tono de la piel, suavizar la textura y reducir la aparici\u00f3n de imperfecciones, mientras que el zinc controla el exceso de grasa y combate las bacterias que causan el acn\u00e9. Ideal para pieles grasas y con tendencia acneica, esta f\u00f3rmula de r\u00e1pida absorci\u00f3n ayuda a minimizar los poros y promueve una tez m\u00e1s sana y radiante. Perfecto para uso diario para mejorar la claridad y el equilibrio de la piel.<\/span><\/p>\n<h5>Beneficios<\/h5>\n<ul class=\"a-unordered-list a-vertical a-spacing-mini\">\n<li class=\"a-spacing-mini\"><span class=\"a-list-item\"><span dir=\"auto\">S\u00e9rum facial Cosmo 10% Niacinamida + Zinc que unifica e ilumina el tono de la piel (30 ml), para hombres y mujeres, cuidado de la piel, piel con tendencia a imperfecciones, sequedad, irregularidades en la textura, opacidad, todo tipo de piel.<\/span><\/span><\/li>\n<li class=\"a-spacing-mini\"><span class=\"a-list-item\"><span dir=\"auto\">Este suero liviano de niacinamida combinado con zinc para pieles propensas a imperfecciones ayuda a aumentar el brillo de la piel y unifica el tono de la piel al tiempo que mejora su textura.<\/span><\/span><\/li>\n<li class=\"a-spacing-mini\"><span class=\"a-list-item\"><span dir=\"auto\">Niacinamida: una forma de vitamina B3, la niacinamida es un ingrediente superestrella que ayuda a reparar la piel, aten\u00faa la apariencia de las imperfecciones y unifica el tono de la piel.<\/span><\/span><\/li>\n<li class=\"a-spacing-mini\"><span class=\"a-list-item\"><span dir=\"auto\">Zinc: Regula la producci\u00f3n de sebo y tambi\u00e9n tiene propiedades antibacterianas, lo que lo hace muy adecuado para pieles grasas con tendencia al acn\u00e9.<\/span><\/span><\/li>\n<\/ul>\n","protected":false},"excerpt":{"rendered":"<p>10% NIACINAMIDE + ZINC Este ligero s\u00e9rum facial con 10 % de niacinamida y zinc es perfecto para pieles con<\/p>\n","protected":false},"featured_media":90579,"comment_status":"open","ping_status":"closed","template":"","meta":{"nf_dc_page":""},"product_brand":[103],"product_cat":[104],"product_tag":[1164],"class_list":{"0":"post-90578","1":"product","2":"type-product","3":"status-publish","4":"has-post-thumbnail","6":"product_brand-cosmo","7":"product_cat-skin-care","8":"product_tag-1164","10":"first","11":"outofstock","12":"shipping-taxable","13":"purchasable","14":"product-type-simple"},"_links":{"self":[{"href":"https:\/\/brandss.com.py\/index\/wp-json\/wp\/v2\/product\/90578","targetHints":{"allow":["GET"]}}],"collection":[{"href":"https:\/\/brandss.com.py\/index\/wp-json\/wp\/v2\/product"}],"about":[{"href":"https:\/\/brandss.com.py\/index\/wp-json\/wp\/v2\/types\/product"}],"replies":[{"embeddable":true,"href":"https:\/\/brandss.com.py\/index\/wp-json\/wp\/v2\/comments?post=90578"}],"version-history":[{"count":1,"href":"https:\/\/brandss.com.py\/index\/wp-json\/wp\/v2\/product\/90578\/revisions"}],"predecessor-version":[{"id":90582,"href":"https:\/\/brandss.com.py\/index\/wp-json\/wp\/v2\/product\/90578\/revisions\/90582"}],"wp:featuredmedia":[{"embeddable":true,"href":"https:\/\/brandss.com.py\/index\/wp-json\/wp\/v2\/media\/90579"}],"wp:attachment":[{"href":"https:\/\/brandss.com.py\/index\/wp-json\/wp\/v2\/media?parent=90578"}],"wp:term":[{"taxonomy":"product_brand","embeddable":true,"href":"https:\/\/brandss.com.py\/index\/wp-json\/wp\/v2\/product_brand?post=90578"},{"taxonomy":"product_cat","embeddable":true,"href":"https:\/\/brandss.com.py\/index\/wp-json\/wp\/v2\/product_cat?post=90578"},{"taxonomy":"product_tag","embeddable":true,"href":"https:\/\/brandss.com.py\/index\/wp-json\/wp\/v2\/product_tag?post=90578"}],"curies":[{"name":"wp","href":"https:\/\/api.w.org\/{rel}","templated":true}]}}