{"id":90583,"date":"2025-09-15T19:17:21","date_gmt":"2025-09-15T19:17:21","guid":{"rendered":"https:\/\/brandss.com.py\/index\/?post_type=product&#038;p=90583"},"modified":"2025-10-29T11:49:00","modified_gmt":"2025-10-29T11:49:00","slug":"serum-facial-cosmo-0-5-retinol-bakuchiol-30ml","status":"publish","type":"product","link":"https:\/\/brandss.com.py\/index\/producto\/serum-facial-cosmo-0-5-retinol-bakuchiol-30ml\/","title":{"rendered":"S\u00c9RUM FACIAL COSMO 0.5% RETINOL + BAKUCHIOL 30ML"},"content":{"rendered":"<p><img loading=\"lazy\" decoding=\"async\" class=\"\" src=\"https:\/\/cosmocosmetics.ae\/cdn\/shop\/files\/logo-cosmo-regeister.png?v=1729761767&amp;width=340\" width=\"136\" height=\"29\" \/><\/p>\n<h1>0.5% RETINOL + BAKUCHIOL<\/h1>\n<p><span dir=\"auto\">Experimenta el poder de la ciencia y la naturaleza con nuestro\u00a0<\/span><span dir=\"auto\">S\u00e9rum Facial Antiedad con Retinol y Bakuchiol<\/span><span dir=\"auto\">\u00a0, una f\u00f3rmula de doble acci\u00f3n que combina la eficacia comprobada del\u00a0<\/span><span dir=\"auto\">retinol<\/span><span dir=\"auto\">\u00a0con las propiedades calmantes vegetales del\u00a0<\/span><span dir=\"auto\">bakuchiol<\/span><span dir=\"auto\">\u00a0. Esta potente combinaci\u00f3n ayuda a reducir los signos de la edad, restaurar la elasticidad y refinar la textura de la piel, sin la irritaci\u00f3n que suele causar el retinol solo.<\/span><\/p>\n<p><span dir=\"auto\">Perfecto para todo tipo de piel, este s\u00e9rum act\u00faa profundamente para\u00a0<\/span><span dir=\"auto\">rellenar las l\u00edneas de expresi\u00f3n, suavizar las imperfecciones<\/span><span dir=\"auto\">\u00a0y promover una apariencia visiblemente m\u00e1s joven y tersa. Ya sea que busques combatir los primeros signos de la edad o mantener una piel sana, este s\u00e9rum ofrece resultados visibles y palpables.<\/span><\/p>\n<h3><strong><span dir=\"auto\">Caracter\u00edsticas principales:<\/span><\/strong><\/h3>\n<p><span dir=\"auto\">&#8211;\u00a0<\/span><strong><span dir=\"auto\">Doble poder antienvejecimiento<\/span><\/strong><span dir=\"auto\">: combina retinol y bakuchiol para obtener los m\u00e1ximos beneficios para combatir las arrugas.<\/span><br \/>\n<span dir=\"auto\">&#8211;\u00a0<\/span><strong><span dir=\"auto\">Reduce las l\u00edneas finas y arrugas<\/span><\/strong><span dir=\"auto\">: estimula el col\u00e1geno y reafirma la piel.<\/span><br \/>\n<span dir=\"auto\">&#8211;\u00a0<\/span><strong><span dir=\"auto\">Mejora la elasticidad<\/span><\/strong><span dir=\"auto\">: restaura un aspecto terso y juvenil.<\/span><br \/>\n<span dir=\"auto\">&#8211;\u00a0<\/span><strong><span dir=\"auto\">Refina la textura de la piel<\/span><\/strong><span dir=\"auto\">: suaviza la aspereza y unifica el tono.<\/span><br \/>\n<span dir=\"auto\">&#8211;\u00a0<\/span><strong><span dir=\"auto\">Suave y no irritante<\/span><\/strong><span dir=\"auto\">: el bakuchiol calma y suaviza la piel.<\/span><br \/>\n<span dir=\"auto\">&#8211;\u00a0<\/span><strong><span dir=\"auto\">Favorece la recuperaci\u00f3n de la piel<\/span><\/strong><span dir=\"auto\">: ayuda a reparar la piel da\u00f1ada por los rayos UV y estresada.<\/span><br \/>\n<span dir=\"auto\">&#8211;\u00a0<\/span><strong><span dir=\"auto\">Apto para todo tipo de pieles<\/span><\/strong><span dir=\"auto\">: ideal para pieles sensibles, maduras o que usan retinol por primera vez.<\/span><\/p>\n<h2 class=\"hdr -upp -fs14 -m -pam\"><span dir=\"auto\">Caracter\u00edsticas principales<\/span><\/h2>\n<div class=\"markup -pam\">\n<ul>\n<li><span dir=\"auto\">Reduce l\u00edneas finas y arrugas.<\/span><\/li>\n<li><span dir=\"auto\">Combina retinol y bakuchiol<\/span><\/li>\n<li><span dir=\"auto\">Mejora la firmeza y elasticidad de la piel.<\/span><\/li>\n<li><span dir=\"auto\">Refina la textura y el tono de la piel.<\/span><\/li>\n<li><span dir=\"auto\">Suave y adecuado para todo tipo de piel.<\/span><\/li>\n<\/ul>\n<\/div>\n<h3><strong><span dir=\"auto\">Modo de empleo:<\/span><\/strong><\/h3>\n<p><span dir=\"auto\">Aplicar una peque\u00f1a cantidad sobre el rostro y el cuello limpios por la noche. A continuaci\u00f3n, aplicar una crema hidratante. Usar protector solar durante el d\u00eda si se usan productos con retinol.<\/span><\/p>\n","protected":false},"excerpt":{"rendered":"<p>0.5% RETINOL + BAKUCHIOL Experimenta el poder de la ciencia y la naturaleza con nuestro\u00a0S\u00e9rum Facial Antiedad con Retinol y<\/p>\n","protected":false},"featured_media":90584,"comment_status":"open","ping_status":"closed","template":"","meta":{"nf_dc_page":""},"product_brand":[103],"product_cat":[104],"product_tag":[1159],"class_list":{"0":"post-90583","1":"product","2":"type-product","3":"status-publish","4":"has-post-thumbnail","6":"product_brand-cosmo","7":"product_cat-skin-care","8":"product_tag-1159","10":"first","11":"instock","12":"shipping-taxable","13":"purchasable","14":"product-type-simple"},"_links":{"self":[{"href":"https:\/\/brandss.com.py\/index\/wp-json\/wp\/v2\/product\/90583","targetHints":{"allow":["GET"]}}],"collection":[{"href":"https:\/\/brandss.com.py\/index\/wp-json\/wp\/v2\/product"}],"about":[{"href":"https:\/\/brandss.com.py\/index\/wp-json\/wp\/v2\/types\/product"}],"replies":[{"embeddable":true,"href":"https:\/\/brandss.com.py\/index\/wp-json\/wp\/v2\/comments?post=90583"}],"version-history":[{"count":1,"href":"https:\/\/brandss.com.py\/index\/wp-json\/wp\/v2\/product\/90583\/revisions"}],"predecessor-version":[{"id":90587,"href":"https:\/\/brandss.com.py\/index\/wp-json\/wp\/v2\/product\/90583\/revisions\/90587"}],"wp:featuredmedia":[{"embeddable":true,"href":"https:\/\/brandss.com.py\/index\/wp-json\/wp\/v2\/media\/90584"}],"wp:attachment":[{"href":"https:\/\/brandss.com.py\/index\/wp-json\/wp\/v2\/media?parent=90583"}],"wp:term":[{"taxonomy":"product_brand","embeddable":true,"href":"https:\/\/brandss.com.py\/index\/wp-json\/wp\/v2\/product_brand?post=90583"},{"taxonomy":"product_cat","embeddable":true,"href":"https:\/\/brandss.com.py\/index\/wp-json\/wp\/v2\/product_cat?post=90583"},{"taxonomy":"product_tag","embeddable":true,"href":"https:\/\/brandss.com.py\/index\/wp-json\/wp\/v2\/product_tag?post=90583"}],"curies":[{"name":"wp","href":"https:\/\/api.w.org\/{rel}","templated":true}]}}