{"id":90588,"date":"2025-09-16T11:22:39","date_gmt":"2025-09-16T11:22:39","guid":{"rendered":"https:\/\/brandss.com.py\/index\/?post_type=product&#038;p=90588"},"modified":"2025-10-29T11:49:38","modified_gmt":"2025-10-29T11:49:38","slug":"serum-facial-cosmo-2-alpha-arbutin-hyaluronic-acid-30ml","status":"publish","type":"product","link":"https:\/\/brandss.com.py\/index\/producto\/serum-facial-cosmo-2-alpha-arbutin-hyaluronic-acid-30ml\/","title":{"rendered":"S\u00c9RUM FACIAL COSMO 2% ALPHA ARBUTIN + HYALURONIC ACID 30ML"},"content":{"rendered":"<p><img loading=\"lazy\" decoding=\"async\" class=\"\" src=\"https:\/\/cosmocosmetics.ae\/cdn\/shop\/files\/logo-cosmo-regeister.png?v=1729761767&amp;width=340\" width=\"151\" height=\"32\" \/><\/p>\n<h1>2% ALPHA ARBUTIN + HYALURONIC ACID<\/h1>\n<p>El S\u00e9rum Facial Cosmo 2% Alfa Arbutina con \u00c1cido Hialur\u00f3nico es una potente f\u00f3rmula para el cuidado de la piel dise\u00f1ada para iluminar e hidratar la piel. Este s\u00e9rum combina un 2% de alfa arbutina, un compuesto natural conocido por sus propiedades aclarantes, con \u00e1cido hialur\u00f3nico, un potente humectante que ayuda a retener la humedad y a tersar la piel. Su f\u00f3rmula ligera y de r\u00e1pida absorci\u00f3n combate las manchas oscuras, el tono desigual de la piel y la sequedad, promoviendo una tez m\u00e1s radiante y juvenil. Ideal para todo tipo de piel, este s\u00e9rum es el complemento perfecto para cualquier rutina de cuidado facial, ofreciendo hidrataci\u00f3n inmediata y beneficios iluminadores a largo plazo.<\/p>\n<h5>Beneficios<\/h5>\n<ul class=\"a-unordered-list a-vertical a-spacing-mini\">\n<li class=\"a-spacing-mini\"><span class=\"a-list-item\"><span dir=\"auto\">S\u00e9rum facial Cosmo 2% Alfa Arbutina + \u00c1cido Hialur\u00f3nico para reducir la pigmentaci\u00f3n y las manchas oscuras. Combate problemas de la piel como la hiperpigmentaci\u00f3n, las cicatrices del acn\u00e9, las manchas oscuras y la sequedad.<\/span><\/span><\/li>\n<li class=\"a-spacing-mini\"><span class=\"a-list-item\"><span dir=\"auto\">Apto para todo tipo de piel. Este s\u00e9rum con alfa arbutina y \u00e1cido hialur\u00f3nico act\u00faa para reducir la hiperpigmentaci\u00f3n, las manchas oscuras\/de la edad y el tono desigual de la piel.<\/span><\/span><\/li>\n<li class=\"a-spacing-mini\"><span class=\"a-list-item\"><span dir=\"auto\">Alfa Arbutina: Ayuda a reducir la pigmentaci\u00f3n y aporta un aspecto saludable e impecable a la piel. \u00c1cido Hialur\u00f3nico: Hidrata intensamente para una apariencia m\u00e1s firme y tersa.<\/span><\/span><\/li>\n<li class=\"a-spacing-mini\"><span class=\"a-list-item\"><span dir=\"auto\">Esta soluci\u00f3n exfoliante no solo es muy potente, sino que tambi\u00e9n es m\u00e1s segura y eficaz que los exfoliantes faciales para la mayor\u00eda de los tipos de piel. El AHA a\u00f1adido a este s\u00e9rum tambi\u00e9n ayuda a reducir la fotosensibilidad de la piel despu\u00e9s del peeling, lo que lo hace apto para todos los tonos de piel.<\/span><\/span><\/li>\n<\/ul>\n","protected":false},"excerpt":{"rendered":"<p>2% ALPHA ARBUTIN + HYALURONIC ACID El S\u00e9rum Facial Cosmo 2% Alfa Arbutina con \u00c1cido Hialur\u00f3nico es una potente f\u00f3rmula<\/p>\n","protected":false},"featured_media":90589,"comment_status":"open","ping_status":"closed","template":"","meta":{"nf_dc_page":""},"product_brand":[103],"product_cat":[104],"product_tag":[1160],"class_list":{"0":"post-90588","1":"product","2":"type-product","3":"status-publish","4":"has-post-thumbnail","6":"product_brand-cosmo","7":"product_cat-skin-care","8":"product_tag-1160","10":"first","11":"instock","12":"shipping-taxable","13":"purchasable","14":"product-type-simple"},"_links":{"self":[{"href":"https:\/\/brandss.com.py\/index\/wp-json\/wp\/v2\/product\/90588","targetHints":{"allow":["GET"]}}],"collection":[{"href":"https:\/\/brandss.com.py\/index\/wp-json\/wp\/v2\/product"}],"about":[{"href":"https:\/\/brandss.com.py\/index\/wp-json\/wp\/v2\/types\/product"}],"replies":[{"embeddable":true,"href":"https:\/\/brandss.com.py\/index\/wp-json\/wp\/v2\/comments?post=90588"}],"version-history":[{"count":1,"href":"https:\/\/brandss.com.py\/index\/wp-json\/wp\/v2\/product\/90588\/revisions"}],"predecessor-version":[{"id":90591,"href":"https:\/\/brandss.com.py\/index\/wp-json\/wp\/v2\/product\/90588\/revisions\/90591"}],"wp:featuredmedia":[{"embeddable":true,"href":"https:\/\/brandss.com.py\/index\/wp-json\/wp\/v2\/media\/90589"}],"wp:attachment":[{"href":"https:\/\/brandss.com.py\/index\/wp-json\/wp\/v2\/media?parent=90588"}],"wp:term":[{"taxonomy":"product_brand","embeddable":true,"href":"https:\/\/brandss.com.py\/index\/wp-json\/wp\/v2\/product_brand?post=90588"},{"taxonomy":"product_cat","embeddable":true,"href":"https:\/\/brandss.com.py\/index\/wp-json\/wp\/v2\/product_cat?post=90588"},{"taxonomy":"product_tag","embeddable":true,"href":"https:\/\/brandss.com.py\/index\/wp-json\/wp\/v2\/product_tag?post=90588"}],"curies":[{"name":"wp","href":"https:\/\/api.w.org\/{rel}","templated":true}]}}