{"id":90596,"date":"2025-09-16T12:27:32","date_gmt":"2025-09-16T12:27:32","guid":{"rendered":"https:\/\/brandss.com.py\/index\/?post_type=product&#038;p=90596"},"modified":"2025-09-16T12:29:07","modified_gmt":"2025-09-16T12:29:07","slug":"tinte-capilar-cosmo-safe-easy-cream-sin-amoniaco-4-0-brown","status":"publish","type":"product","link":"https:\/\/brandss.com.py\/index\/producto\/tinte-capilar-cosmo-safe-easy-cream-sin-amoniaco-4-0-brown\/","title":{"rendered":"TINTE CAPILAR COSMO SAFE &amp; EASY CREAM SIN AMONIACO 4.0 BROWN"},"content":{"rendered":"<p><img loading=\"lazy\" decoding=\"async\" class=\"\" src=\"https:\/\/cosmocosmetics.ae\/cdn\/shop\/files\/logo-cosmo-regeister.png?v=1729761767&amp;width=340\" width=\"156\" height=\"33\" \/><\/p>\n<h1>SAFE &amp; EASY<\/h1>\n<p><span dir=\"auto\">Seguro y F\u00e1cil, un tinte permanente que brinda resultados intensos y un color duradero. Seguro y F\u00e1cil, de nuestro Laboratorio de Investigaci\u00f3n y Desarrollo, cuenta con un sistema \u00fanico que combina pigmentos de color para cubrir completamente las canas. El acondicionador hidratante deja el cabello suave y sedoso. Sus ingredientes hidratantes superiores suavizan las cut\u00edculas, dej\u00e1ndolo con un aspecto y una sensaci\u00f3n m\u00e1s saludables.<\/span><br \/>\n<span dir=\"auto\">Su tecnolog\u00eda a base de l\u00edpidos es muy suave con el cabello y ayuda a retener la hidrataci\u00f3n.<\/span><br \/>\n<span dir=\"auto\">Enriquecido con ceramidas, queratina y col\u00e1geno. Este triple ingrediente ayuda a reparar las fibras capilares da\u00f1adas y deja el cabello brillante y sedoso.<\/span><br \/>\n<span dir=\"auto\">Tratamiento hidratante despu\u00e9s del color. Nuestro acondicionador aporta un brillo intenso y ayuda a fijar el color natural.<\/span><\/p>\n<h2><span dir=\"auto\">CARACTER\u00cdSTICAS<\/span><\/h2>\n<ul>\n<li><span dir=\"auto\">Tinte sin amon\u00edaco. Dura hasta 28 lavados.<\/span><\/li>\n<li><span dir=\"auto\">COLOR DE CABELLO ENRIQUECIDO CON QUERATINA: La f\u00f3rmula nutritiva de color de cabello sin amon\u00edaco est\u00e1 enriquecida con queratina y amino\u00e1cidos de seda para dejar el cabello en mejores condiciones que antes de te\u00f1irlo.<\/span><\/li>\n<li><span dir=\"auto\">Este colorante suave est\u00e1 formulado con leche de avena bot\u00e1nica, prote\u00edna de soya y aceite de arg\u00e1n. No contiene amon\u00edaco, alcohol ni silicona.<\/span><\/li>\n<li><span dir=\"auto\">F\u00f3rmula sin amoniaco que protege la textura natural del cabello.<\/span><\/li>\n<li><span dir=\"auto\">Triple protecci\u00f3n cuidando el color del cabello.<\/span><\/li>\n<\/ul>\n","protected":false},"excerpt":{"rendered":"<p>SAFE &amp; EASY Seguro y F\u00e1cil, un tinte permanente que brinda resultados intensos y un color duradero. Seguro y F\u00e1cil,<\/p>\n","protected":false},"featured_media":90597,"comment_status":"open","ping_status":"closed","template":"","meta":{"nf_dc_page":""},"product_brand":[103],"product_cat":[85],"product_tag":[],"class_list":{"0":"post-90596","1":"product","2":"type-product","3":"status-publish","4":"has-post-thumbnail","6":"product_brand-cosmo","7":"product_cat-cosmeticos","9":"first","10":"instock","11":"shipping-taxable","12":"purchasable","13":"product-type-simple"},"_links":{"self":[{"href":"https:\/\/brandss.com.py\/index\/wp-json\/wp\/v2\/product\/90596","targetHints":{"allow":["GET"]}}],"collection":[{"href":"https:\/\/brandss.com.py\/index\/wp-json\/wp\/v2\/product"}],"about":[{"href":"https:\/\/brandss.com.py\/index\/wp-json\/wp\/v2\/types\/product"}],"replies":[{"embeddable":true,"href":"https:\/\/brandss.com.py\/index\/wp-json\/wp\/v2\/comments?post=90596"}],"version-history":[{"count":2,"href":"https:\/\/brandss.com.py\/index\/wp-json\/wp\/v2\/product\/90596\/revisions"}],"predecessor-version":[{"id":90601,"href":"https:\/\/brandss.com.py\/index\/wp-json\/wp\/v2\/product\/90596\/revisions\/90601"}],"wp:featuredmedia":[{"embeddable":true,"href":"https:\/\/brandss.com.py\/index\/wp-json\/wp\/v2\/media\/90597"}],"wp:attachment":[{"href":"https:\/\/brandss.com.py\/index\/wp-json\/wp\/v2\/media?parent=90596"}],"wp:term":[{"taxonomy":"product_brand","embeddable":true,"href":"https:\/\/brandss.com.py\/index\/wp-json\/wp\/v2\/product_brand?post=90596"},{"taxonomy":"product_cat","embeddable":true,"href":"https:\/\/brandss.com.py\/index\/wp-json\/wp\/v2\/product_cat?post=90596"},{"taxonomy":"product_tag","embeddable":true,"href":"https:\/\/brandss.com.py\/index\/wp-json\/wp\/v2\/product_tag?post=90596"}],"curies":[{"name":"wp","href":"https:\/\/api.w.org\/{rel}","templated":true}]}}