{"id":90602,"date":"2025-09-16T12:48:04","date_gmt":"2025-09-16T12:48:04","guid":{"rendered":"https:\/\/brandss.com.py\/index\/?post_type=product&#038;p=90602"},"modified":"2025-10-29T12:25:29","modified_gmt":"2025-10-29T12:25:29","slug":"spray-capilar-cosmo-strong-hold-003-250ml","status":"publish","type":"product","link":"https:\/\/brandss.com.py\/index\/producto\/spray-capilar-cosmo-strong-hold-003-250ml\/","title":{"rendered":"SPRAY CAPILAR COSMO STRONG HOLD 003 250ML"},"content":{"rendered":"<p><img loading=\"lazy\" decoding=\"async\" class=\"\" src=\"https:\/\/cosmocosmetics.ae\/cdn\/shop\/files\/logo-cosmo-regeister.png?v=1729761767&amp;width=340\" width=\"170\" height=\"36\" \/><\/p>\n<h1>STRONG HOLD 003<\/h1>\n<p>Consigue el peinado perfecto con la laca COSMO de fijaci\u00f3n fuerte, una soluci\u00f3n vers\u00e1til que ofrece una fijaci\u00f3n duradera sin dejarlo r\u00edgido. Especialmente formulada con ingredientes naturales, esta laca nutre tu cabello a la vez que proporciona una fijaci\u00f3n superior que se siente natural y flexible. Su f\u00f3rmula de secado r\u00e1pido y no pegajosa garantiza que tu peinado se mantenga en su lugar todo el d\u00eda, incluso con humedad extrema. Ya sea que busques a\u00f1adir volumen, textura o mantener un peinado elaborado, la laca COSMO de fijaci\u00f3n fuerte te da el control para peinar tu cabello exactamente como lo deseas.<\/p>\n<div class=\"experience-component experience-dynamic-productLongDescription\">\n<div id=\"longDescription\" class=\"container product-long-description\">\n<div class=\"row\">\n<div class=\"col-12 col-md-8 description-text\">\n<div class=\"metafield-rich_text_field\">\n<h5><span dir=\"auto\">CARACTER\u00cdSTICAS<\/span><\/h5>\n<ul>\n<li><span dir=\"auto\">Fijaci\u00f3n fuerte y duradera que permanece flexible sin rigidez.<\/span><\/li>\n<li><span dir=\"auto\">Nutre el cabello con ingredientes naturales para lograr estilos de apariencia saludable.<\/span><\/li>\n<li><span dir=\"auto\">F\u00f3rmula ligera de secado r\u00e1pido que no deja residuos pegajosos.<\/span><\/li>\n<li><span dir=\"auto\">Perfecto para crear volumen y textura tanto en peinados cortos como largos.<\/span><\/li>\n<li><span dir=\"auto\">Proporciona un movimiento natural y una sujeci\u00f3n agradable al tacto, incluso con alta humedad.<\/span><\/li>\n<li><span dir=\"auto\">F\u00e1cil de cepillar, no deja residuos ni acumulaci\u00f3n en el cabello.<\/span><\/li>\n<\/ul>\n<\/div>\n<\/div>\n<div class=\"col-12 col-md-4 description-icon\">\n<div class=\"content-asset\"><\/div>\n<\/div>\n<\/div>\n<\/div>\n<\/div>\n<div class=\"experience-component experience-dynamic-productRoutineCustom\">\n<div id=\"productRoutine\" class=\"container-fluid product-routine-custom\">\n<div class=\"row custom\">\n<div class=\"col-12 carousel-heading mb-1\">\n<h5 class=\"carousel-title brand-primary\"><span dir=\"auto\">MODO DE EMPLEO<\/span><\/h5>\n<\/div>\n<\/div>\n<div class=\"row routine-wrapper\">\n<div class=\"col-12 product-routine-custom-line\">\n<div class=\"content-asset\">\n<div class=\"routine-item\">\n<div class=\"routine-image\"><img loading=\"lazy\" decoding=\"async\" class=\"w-100 alignleft\" src=\"https:\/\/cosmocosmetics.ae\/cdn\/shop\/files\/New_Project_10.png?v=1723879010\" alt=\"\" width=\"160\" height=\"153\" \/><\/p>\n<div class=\"routine-middle col-md-12\">\n<p>&nbsp;<\/p>\n<p class=\"routine-step\"><span dir=\"auto\">PASO 1: Solicitud<\/span><\/p>\n<div class=\"routine-copy\"><span dir=\"auto\">Roc\u00ede sobre el cabello seco en r\u00e1fagas cortas. Si la v\u00e1lvula se obstruye, enjuague con agua tibia.<\/span><\/div>\n<\/div>\n<\/div>\n<\/div>\n<\/div>\n<\/div>\n<div class=\"col-12 product-routine-custom-line\">\n<div class=\"content-asset\">\n<div class=\"routine-item\">\n<div class=\"routine-image\"><img loading=\"lazy\" decoding=\"async\" class=\"w-100 alignleft\" src=\"https:\/\/cosmocosmetics.ae\/cdn\/shop\/files\/New_Project_11.png?v=1723879035\" alt=\"\" width=\"164\" height=\"161\" \/><\/p>\n<div class=\"routine-middle col-md-12\">\n<p>&nbsp;<\/p>\n<p class=\"routine-step\"><span dir=\"auto\">PASO 2: Para el acabado<\/span><\/p>\n<div class=\"routine-copy\"><span dir=\"auto\">Mantenga una distancia de 30 cm al pulverizar.<\/span><\/div>\n<\/div>\n<\/div>\n<\/div>\n<\/div>\n<\/div>\n<div class=\"col-12 product-routine-custom-line\">\n<div class=\"content-asset\">\n<div class=\"routine-item\">\n<div class=\"routine-image\"><img loading=\"lazy\" decoding=\"async\" class=\"w-100 alignleft\" src=\"https:\/\/cosmocosmetics.ae\/cdn\/shop\/files\/New_Project_12.png?v=1723879064\" alt=\"\" width=\"160\" height=\"157\" \/><\/p>\n<div class=\"routine-middle col-md-12\">\n<p>&nbsp;<\/p>\n<p class=\"routine-step\"><span dir=\"auto\">PASO 3: Para definici\u00f3n y fijaci\u00f3n<\/span><\/p>\n<div class=\"routine-copy\"><span dir=\"auto\">Roc\u00ede selectivamente sobre secciones individuales de cabello desde la ra\u00edz hasta las puntas y d\u00e9le la forma deseada.<\/span><\/div>\n<\/div>\n<div><\/div>\n<\/div>\n<\/div>\n<\/div>\n<\/div>\n<\/div>\n<\/div>\n<\/div>\n<div class=\"experience-component experience-dynamic-productIngredients\">\n<div id=\"productIngredients\" class=\"container product-ingredients mt-3\">\n<div class=\"row\">\n<div class=\"col-12 col-md-7 mt-3 mt-md-0 ingredients-copy\">\n<div class=\"content-asset\">\n<h2><\/h2>\n<h5><span dir=\"auto\">TODOS LOS INGREDIENTES<\/span><\/h5>\n<p><span dir=\"auto\">Vitamina E: La vitamina E es rica en antioxidantes que ayudan a proteger el cabello del da\u00f1o, ayud\u00e1ndolo a conservar su fuerza y \u200b\u200bvitalidad. Adem\u00e1s, acondiciona profundamente el cabello desde la ra\u00edz hasta el tallo para nutrirlo, dej\u00e1ndolo m\u00e1s sano y brillante. Pantenol: El pante<\/span><img loading=\"lazy\" decoding=\"async\" class=\"w-100 alignleft\" src=\"https:\/\/cosmocosmetics.ae\/cdn\/shop\/files\/Ingredient.webp?v=1723874291\" width=\"266\" height=\"176\" \/>nol protege las fibras del peinado y del da\u00f1o ambiental reteniendo la hidrataci\u00f3n. Adem\u00e1s, aporta volumen y brillo, mejora la textura del cabello y previene los enredos.<\/p>\n<p>Aviso legal: Tenga en cuenta que las listas de ingredientes pueden variar ocasionalmente. Consulte la lista de ingredientes en el envase del producto para obtener la lista de ingredientes m\u00e1s actualizada.<\/p>\n<\/div>\n<\/div>\n<\/div>\n<\/div>\n<\/div>\n","protected":false},"excerpt":{"rendered":"<p>STRONG HOLD 003 Consigue el peinado perfecto con la laca COSMO de fijaci\u00f3n fuerte, una soluci\u00f3n vers\u00e1til que ofrece una<\/p>\n","protected":false},"featured_media":90603,"comment_status":"open","ping_status":"closed","template":"","meta":{"nf_dc_page":""},"product_brand":[103],"product_cat":[85],"product_tag":[1150],"class_list":{"0":"post-90602","1":"product","2":"type-product","3":"status-publish","4":"has-post-thumbnail","6":"product_brand-cosmo","7":"product_cat-cosmeticos","8":"product_tag-1150","10":"first","11":"instock","12":"shipping-taxable","13":"purchasable","14":"product-type-simple"},"_links":{"self":[{"href":"https:\/\/brandss.com.py\/index\/wp-json\/wp\/v2\/product\/90602","targetHints":{"allow":["GET"]}}],"collection":[{"href":"https:\/\/brandss.com.py\/index\/wp-json\/wp\/v2\/product"}],"about":[{"href":"https:\/\/brandss.com.py\/index\/wp-json\/wp\/v2\/types\/product"}],"replies":[{"embeddable":true,"href":"https:\/\/brandss.com.py\/index\/wp-json\/wp\/v2\/comments?post=90602"}],"version-history":[{"count":1,"href":"https:\/\/brandss.com.py\/index\/wp-json\/wp\/v2\/product\/90602\/revisions"}],"predecessor-version":[{"id":90605,"href":"https:\/\/brandss.com.py\/index\/wp-json\/wp\/v2\/product\/90602\/revisions\/90605"}],"wp:featuredmedia":[{"embeddable":true,"href":"https:\/\/brandss.com.py\/index\/wp-json\/wp\/v2\/media\/90603"}],"wp:attachment":[{"href":"https:\/\/brandss.com.py\/index\/wp-json\/wp\/v2\/media?parent=90602"}],"wp:term":[{"taxonomy":"product_brand","embeddable":true,"href":"https:\/\/brandss.com.py\/index\/wp-json\/wp\/v2\/product_brand?post=90602"},{"taxonomy":"product_cat","embeddable":true,"href":"https:\/\/brandss.com.py\/index\/wp-json\/wp\/v2\/product_cat?post=90602"},{"taxonomy":"product_tag","embeddable":true,"href":"https:\/\/brandss.com.py\/index\/wp-json\/wp\/v2\/product_tag?post=90602"}],"curies":[{"name":"wp","href":"https:\/\/api.w.org\/{rel}","templated":true}]}}