{"id":90606,"date":"2025-09-16T12:57:26","date_gmt":"2025-09-16T12:57:26","guid":{"rendered":"https:\/\/brandss.com.py\/index\/?post_type=product&#038;p=90606"},"modified":"2025-10-29T12:25:19","modified_gmt":"2025-10-29T12:25:19","slug":"spray-capilar-cosmo-max-hold-005-250ml","status":"publish","type":"product","link":"https:\/\/brandss.com.py\/index\/producto\/spray-capilar-cosmo-max-hold-005-250ml\/","title":{"rendered":"SPRAY CAPILAR COSMO MAX HOLD 005 250ML"},"content":{"rendered":"<p><img loading=\"lazy\" decoding=\"async\" class=\"\" src=\"https:\/\/cosmocosmetics.ae\/cdn\/shop\/files\/logo-cosmo-regeister.png?v=1729761767&amp;width=340\" width=\"170\" height=\"36\" \/><\/p>\n<h1>MAX HOLD 005<\/h1>\n<p>COSMO Hair Spray Max Hold es tu soluci\u00f3n ideal para una fijaci\u00f3n m\u00e1xima durante todo el d\u00eda en cualquier condici\u00f3n. Especialmente formulado con una mezcla de ingredientes naturales, este spray proporciona una fijaci\u00f3n excepcional a la vez que nutre tu cabello. Su f\u00f3rmula de secado r\u00e1pido y no pegajosa garantiza que tu peinado se mantenga firme y con un aspecto natural, sin rigidez ni residuos. Ya sea que busques volumen, textura o un peinado complejo, COSMO Hair Spray Max Hold te ofrece la flexibilidad y la fuerza que necesitas, dejando tu cabello suave al tacto, ligero y con un peinado perfecto.<\/p>\n<div class=\"experience-component experience-dynamic-productLongDescription\">\n<div id=\"longDescription\" class=\"container product-long-description\">\n<div class=\"row\">\n<div class=\"col-12 col-md-8 description-text\">\n<div class=\"metafield-rich_text_field\">\n<h5><span dir=\"auto\">CARACTER\u00cdSTICAS<\/span><\/h5>\n<ul>\n<li><span dir=\"auto\">Fijaci\u00f3n m\u00e1xima durante todo el d\u00eda, perfecta para cualquier tipo y estilo de cabello.<\/span><\/li>\n<li><span dir=\"auto\">Enriquecido con ingredientes naturales, libre de qu\u00edmicos nocivos.<\/span><\/li>\n<li><span dir=\"auto\">La f\u00f3rmula de secado r\u00e1pido y no pegajosa garantiza que no queden residuos ni acumulaciones.<\/span><\/li>\n<li><span dir=\"auto\">Ideal para agregar volumen, textura y asegurar peinados tanto simples como elaborados.<\/span><\/li>\n<li><span dir=\"auto\">Proporciona un acabado natural y agradable al tacto que soporta la humedad extrema.<\/span><\/li>\n<li><span dir=\"auto\">Ligero, f\u00e1cil de cepillar, deja el cabello libre de residuos y flexible.<\/span><\/li>\n<\/ul>\n<\/div>\n<\/div>\n<div class=\"col-12 col-md-4 description-icon\">\n<div class=\"content-asset\"><\/div>\n<\/div>\n<\/div>\n<\/div>\n<\/div>\n<div class=\"experience-component experience-dynamic-productRoutineCustom\">\n<div id=\"productRoutine\" class=\"container-fluid product-routine-custom\">\n<div class=\"row custom\">\n<div class=\"col-12 carousel-heading mb-1\">\n<h5 class=\"carousel-title brand-primary\"><span dir=\"auto\">MODO DE EMPLEO<\/span><\/h5>\n<\/div>\n<\/div>\n<div class=\"row routine-wrapper\">\n<div class=\"col-12 product-routine-custom-line\">\n<div class=\"content-asset\">\n<div class=\"routine-item\">\n<div class=\"routine-image\"><img loading=\"lazy\" decoding=\"async\" class=\"w-100 alignleft\" src=\"https:\/\/cosmocosmetics.ae\/cdn\/shop\/files\/New_Project_10.png?v=1723879010\" alt=\"\" width=\"160\" height=\"153\" \/><\/p>\n<div class=\"routine-middle col-md-12\">\n<p>&nbsp;<\/p>\n<p class=\"routine-step\"><span dir=\"auto\">PASO 1: Solicitud<\/span><\/p>\n<div class=\"routine-copy\"><span dir=\"auto\">Roc\u00ede sobre el cabello seco en r\u00e1fagas cortas. Si la v\u00e1lvula se obstruye, enjuague con agua tibia.<\/span><\/div>\n<\/div>\n<\/div>\n<\/div>\n<\/div>\n<\/div>\n<div class=\"col-12 product-routine-custom-line\">\n<div class=\"content-asset\">\n<div class=\"routine-item\">\n<div class=\"routine-image\"><img loading=\"lazy\" decoding=\"async\" class=\"w-100 alignleft\" src=\"https:\/\/cosmocosmetics.ae\/cdn\/shop\/files\/New_Project_11.png?v=1723879035\" alt=\"\" width=\"160\" height=\"157\" \/><\/p>\n<div class=\"routine-middle col-md-12\">\n<p>&nbsp;<\/p>\n<p class=\"routine-step\"><span dir=\"auto\">PASO 2: Para el acabado<\/span><\/p>\n<div class=\"routine-copy\"><span dir=\"auto\">Mantenga una distancia de 30 cm al pulverizar.<\/span><\/div>\n<\/div>\n<\/div>\n<\/div>\n<\/div>\n<\/div>\n<div class=\"col-12 product-routine-custom-line\">\n<div class=\"content-asset\">\n<div class=\"routine-item\">\n<div class=\"routine-image\"><img loading=\"lazy\" decoding=\"async\" class=\"w-100 alignleft\" src=\"https:\/\/cosmocosmetics.ae\/cdn\/shop\/files\/New_Project_12.png?v=1723879064\" alt=\"\" width=\"164\" height=\"161\" \/><\/p>\n<div class=\"routine-middle col-md-12\">\n<p>&nbsp;<\/p>\n<p class=\"routine-step\"><span dir=\"auto\">PASO 3: Para definici\u00f3n y fijaci\u00f3n<\/span><\/p>\n<div class=\"routine-copy\"><span dir=\"auto\">Roc\u00ede selectivamente sobre secciones individuales de cabello desde la ra\u00edz hasta las puntas y d\u00e9le la forma deseada.<\/span><\/div>\n<\/div>\n<div><\/div>\n<\/div>\n<\/div>\n<\/div>\n<\/div>\n<\/div>\n<\/div>\n<\/div>\n<div class=\"experience-component experience-dynamic-productIngredients\">\n<div id=\"productIngredients\" class=\"container product-ingredients mt-3\">\n<div class=\"row\">\n<div class=\"col-12 col-md-7 mt-3 mt-md-0 ingredients-copy\">\n<div class=\"content-asset\">\n<h2><\/h2>\n<h5><span dir=\"auto\">TODOS LOS INGREDIENTES<\/span><\/h5>\n<p><span dir=\"auto\">Vitamina E: La vitamina E es rica en antioxidantes que ayudan a proteger el cabello del da\u00f1o, ayud\u00e1ndolo a conservar su fuerza y \u200b\u200bvitalidad. Adem\u00e1s, aco<\/span><img loading=\"lazy\" decoding=\"async\" class=\"w-100 alignleft\" src=\"https:\/\/cosmocosmetics.ae\/cdn\/shop\/files\/Ingredient.webp?v=1723874291\" width=\"269\" height=\"178\" \/>ndiciona profundamente el cabello desde la ra\u00edz hasta el tallo para nutrirlo, dej\u00e1ndolo m\u00e1s sano y brillante. Pantenol: El pantenol protege las fibras del peinado y del da\u00f1o ambiental reteniendo la hidrataci\u00f3n. Adem\u00e1s, aporta volumen y brillo, mejora la textura del cabello y previene los enredos.<\/p>\n<p>Aviso legal: Tenga en cuenta que las listas de ingredientes pueden variar ocasionalmente. Consulte la lista de ingredientes en el envase del producto para obtener la lista de ingredientes m\u00e1s actualizada.<\/p>\n<\/div>\n<\/div>\n<\/div>\n<\/div>\n<\/div>\n","protected":false},"excerpt":{"rendered":"<p>MAX HOLD 005 COSMO Hair Spray Max Hold es tu soluci\u00f3n ideal para una fijaci\u00f3n m\u00e1xima durante todo el d\u00eda<\/p>\n","protected":false},"featured_media":90607,"comment_status":"open","ping_status":"closed","template":"","meta":{"nf_dc_page":""},"product_brand":[103],"product_cat":[85],"product_tag":[1152],"class_list":{"0":"post-90606","1":"product","2":"type-product","3":"status-publish","4":"has-post-thumbnail","6":"product_brand-cosmo","7":"product_cat-cosmeticos","8":"product_tag-1152","10":"first","11":"instock","12":"shipping-taxable","13":"purchasable","14":"product-type-simple"},"_links":{"self":[{"href":"https:\/\/brandss.com.py\/index\/wp-json\/wp\/v2\/product\/90606","targetHints":{"allow":["GET"]}}],"collection":[{"href":"https:\/\/brandss.com.py\/index\/wp-json\/wp\/v2\/product"}],"about":[{"href":"https:\/\/brandss.com.py\/index\/wp-json\/wp\/v2\/types\/product"}],"replies":[{"embeddable":true,"href":"https:\/\/brandss.com.py\/index\/wp-json\/wp\/v2\/comments?post=90606"}],"version-history":[{"count":1,"href":"https:\/\/brandss.com.py\/index\/wp-json\/wp\/v2\/product\/90606\/revisions"}],"predecessor-version":[{"id":90609,"href":"https:\/\/brandss.com.py\/index\/wp-json\/wp\/v2\/product\/90606\/revisions\/90609"}],"wp:featuredmedia":[{"embeddable":true,"href":"https:\/\/brandss.com.py\/index\/wp-json\/wp\/v2\/media\/90607"}],"wp:attachment":[{"href":"https:\/\/brandss.com.py\/index\/wp-json\/wp\/v2\/media?parent=90606"}],"wp:term":[{"taxonomy":"product_brand","embeddable":true,"href":"https:\/\/brandss.com.py\/index\/wp-json\/wp\/v2\/product_brand?post=90606"},{"taxonomy":"product_cat","embeddable":true,"href":"https:\/\/brandss.com.py\/index\/wp-json\/wp\/v2\/product_cat?post=90606"},{"taxonomy":"product_tag","embeddable":true,"href":"https:\/\/brandss.com.py\/index\/wp-json\/wp\/v2\/product_tag?post=90606"}],"curies":[{"name":"wp","href":"https:\/\/api.w.org\/{rel}","templated":true}]}}