{"id":90610,"date":"2025-09-16T13:12:03","date_gmt":"2025-09-16T13:12:03","guid":{"rendered":"https:\/\/brandss.com.py\/index\/?post_type=product&#038;p=90610"},"modified":"2025-09-16T13:12:31","modified_gmt":"2025-09-16T13:12:31","slug":"crema-corporal-cosmo-rose-softer-radiant-500ml","status":"publish","type":"product","link":"https:\/\/brandss.com.py\/index\/producto\/crema-corporal-cosmo-rose-softer-radiant-500ml\/","title":{"rendered":"CREMA CORPORAL COSMO ROSE SOFTER &amp; RADIANT 500ML"},"content":{"rendered":"<p><img loading=\"lazy\" decoding=\"async\" class=\"\" src=\"https:\/\/cosmocosmetics.ae\/cdn\/shop\/files\/logo-cosmo-regeister.png?v=1729761767&amp;width=340\" width=\"132\" height=\"28\" \/><\/p>\n<h1>ROSE SOFTER &amp; RADIANT<\/h1>\n<p><span dir=\"auto\">Una crema corporal de r\u00e1pida absorci\u00f3n que proporciona hidrataci\u00f3n intensa y duradera, suavidad y una luminosidad saludable.<\/span><br \/>\n<span dir=\"auto\">El extracto de rosa ayuda a reducir los signos del envejecimiento, tonifica la piel y la deja radiante.<\/span><\/p>\n<h5><span dir=\"auto\">CARACTER\u00cdSTICAS<\/span><\/h5>\n<ul>\n<li><span dir=\"auto\">Hidrataci\u00f3n intensa: Hidrata profundamente la piel, dej\u00e1ndola suave, flexible y nutrida. \u00a0<\/span><\/li>\n<li><span dir=\"auto\">R\u00e1pida absorci\u00f3n: penetra la piel r\u00e1pidamente para una hidrataci\u00f3n instant\u00e1nea. \u00a0<\/span><\/li>\n<li><span dir=\"auto\">Beneficios antienvejecimiento: El extracto de rosa ayuda a reducir la aparici\u00f3n de l\u00edneas finas y arrugas, promoviendo una tez juvenil. \u00a0<\/span><\/li>\n<li><span dir=\"auto\">Tonificante e iluminador: mejora el tono y la luminosidad de la piel, revelando un brillo saludable y radiante. \u00a0<\/span><\/li>\n<\/ul>\n","protected":false},"excerpt":{"rendered":"<p>ROSE SOFTER &amp; RADIANT Una crema corporal de r\u00e1pida absorci\u00f3n que proporciona hidrataci\u00f3n intensa y duradera, suavidad y una luminosidad<\/p>\n","protected":false},"featured_media":90611,"comment_status":"open","ping_status":"closed","template":"","meta":{"nf_dc_page":""},"product_brand":[103],"product_cat":[85],"product_tag":[],"class_list":{"0":"post-90610","1":"product","2":"type-product","3":"status-publish","4":"has-post-thumbnail","6":"product_brand-cosmo","7":"product_cat-cosmeticos","9":"first","10":"instock","11":"shipping-taxable","12":"purchasable","13":"product-type-simple"},"_links":{"self":[{"href":"https:\/\/brandss.com.py\/index\/wp-json\/wp\/v2\/product\/90610","targetHints":{"allow":["GET"]}}],"collection":[{"href":"https:\/\/brandss.com.py\/index\/wp-json\/wp\/v2\/product"}],"about":[{"href":"https:\/\/brandss.com.py\/index\/wp-json\/wp\/v2\/types\/product"}],"replies":[{"embeddable":true,"href":"https:\/\/brandss.com.py\/index\/wp-json\/wp\/v2\/comments?post=90610"}],"version-history":[{"count":1,"href":"https:\/\/brandss.com.py\/index\/wp-json\/wp\/v2\/product\/90610\/revisions"}],"predecessor-version":[{"id":90612,"href":"https:\/\/brandss.com.py\/index\/wp-json\/wp\/v2\/product\/90610\/revisions\/90612"}],"wp:featuredmedia":[{"embeddable":true,"href":"https:\/\/brandss.com.py\/index\/wp-json\/wp\/v2\/media\/90611"}],"wp:attachment":[{"href":"https:\/\/brandss.com.py\/index\/wp-json\/wp\/v2\/media?parent=90610"}],"wp:term":[{"taxonomy":"product_brand","embeddable":true,"href":"https:\/\/brandss.com.py\/index\/wp-json\/wp\/v2\/product_brand?post=90610"},{"taxonomy":"product_cat","embeddable":true,"href":"https:\/\/brandss.com.py\/index\/wp-json\/wp\/v2\/product_cat?post=90610"},{"taxonomy":"product_tag","embeddable":true,"href":"https:\/\/brandss.com.py\/index\/wp-json\/wp\/v2\/product_tag?post=90610"}],"curies":[{"name":"wp","href":"https:\/\/api.w.org\/{rel}","templated":true}]}}