{"id":90622,"date":"2025-09-16T14:13:29","date_gmt":"2025-09-16T14:13:29","guid":{"rendered":"https:\/\/brandss.com.py\/index\/?post_type=product&#038;p=90622"},"modified":"2025-09-16T14:13:56","modified_gmt":"2025-09-16T14:13:56","slug":"crema-corporal-cosmo-aqueous-soothes-softens-moisturizes-skin-500ml","status":"publish","type":"product","link":"https:\/\/brandss.com.py\/index\/producto\/crema-corporal-cosmo-aqueous-soothes-softens-moisturizes-skin-500ml\/","title":{"rendered":"CREMA CORPORAL COSMO AQUEOUS SOOTHES, SOFTENS &amp; MOISTURIZES SKIN 500ML"},"content":{"rendered":"<p><img loading=\"lazy\" decoding=\"async\" class=\"\" src=\"https:\/\/cosmocosmetics.ae\/cdn\/shop\/files\/logo-cosmo-regeister.png?v=1729761767&amp;width=340\" width=\"146\" height=\"31\" \/><\/p>\n<h1>AQUEOUS SOOTHES, SOFTENS &amp; MOISTURIZES SKIN<\/h1>\n<p>Nuestra Crema Corporal Acuosa es una lujosa mezcla de ingredientes nutritivos que proporciona una hidrataci\u00f3n intensa y duradera. Enriquecida con emolientes y extractos, esta f\u00f3rmula ayuda a suavizar, calmar y rehidratar la piel.<\/p>\n<h5><span dir=\"auto\">CARACTER\u00cdSTICAS<\/span><\/h5>\n<ul>\n<li><span dir=\"auto\">\u00a0R\u00e1pida absorci\u00f3n: penetra la piel r\u00e1pidamente para una hidrataci\u00f3n instant\u00e1nea.<\/span><\/li>\n<li><span dir=\"auto\">Suavizante y calmante: los emolientes y extractos ayudan a calmar y aliviar la piel irritada.<\/span><\/li>\n<li><span dir=\"auto\">Rehidratante: Repone los niveles de humedad, previniendo la sequedad y la descamaci\u00f3n.<\/span><\/li>\n<li><span dir=\"auto\">Brillo saludable: promueve una tez radiante y juvenil.<\/span><\/li>\n<\/ul>\n","protected":false},"excerpt":{"rendered":"<p>AQUEOUS SOOTHES, SOFTENS &amp; MOISTURIZES SKIN Nuestra Crema Corporal Acuosa es una lujosa mezcla de ingredientes nutritivos que proporciona una<\/p>\n","protected":false},"featured_media":90623,"comment_status":"open","ping_status":"closed","template":"","meta":{"nf_dc_page":""},"product_brand":[103],"product_cat":[85],"product_tag":[],"class_list":{"0":"post-90622","1":"product","2":"type-product","3":"status-publish","4":"has-post-thumbnail","6":"product_brand-cosmo","7":"product_cat-cosmeticos","9":"first","10":"instock","11":"shipping-taxable","12":"purchasable","13":"product-type-simple"},"_links":{"self":[{"href":"https:\/\/brandss.com.py\/index\/wp-json\/wp\/v2\/product\/90622","targetHints":{"allow":["GET"]}}],"collection":[{"href":"https:\/\/brandss.com.py\/index\/wp-json\/wp\/v2\/product"}],"about":[{"href":"https:\/\/brandss.com.py\/index\/wp-json\/wp\/v2\/types\/product"}],"replies":[{"embeddable":true,"href":"https:\/\/brandss.com.py\/index\/wp-json\/wp\/v2\/comments?post=90622"}],"version-history":[{"count":1,"href":"https:\/\/brandss.com.py\/index\/wp-json\/wp\/v2\/product\/90622\/revisions"}],"predecessor-version":[{"id":90624,"href":"https:\/\/brandss.com.py\/index\/wp-json\/wp\/v2\/product\/90622\/revisions\/90624"}],"wp:featuredmedia":[{"embeddable":true,"href":"https:\/\/brandss.com.py\/index\/wp-json\/wp\/v2\/media\/90623"}],"wp:attachment":[{"href":"https:\/\/brandss.com.py\/index\/wp-json\/wp\/v2\/media?parent=90622"}],"wp:term":[{"taxonomy":"product_brand","embeddable":true,"href":"https:\/\/brandss.com.py\/index\/wp-json\/wp\/v2\/product_brand?post=90622"},{"taxonomy":"product_cat","embeddable":true,"href":"https:\/\/brandss.com.py\/index\/wp-json\/wp\/v2\/product_cat?post=90622"},{"taxonomy":"product_tag","embeddable":true,"href":"https:\/\/brandss.com.py\/index\/wp-json\/wp\/v2\/product_tag?post=90622"}],"curies":[{"name":"wp","href":"https:\/\/api.w.org\/{rel}","templated":true}]}}