{"id":90628,"date":"2025-09-16T14:38:03","date_gmt":"2025-09-16T14:38:03","guid":{"rendered":"https:\/\/brandss.com.py\/index\/?post_type=product&#038;p=90628"},"modified":"2025-10-29T13:54:25","modified_gmt":"2025-10-29T13:54:25","slug":"shampoo-capilar-cosmo-hair-colour-light-brown-180ml","status":"publish","type":"product","link":"https:\/\/brandss.com.py\/index\/producto\/shampoo-capilar-cosmo-hair-colour-light-brown-180ml\/","title":{"rendered":"SHAMPOO CAPILAR COSMO HAIR COLOUR LIGHT BROWN 180ML"},"content":{"rendered":"<p><img loading=\"lazy\" decoding=\"async\" class=\"\" src=\"https:\/\/cosmocosmetics.ae\/cdn\/shop\/files\/logo-cosmo-regeister.png?v=1729761767&amp;width=340\" width=\"170\" height=\"36\" \/><\/p>\n<h1>HAIR COLOUR LIGHT BROWN<\/h1>\n<p>Para un toque suave y natural, el champ\u00fa color casta\u00f1o claro realza el cabello con una sutil calidez y volumen. Su f\u00f3rmula suave ofrece una cobertura total, a la vez que acondiciona y nutre cada hebra. Ideal para quienes buscan un look c\u00e1lido y discreto, este champ\u00fa deja el cabello con un aspecto radiante y saludable.<\/p>\n<h5><span dir=\"auto\">CARACTER\u00cdSTICAS<\/span><\/h5>\n<ul>\n<li><span dir=\"auto\">Cobertura del 100% de canas en 5 minutos.<\/span><\/li>\n<li><span dir=\"auto\">Sin amoniaco, suave para el cabello.<\/span><\/li>\n<li><span dir=\"auto\">Suaviza y aporta brillo al vello facial grueso.<\/span><\/li>\n<li><span dir=\"auto\">Enriquecido con extractos naturales para nutrir.<\/span><\/li>\n<\/ul>\n<h3 class=\"title-heading\"><span dir=\"auto\">C\u00f3mo utilizar<\/span><\/h3>\n<p class=\"text-center\"><img decoding=\"async\" src=\"https:\/\/cdn.shopify.com\/s\/files\/1\/0717\/3334\/6626\/files\/hair-colopur-bottom.png?v=1678250889\" \/><\/p>\n<div class=\"content-center\">\n<p class=\"text-center\"><span dir=\"auto\">1. M\u00f3jate bien las manos. Aseg\u00farate de que tu cabello est\u00e9 completamente seco, sin grasa ni polvo. <\/span><\/p>\n<p class=\"text-center\"><span dir=\"auto\">2. El envase incluye dos champ\u00fas diferentes. Aplica el producto sobre las manos mojadas y m\u00e9zclalos bien. Deja que forme espuma.<\/span><\/p>\n<p class=\"text-center\"><span dir=\"auto\">3. Aplica la espuma uniformemente sobre el cabello y masajea bien.<\/span><\/p>\n<p class=\"text-center\"><span dir=\"auto\">4. L\u00e1vate las manos con jab\u00f3n o jab\u00f3n de manos dentro de los 3 minutos posteriores al contacto.<\/span><\/p>\n<p class=\"text-center\"><span dir=\"auto\">5. Espera de 10 a 15 minutos. Espera de 3 a 5 minutos adicionales si tienes m\u00e1s canas o para un color m\u00e1s intenso. Luego, enjuaga el cabello con abundante agua.<\/span><\/p>\n<\/div>\n","protected":false},"excerpt":{"rendered":"<p>HAIR COLOUR LIGHT BROWN Para un toque suave y natural, el champ\u00fa color casta\u00f1o claro realza el cabello con una<\/p>\n","protected":false},"featured_media":90629,"comment_status":"open","ping_status":"closed","template":"","meta":{"nf_dc_page":""},"product_brand":[103],"product_cat":[85],"product_tag":[1171],"class_list":{"0":"post-90628","1":"product","2":"type-product","3":"status-publish","4":"has-post-thumbnail","6":"product_brand-cosmo","7":"product_cat-cosmeticos","8":"product_tag-1171","10":"first","11":"outofstock","12":"shipping-taxable","13":"purchasable","14":"product-type-simple"},"_links":{"self":[{"href":"https:\/\/brandss.com.py\/index\/wp-json\/wp\/v2\/product\/90628","targetHints":{"allow":["GET"]}}],"collection":[{"href":"https:\/\/brandss.com.py\/index\/wp-json\/wp\/v2\/product"}],"about":[{"href":"https:\/\/brandss.com.py\/index\/wp-json\/wp\/v2\/types\/product"}],"replies":[{"embeddable":true,"href":"https:\/\/brandss.com.py\/index\/wp-json\/wp\/v2\/comments?post=90628"}],"version-history":[{"count":1,"href":"https:\/\/brandss.com.py\/index\/wp-json\/wp\/v2\/product\/90628\/revisions"}],"predecessor-version":[{"id":90632,"href":"https:\/\/brandss.com.py\/index\/wp-json\/wp\/v2\/product\/90628\/revisions\/90632"}],"wp:featuredmedia":[{"embeddable":true,"href":"https:\/\/brandss.com.py\/index\/wp-json\/wp\/v2\/media\/90629"}],"wp:attachment":[{"href":"https:\/\/brandss.com.py\/index\/wp-json\/wp\/v2\/media?parent=90628"}],"wp:term":[{"taxonomy":"product_brand","embeddable":true,"href":"https:\/\/brandss.com.py\/index\/wp-json\/wp\/v2\/product_brand?post=90628"},{"taxonomy":"product_cat","embeddable":true,"href":"https:\/\/brandss.com.py\/index\/wp-json\/wp\/v2\/product_cat?post=90628"},{"taxonomy":"product_tag","embeddable":true,"href":"https:\/\/brandss.com.py\/index\/wp-json\/wp\/v2\/product_tag?post=90628"}],"curies":[{"name":"wp","href":"https:\/\/api.w.org\/{rel}","templated":true}]}}