{"id":90638,"date":"2025-09-16T16:41:50","date_gmt":"2025-09-16T16:41:50","guid":{"rendered":"https:\/\/brandss.com.py\/index\/?post_type=product&#038;p=90638"},"modified":"2025-09-16T16:43:11","modified_gmt":"2025-09-16T16:43:11","slug":"shampoo-capilar-cosmo-hair-naturals-onion-oil-nourish-strengthen-1000ml","status":"publish","type":"product","link":"https:\/\/brandss.com.py\/index\/producto\/shampoo-capilar-cosmo-hair-naturals-onion-oil-nourish-strengthen-1000ml\/","title":{"rendered":"SHAMPOO CAPILAR COSMO HAIR NATURALS ONION OIL NOURISH &amp; STRENGTHEN 1000ML"},"content":{"rendered":"<p><img loading=\"lazy\" decoding=\"async\" class=\"\" src=\"https:\/\/cosmocosmetics.ae\/cdn\/shop\/files\/logo-cosmo-regeister.png?v=1729761767&amp;width=340\" width=\"147\" height=\"31\" \/><\/p>\n<h1>HAIR NATURALS ONION OIL<\/h1>\n<p><span dir=\"auto\">Presentamos el champ\u00fa COSMO Onion Oil Growth &amp; Nourishment, la soluci\u00f3n definitiva para un cabello m\u00e1s fuerte y saludable.\u00a0<\/span><\/p>\n<p><span dir=\"auto\">Elaborada por expertos con los beneficios del aceite de cebolla, esta potente f\u00f3rmula restaura el brillo y la vitalidad naturales de tu cabello. Enriquecida con vitaminas y antioxidantes naturales, penetra profundamente en el cuero cabelludo para promover el crecimiento del cabello y nutrirlo. Ideal para todo tipo de cabello, incluido el seco y da\u00f1ado, este champ\u00fa fortalece los fol\u00edculos pilosos, reduce la ca\u00edda y deja el cabello brillante, sedoso y suave. Su f\u00f3rmula no pegajosa es perfecta para el uso diario, eliminando eficazmente la suciedad y las impurezas sin da\u00f1ar los aceites naturales.<\/span><\/p>\n<div class=\"experience-component experience-dynamic-productLongDescription\">\n<div id=\"longDescription\" class=\"container product-long-description\">\n<div class=\"row\">\n<div class=\"col-12 col-md-8 description-text\">\n<div class=\"metafield-rich_text_field\">\n<div class=\"experience-component experience-dynamic-productLongDescription\">\n<div id=\"longDescription\" class=\"container product-long-description\">\n<div class=\"row\">\n<div class=\"col-12 col-md-8 description-text\">\n<div class=\"metafield-rich_text_field\">\n<h5><span dir=\"auto\">CARACTER\u00cdSTICAS<\/span><\/h5>\n<ul>\n<li><span dir=\"auto\">Promueve el crecimiento del cabello: Enriquecido con aceite de cebolla para estimular el crecimiento y la vitalidad del cabello.<\/span><\/li>\n<li><span dir=\"auto\">Nutre profundamente: las vitaminas y los antioxidantes penetran en el cuero cabelludo para una nutrici\u00f3n profunda.<\/span><\/li>\n<li><span dir=\"auto\">Fortalece los fol\u00edculos: Reduce la ca\u00edda y la rotura del cabello al fortalecerlos.<\/span><br \/>\n<span dir=\"auto\">Realza el brillo: Deja el cabello brillante, sedoso y suave.<\/span><\/li>\n<li><span dir=\"auto\">Adecuado para todo tipo de cabello: perfecto para uso diario en todo tipo de cabello, incluido el cabello seco y da\u00f1ado.<\/span><\/li>\n<li><span dir=\"auto\">Limpieza suave: f\u00f3rmula no pegajosa que elimina eficazmente la suciedad y las impurezas sin eliminar los aceites naturales.<\/span><br \/>\n<img decoding=\"async\" class=\"alignleft\" src=\"https:\/\/cosmocosmetics.ae\/cdn\/shop\/files\/New_Project_25_64x64.png?v=1723527115\" \/><img decoding=\"async\" class=\"alignleft\" src=\"https:\/\/cosmocosmetics.ae\/cdn\/shop\/files\/New_Project_23_64x64.png?v=1723528105\" \/><\/p>\n<p>&nbsp;<\/p>\n<p><img decoding=\"async\" src=\"https:\/\/cosmocosmetics.ae\/cdn\/shop\/files\/New_Project_24_64x64.png?v=1723528130\" \/>&nbsp;<\/li>\n<\/ul>\n<\/div>\n<\/div>\n<div class=\"col-12 col-md-4 description-icon\">\n<div class=\"content-asset\"><\/div>\n<\/div>\n<\/div>\n<\/div>\n<\/div>\n<div class=\"experience-component experience-dynamic-productRoutineCustom\">\n<div id=\"productRoutine\" class=\"container-fluid product-routine-custom\">\n<div class=\"row custom\">\n<div class=\"col-12 carousel-heading mb-1\">\n<h5 class=\"carousel-title brand-primary\"><span dir=\"auto\">MODO DE EMPLEO<\/span><\/h5>\n<\/div>\n<\/div>\n<div class=\"row routine-wrapper\">\n<div class=\"col-12 product-routine-custom-line\">\n<div class=\"content-asset\">\n<div class=\"routine-item\">\n<div class=\"routine-image\"><img loading=\"lazy\" decoding=\"async\" class=\"w-100 alignleft\" src=\"https:\/\/cosmocosmetics.ae\/cdn\/shop\/files\/how_to_3.jpg?v=1723095133\" alt=\"\" width=\"160\" height=\"160\" \/><\/p>\n<div class=\"routine-middle col-md-12\">\n<p>&nbsp;<\/p>\n<p class=\"routine-step\"><span dir=\"auto\">PASO 1: Enjuague<\/span><\/p>\n<div class=\"routine-copy\"><span dir=\"auto\">Enjuague bien y seque con palmaditas.<\/span><\/div>\n<\/div>\n<\/div>\n<\/div>\n<\/div>\n<\/div>\n<div class=\"col-12 product-routine-custom-line\">\n<div class=\"content-asset\">\n<div class=\"routine-item\">\n<div class=\"routine-image\"><img loading=\"lazy\" decoding=\"async\" class=\"w-100 alignleft\" src=\"https:\/\/cosmocosmetics.ae\/cdn\/shop\/files\/how_to_2.jpg?v=1723095097\" alt=\"\" width=\"160\" height=\"160\" \/><\/p>\n<div class=\"routine-middle col-md-12\">\n<p>&nbsp;<\/p>\n<p class=\"routine-step\"><span dir=\"auto\">PASO 2: Enjabonar<\/span><\/p>\n<div class=\"routine-copy\"><span dir=\"auto\">Masajear suavemente con movimientos circulares para crear espuma.<\/span><\/div>\n<\/div>\n<\/div>\n<\/div>\n<\/div>\n<\/div>\n<div class=\"col-12 product-routine-custom-line\">\n<div class=\"content-asset\">\n<div class=\"routine-item\">\n<div class=\"routine-image\"><img loading=\"lazy\" decoding=\"async\" class=\"w-100 alignleft\" src=\"https:\/\/cosmocosmetics.ae\/cdn\/shop\/files\/how_to_1.jpg?v=1723095005\" alt=\"\" width=\"160\" height=\"160\" \/><\/p>\n<div class=\"routine-middle col-md-12\">\n<p>&nbsp;<\/p>\n<p class=\"routine-step\"><span dir=\"auto\">PASO 3: Limpiar<\/span><\/p>\n<div class=\"routine-copy\"><span dir=\"auto\">Humedezca su rostro y cuello y luego aplique una peque\u00f1a cantidad del limpiador facial.<\/span><\/div>\n<\/div>\n<\/div>\n<div><\/div>\n<\/div>\n<\/div>\n<\/div>\n<\/div>\n<\/div>\n<\/div>\n<div class=\"experience-component experience-dynamic-productIngredients\">\n<div id=\"productIngredients\" class=\"container product-ingredients mt-3\">\n<div class=\"row\">\n<div class=\"col-12 col-md-7 mt-3 mt-md-0 ingredients-copy\">\n<div class=\"content-asset\">\n<h2><\/h2>\n<h5><span dir=\"auto\">TODOS LOS INGREDIENTES<\/span><\/h5>\n<p><img loading=\"lazy\" decoding=\"async\" class=\"w-100 alignleft\" src=\"https:\/\/cosmocosmetics.ae\/cdn\/shop\/files\/Onion.webp?v=1723786612\" width=\"266\" height=\"176\" \/><br \/>\n<span dir=\"auto\">El aceite de cebolla, rico en azufre, potasio y antioxidantes, reduce la ca\u00edda del cabello y acelera su crecimiento.<\/span><\/p>\n<\/div>\n<\/div>\n<\/div>\n<\/div>\n<\/div>\n<\/div>\n<\/div>\n<\/div>\n<\/div>\n<\/div>\n","protected":false},"excerpt":{"rendered":"<p>HAIR NATURALS ONION OIL Presentamos el champ\u00fa COSMO Onion Oil Growth &amp; Nourishment, la soluci\u00f3n definitiva para un cabello m\u00e1s<\/p>\n","protected":false},"featured_media":90639,"comment_status":"open","ping_status":"closed","template":"","meta":{"nf_dc_page":""},"product_brand":[103],"product_cat":[85],"product_tag":[],"class_list":{"0":"post-90638","1":"product","2":"type-product","3":"status-publish","4":"has-post-thumbnail","6":"product_brand-cosmo","7":"product_cat-cosmeticos","9":"first","10":"instock","11":"shipping-taxable","12":"purchasable","13":"product-type-simple"},"_links":{"self":[{"href":"https:\/\/brandss.com.py\/index\/wp-json\/wp\/v2\/product\/90638","targetHints":{"allow":["GET"]}}],"collection":[{"href":"https:\/\/brandss.com.py\/index\/wp-json\/wp\/v2\/product"}],"about":[{"href":"https:\/\/brandss.com.py\/index\/wp-json\/wp\/v2\/types\/product"}],"replies":[{"embeddable":true,"href":"https:\/\/brandss.com.py\/index\/wp-json\/wp\/v2\/comments?post=90638"}],"version-history":[{"count":1,"href":"https:\/\/brandss.com.py\/index\/wp-json\/wp\/v2\/product\/90638\/revisions"}],"predecessor-version":[{"id":90640,"href":"https:\/\/brandss.com.py\/index\/wp-json\/wp\/v2\/product\/90638\/revisions\/90640"}],"wp:featuredmedia":[{"embeddable":true,"href":"https:\/\/brandss.com.py\/index\/wp-json\/wp\/v2\/media\/90639"}],"wp:attachment":[{"href":"https:\/\/brandss.com.py\/index\/wp-json\/wp\/v2\/media?parent=90638"}],"wp:term":[{"taxonomy":"product_brand","embeddable":true,"href":"https:\/\/brandss.com.py\/index\/wp-json\/wp\/v2\/product_brand?post=90638"},{"taxonomy":"product_cat","embeddable":true,"href":"https:\/\/brandss.com.py\/index\/wp-json\/wp\/v2\/product_cat?post=90638"},{"taxonomy":"product_tag","embeddable":true,"href":"https:\/\/brandss.com.py\/index\/wp-json\/wp\/v2\/product_tag?post=90638"}],"curies":[{"name":"wp","href":"https:\/\/api.w.org\/{rel}","templated":true}]}}