{"id":90644,"date":"2025-09-16T17:10:41","date_gmt":"2025-09-16T17:10:41","guid":{"rendered":"https:\/\/brandss.com.py\/index\/?post_type=product&#038;p=90644"},"modified":"2025-09-16T17:11:15","modified_gmt":"2025-09-16T17:11:15","slug":"shampoo-capilar-cosmo-hair-naturals-garlic-oil-anti-breakage-1000ml","status":"publish","type":"product","link":"https:\/\/brandss.com.py\/index\/producto\/shampoo-capilar-cosmo-hair-naturals-garlic-oil-anti-breakage-1000ml\/","title":{"rendered":"SHAMPOO CAPILAR COSMO HAIR NATURALS GARLIC OIL ANTI-BREAKAGE 1000ML"},"content":{"rendered":"<p><img loading=\"lazy\" decoding=\"async\" class=\"\" src=\"https:\/\/cosmocosmetics.ae\/cdn\/shop\/files\/logo-cosmo-regeister.png?v=1729761767&amp;width=340\" width=\"156\" height=\"33\" \/><\/p>\n<h1>HAIR NATURALS GARLIC OIL<\/h1>\n<p><span dir=\"auto\">El champ\u00fa para el tratamiento de la ca\u00edda del cabello con aceite de ajo COSMO es su soluci\u00f3n todo en uno para combatir la ca\u00edda del cabello y promover el crecimiento saludable del cabello.\u00a0<\/span><\/p>\n<p><span dir=\"auto\">Enriquecido con aceite de ajo, conocido por su alto contenido de azufre, este champ\u00fa nutre y fortalece los fol\u00edculos pilosos, ayudando a reducir el debilitamiento del cabello y a promover el crecimiento. Su f\u00f3rmula tambi\u00e9n estimula la circulaci\u00f3n sangu\u00ednea del cuero cabelludo, asegurando que los nutrientes esenciales lleguen a la ra\u00edz. Enriquecido con vitaminas, minerales y biotina naturales, repara y fortalece el cabello da\u00f1ado, haci\u00e9ndolo m\u00e1s fuerte y resistente. Apto para todo tipo de cabello, especialmente para cuero cabelludo graso, este champ\u00fa no contiene qu\u00edmicos agresivos y es seguro para el uso diario.<\/span><\/p>\n<div class=\"experience-component experience-dynamic-productLongDescription\">\n<div id=\"longDescription\" class=\"container product-long-description\">\n<div class=\"row\">\n<div class=\"col-12 col-md-8 description-text\">\n<div class=\"metafield-rich_text_field\">\n<h5><span dir=\"auto\">CARACTER\u00cdSTICAS<\/span><\/h5>\n<ul>\n<li><span dir=\"auto\">Reduce la ca\u00edda del cabello: el aceite de ajo fortalece los fol\u00edculos pilosos y reduce el debilitamiento.<\/span><\/li>\n<li><span dir=\"auto\">Promueve el crecimiento: El alto contenido de azufre y biotina favorecen el crecimiento del cabello y previenen la rotura.<\/span><\/li>\n<li><span dir=\"auto\">Estimula la circulaci\u00f3n: mejora el flujo sangu\u00edneo al cuero cabelludo para una mejor distribuci\u00f3n de nutrientes.<\/span><\/li>\n<li><span dir=\"auto\">Repara da\u00f1os: Enriquecido con vitaminas y minerales para reparar y fortalecer el cabello.<\/span><\/li>\n<li><span dir=\"auto\">Apto para todo tipo de cabello: ideal para uso diario, especialmente beneficioso para el cuero cabelludo graso.<\/span><\/li>\n<li><span dir=\"auto\">Libre de qu\u00edmicos: libre de qu\u00edmicos agresivos, seguro para cueros cabelludos sensibles.<\/span>\n<p><img decoding=\"async\" class=\"alignleft\" src=\"https:\/\/cosmocosmetics.ae\/cdn\/shop\/files\/New_Project_25_64x64.png?v=1723527115\" \/>&nbsp;<\/p>\n<p><img decoding=\"async\" class=\"alignleft\" src=\"https:\/\/cosmocosmetics.ae\/cdn\/shop\/files\/New_Project_23_64x64.png?v=1723528105\" \/>&nbsp;<\/p>\n<p><img decoding=\"async\" src=\"https:\/\/cosmocosmetics.ae\/cdn\/shop\/files\/New_Project_24_64x64.png?v=1723528130\" \/>&nbsp;<\/p>\n<div class=\"content-asset\">\n<div class=\"routine-item\">\n<div class=\"routine-image\"><\/div>\n<\/div>\n<\/div>\n<\/li>\n<\/ul>\n<\/div>\n<\/div>\n<div class=\"col-12 col-md-4 description-icon\">\n<div class=\"content-asset\"><\/div>\n<\/div>\n<\/div>\n<\/div>\n<\/div>\n<div class=\"experience-component experience-dynamic-productRoutineCustom\">\n<div id=\"productRoutine\" class=\"container-fluid product-routine-custom\">\n<div class=\"row custom\">\n<div class=\"col-12 carousel-heading mb-1\">\n<div class=\"row custom\">\n<div class=\"col-12 carousel-heading mb-1\"><\/div>\n<\/div>\n<div class=\"row routine-wrapper\"><\/div>\n<\/div>\n<\/div>\n<\/div>\n<\/div>\n<div class=\"experience-component experience-dynamic-productIngredients\">\n<div id=\"productIngredients\" class=\"container product-ingredients mt-3\">\n<div class=\"row\">\n<div class=\"col-12 col-md-7 mt-3 mt-md-0 ingredients-copy\">\n<div class=\"content-asset\">\n<h5><span dir=\"auto\">TODOS LOS INGREDIENTES<\/span><\/h5>\n<p><span dir=\"auto\">Reduce la ca\u00edda del cabello: El aceite de ajo fortalece los fol\u00edculos pilosos y reduce el debilitamiento.<\/span><br \/>\n<span dir=\"auto\">Promueve el crecimiento: Su alto contenido de azufre y biotina favorecen el crecimiento del cabello y previenen la rotura.<\/span><\/p>\n<p><img loading=\"lazy\" decoding=\"async\" class=\"w-100 alignleft\" src=\"https:\/\/cosmocosmetics.ae\/cdn\/shop\/files\/Garlic_53230748-9cd5-4fb9-9f9c-22cdb79e08ef.jpg?v=1723013457\" width=\"257\" height=\"170\" \/>Estimula la circulaci\u00f3n: Mejora el flujo sangu\u00edneo al cuero cabelludo para una mejor distribuci\u00f3n de nutrientes.<span dir=\"auto\">Repara el da\u00f1o: Enriquecido con vitaminas y minerales para reparar y fortalecer el cabello.<\/span><br \/>\n<span dir=\"auto\">Apto para todo tipo de cabello: Ideal para uso diario, especialmente beneficioso para cuero cabelludo graso.<\/span><br \/>\n<span dir=\"auto\">Sin qu\u00edmicos: Libre de qu\u00edmicos agresivos, seguro para cuero cabelludo sensible.<\/span><\/p>\n<\/div>\n<\/div>\n<\/div>\n<\/div>\n<\/div>\n","protected":false},"excerpt":{"rendered":"<p>HAIR NATURALS GARLIC OIL El champ\u00fa para el tratamiento de la ca\u00edda del cabello con aceite de ajo COSMO es<\/p>\n","protected":false},"featured_media":90645,"comment_status":"open","ping_status":"closed","template":"","meta":{"nf_dc_page":""},"product_brand":[103],"product_cat":[85],"product_tag":[],"class_list":{"0":"post-90644","1":"product","2":"type-product","3":"status-publish","4":"has-post-thumbnail","6":"product_brand-cosmo","7":"product_cat-cosmeticos","9":"first","10":"instock","11":"shipping-taxable","12":"purchasable","13":"product-type-simple"},"_links":{"self":[{"href":"https:\/\/brandss.com.py\/index\/wp-json\/wp\/v2\/product\/90644","targetHints":{"allow":["GET"]}}],"collection":[{"href":"https:\/\/brandss.com.py\/index\/wp-json\/wp\/v2\/product"}],"about":[{"href":"https:\/\/brandss.com.py\/index\/wp-json\/wp\/v2\/types\/product"}],"replies":[{"embeddable":true,"href":"https:\/\/brandss.com.py\/index\/wp-json\/wp\/v2\/comments?post=90644"}],"version-history":[{"count":1,"href":"https:\/\/brandss.com.py\/index\/wp-json\/wp\/v2\/product\/90644\/revisions"}],"predecessor-version":[{"id":90646,"href":"https:\/\/brandss.com.py\/index\/wp-json\/wp\/v2\/product\/90644\/revisions\/90646"}],"wp:featuredmedia":[{"embeddable":true,"href":"https:\/\/brandss.com.py\/index\/wp-json\/wp\/v2\/media\/90645"}],"wp:attachment":[{"href":"https:\/\/brandss.com.py\/index\/wp-json\/wp\/v2\/media?parent=90644"}],"wp:term":[{"taxonomy":"product_brand","embeddable":true,"href":"https:\/\/brandss.com.py\/index\/wp-json\/wp\/v2\/product_brand?post=90644"},{"taxonomy":"product_cat","embeddable":true,"href":"https:\/\/brandss.com.py\/index\/wp-json\/wp\/v2\/product_cat?post=90644"},{"taxonomy":"product_tag","embeddable":true,"href":"https:\/\/brandss.com.py\/index\/wp-json\/wp\/v2\/product_tag?post=90644"}],"curies":[{"name":"wp","href":"https:\/\/api.w.org\/{rel}","templated":true}]}}