{"id":90647,"date":"2025-09-16T17:22:58","date_gmt":"2025-09-16T17:22:58","guid":{"rendered":"https:\/\/brandss.com.py\/index\/?post_type=product&#038;p=90647"},"modified":"2025-09-16T17:24:09","modified_gmt":"2025-09-16T17:24:09","slug":"shampoo-capilar-cosmo-hair-naturals-herbal-oil-detox-hydrate-1000ml","status":"publish","type":"product","link":"https:\/\/brandss.com.py\/index\/producto\/shampoo-capilar-cosmo-hair-naturals-herbal-oil-detox-hydrate-1000ml\/","title":{"rendered":"SHAMPOO CAPILAR COSMO HAIR NATURALS HERBAL OIL DETOX &amp; HYDRATE 1000ML"},"content":{"rendered":"<p><img loading=\"lazy\" decoding=\"async\" class=\"\" src=\"https:\/\/cosmocosmetics.ae\/cdn\/shop\/files\/logo-cosmo-regeister.png?v=1729761767&amp;width=340\" width=\"146\" height=\"31\" \/><\/p>\n<h1>HAIR NATURALS HERBAL OIL<\/h1>\n<p><span dir=\"auto\">Experimente el poder restaurador de la naturaleza con el champ\u00fa rejuvenecedor y desintoxicante con aceite herbal COSMO, dise\u00f1ado para recuperar la belleza y el brillo naturales de su cabello.\u00a0<\/span><\/p>\n<p><span dir=\"auto\">Esta f\u00f3rmula expertamente elaborada combina aceites herbales desintoxicantes como \u00e1rbol de t\u00e9, romero y lavanda para limpiar y refrescar suavemente el cabello y el cuero cabelludo. Enriquecido con ingredientes naturales, este champ\u00fa promueve el crecimiento, el grosor y la fuerza del cabello, a la vez que reduce la rotura. Perfecto para todo tipo de cabello, incluido el te\u00f1ido, deja el cabello suave, sedoso y con una fragancia maravillosa, libre de qu\u00edmicos agresivos.<\/span><\/p>\n<div class=\"col-12 col-md-8 description-text\">\n<div class=\"metafield-rich_text_field\">\n<h5><span dir=\"auto\">CARACTER\u00cdSTICAS<\/span><\/h5>\n<p>&nbsp;<\/p>\n<ul>\n<li><span dir=\"auto\">Ingredientes desintoxicantes: Contiene aceites de \u00e1rbol de t\u00e9, romero y lavanda para limpiar y destapar los fol\u00edculos pilosos.<\/span><\/li>\n<li><span dir=\"auto\">Promueve el crecimiento: apoya el crecimiento y el grosor del cabello mientras nutre el cuero cabelludo.<\/span><\/li>\n<li><span dir=\"auto\">Fortalece el cabello: Fortalece las hebras del cabello desde la ra\u00edz hasta las puntas, reduciendo la rotura.<\/span><\/li>\n<li><span dir=\"auto\">F\u00f3rmula restauradora: revitaliza el cabello da\u00f1ado, dej\u00e1ndolo fresco y rejuvenecido.<\/span><\/li>\n<li><span dir=\"auto\">Adecuado para todo tipo de cabello: seguro para cabello te\u00f1ido y libre de qu\u00edmicos agresivos.<\/span><\/li>\n<li><span dir=\"auto\">Aroma calmante: deja una fragancia herbal agradable y duradera.<\/span>\n<p><img decoding=\"async\" class=\"alignleft\" src=\"https:\/\/cosmocosmetics.ae\/cdn\/shop\/files\/New_Project_25_64x64.png?v=1723527115\" \/>&nbsp;<\/p>\n<p><img decoding=\"async\" class=\"alignleft\" src=\"https:\/\/cosmocosmetics.ae\/cdn\/shop\/files\/New_Project_23_64x64.png?v=1723528105\" \/>&nbsp;<\/p>\n<p><img decoding=\"async\" src=\"https:\/\/cosmocosmetics.ae\/cdn\/shop\/files\/New_Project_24_64x64.png?v=1723528130\" \/><\/li>\n<\/ul>\n<\/div>\n<\/div>\n<div class=\"col-12 col-md-4 description-icon\">\n<div class=\"content-asset\">\n<h5 class=\"carousel-title brand-primary\"><span dir=\"auto\">MODO DE EMPLEO<\/span><\/h5>\n<div class=\"col-12 product-routine-custom-line\">\n<div class=\"content-asset\">\n<div class=\"routine-item\">\n<div class=\"routine-image\"><img loading=\"lazy\" decoding=\"async\" class=\"w-100 alignleft\" src=\"https:\/\/cosmocosmetics.ae\/cdn\/shop\/files\/how_to_1.jpg?v=1723095005\" alt=\"\" width=\"160\" height=\"160\" \/><\/p>\n<div class=\"routine-middle col-md-12\">\n<p>&nbsp;<\/p>\n<p class=\"routine-step\"><span dir=\"auto\">PASO 1: Limpiar<\/span><\/p>\n<div class=\"routine-copy\"><span dir=\"auto\">Humedezca su cabello y luego aplique una peque\u00f1a cantidad del shampoo.<\/span><\/div>\n<\/div>\n<div>\n<div class=\"col-12 product-routine-custom-line\">\n<div class=\"content-asset\">\n<div class=\"routine-item\">\n<div class=\"routine-image\"><img loading=\"lazy\" decoding=\"async\" class=\"w-100 alignleft\" src=\"https:\/\/cosmocosmetics.ae\/cdn\/shop\/files\/how_to_2.jpg?v=1723095097\" alt=\"\" width=\"156\" height=\"156\" \/><\/p>\n<div class=\"routine-middle col-md-12\">\n<p>&nbsp;<\/p>\n<p class=\"routine-step\"><span dir=\"auto\">PASO 2: Enjabonar<\/span><\/p>\n<div class=\"routine-copy\"><span dir=\"auto\">Masajear suavemente con movimientos circulares para crear espuma.<\/span><\/div>\n<div>\n<div class=\"col-12 product-routine-custom-line\">\n<div class=\"content-asset\">\n<div class=\"routine-item\">\n<div class=\"routine-image\"><img loading=\"lazy\" decoding=\"async\" class=\"w-100 alignleft\" src=\"https:\/\/cosmocosmetics.ae\/cdn\/shop\/files\/how_to_3.jpg?v=1723095133\" alt=\"\" width=\"158\" height=\"158\" \/><\/p>\n<div class=\"routine-middle col-md-12\">\n<p>&nbsp;<\/p>\n<p class=\"routine-step\"><span dir=\"auto\">PASO 3: Enjuague<\/span><\/p>\n<div class=\"routine-copy\"><span dir=\"auto\">Enjuague bien y seque con palmaditas.<\/span><\/div>\n<\/div>\n<div><\/div>\n<div>\n<div class=\"col-12 col-md-7 mt-3 mt-md-0 ingredients-copy\">\n<div class=\"content-asset\">\n<h2><\/h2>\n<h5><span dir=\"auto\">TODOS LOS INGREDIENTES<\/span><\/h5>\n<p><span dir=\"auto\">Hibisco: Ayuda a fortalecer el cabello, reducir su ca\u00edda y engrosarlo. Salvia: La salvia fortalece las ra\u00edces capilares, reduce la rotura y el debilitamien<\/span><img loading=\"lazy\" decoding=\"async\" class=\"w-100 alignleft\" src=\"https:\/\/cosmocosmetics.ae\/cdn\/shop\/files\/Herbal_oil_2.webp?v=1723786116\" width=\"210\" height=\"139\" \/>to del cabello, y promueve un crecimiento capilar saludable.<\/p>\n<p>Romero: Ayuda a nutrir el cabello, fortaleci\u00e9ndolo, mientras que sus propiedades antiinflamatorias ayudan a calmar el cuero cabelludo.<\/p>\n<p>Aloe vera: El aloe vera es un excelente acondicionador que deja el cabello hidratado, suave y brillante. Alivia la picaz\u00f3n del cuero cabelludo, calma la irritaci\u00f3n y reduce la rotura del cabello.<\/p>\n<\/div>\n<\/div>\n<\/div>\n<\/div>\n<\/div>\n<\/div>\n<\/div>\n<\/div>\n<\/div>\n<\/div>\n<\/div>\n<\/div>\n<\/div>\n<\/div>\n<\/div>\n<\/div>\n<\/div>\n<\/div>\n<\/div>\n<\/div>\n","protected":false},"excerpt":{"rendered":"<p>HAIR NATURALS HERBAL OIL Experimente el poder restaurador de la naturaleza con el champ\u00fa rejuvenecedor y desintoxicante con aceite herbal<\/p>\n","protected":false},"featured_media":90648,"comment_status":"open","ping_status":"closed","template":"","meta":{"nf_dc_page":""},"product_brand":[103],"product_cat":[85],"product_tag":[],"class_list":{"0":"post-90647","1":"product","2":"type-product","3":"status-publish","4":"has-post-thumbnail","6":"product_brand-cosmo","7":"product_cat-cosmeticos","9":"first","10":"instock","11":"shipping-taxable","12":"purchasable","13":"product-type-simple"},"_links":{"self":[{"href":"https:\/\/brandss.com.py\/index\/wp-json\/wp\/v2\/product\/90647","targetHints":{"allow":["GET"]}}],"collection":[{"href":"https:\/\/brandss.com.py\/index\/wp-json\/wp\/v2\/product"}],"about":[{"href":"https:\/\/brandss.com.py\/index\/wp-json\/wp\/v2\/types\/product"}],"replies":[{"embeddable":true,"href":"https:\/\/brandss.com.py\/index\/wp-json\/wp\/v2\/comments?post=90647"}],"version-history":[{"count":1,"href":"https:\/\/brandss.com.py\/index\/wp-json\/wp\/v2\/product\/90647\/revisions"}],"predecessor-version":[{"id":90649,"href":"https:\/\/brandss.com.py\/index\/wp-json\/wp\/v2\/product\/90647\/revisions\/90649"}],"wp:featuredmedia":[{"embeddable":true,"href":"https:\/\/brandss.com.py\/index\/wp-json\/wp\/v2\/media\/90648"}],"wp:attachment":[{"href":"https:\/\/brandss.com.py\/index\/wp-json\/wp\/v2\/media?parent=90647"}],"wp:term":[{"taxonomy":"product_brand","embeddable":true,"href":"https:\/\/brandss.com.py\/index\/wp-json\/wp\/v2\/product_brand?post=90647"},{"taxonomy":"product_cat","embeddable":true,"href":"https:\/\/brandss.com.py\/index\/wp-json\/wp\/v2\/product_cat?post=90647"},{"taxonomy":"product_tag","embeddable":true,"href":"https:\/\/brandss.com.py\/index\/wp-json\/wp\/v2\/product_tag?post=90647"}],"curies":[{"name":"wp","href":"https:\/\/api.w.org\/{rel}","templated":true}]}}