{"id":90650,"date":"2025-09-16T17:38:34","date_gmt":"2025-09-16T17:38:34","guid":{"rendered":"https:\/\/brandss.com.py\/index\/?post_type=product&#038;p=90650"},"modified":"2025-09-16T17:39:10","modified_gmt":"2025-09-16T17:39:10","slug":"shampoo-capilar-cosmo-hair-naturals-snake-oil-damage-repair-1000ml","status":"publish","type":"product","link":"https:\/\/brandss.com.py\/index\/producto\/shampoo-capilar-cosmo-hair-naturals-snake-oil-damage-repair-1000ml\/","title":{"rendered":"SHAMPOO CAPILAR COSMO HAIR NATURALS SNAKE OIL DAMAGE REPAIR 1000ML"},"content":{"rendered":"<p><img loading=\"lazy\" decoding=\"async\" class=\"\" src=\"https:\/\/cosmocosmetics.ae\/cdn\/shop\/files\/logo-cosmo-regeister.png?v=1729761767&amp;width=340\" width=\"165\" height=\"35\" \/><\/p>\n<h1>HAIR NATURALS SNAKE OIL<\/h1>\n<p><span dir=\"auto\">Presentamos el champ\u00fa reparador de da\u00f1os COSMO Snake Oil, la soluci\u00f3n definitiva para el cabello da\u00f1ado.\u00a0<\/span><\/p>\n<p><span dir=\"auto\">Esta f\u00f3rmula \u00fanica est\u00e1 enriquecida con aceite de serpiente natural, conocido por su alto contenido en amino\u00e1cidos y \u00e1cidos grasos esenciales, que nutren y reparan profundamente el cabello desde dentro. Perfecto para quienes usan habitualmente herramientas de peinado con calor o tratamientos qu\u00edmicos, este champ\u00fa revitaliza el cabello opaco y sin vida, promoviendo un crecimiento capilar sano y aportando fuerza y \u200b\u200bbrillo. Apto para todo tipo de cabello, incluido el te\u00f1ido, proporciona resultados duraderos, dejando tu cabello con una apariencia y sensaci\u00f3n de rejuvenecimiento.<\/span><\/p>\n<div class=\"experience-component experience-dynamic-productLongDescription\">\n<div id=\"longDescription\" class=\"container product-long-description\">\n<div class=\"row\">\n<div class=\"col-12 col-md-8 description-text\">\n<div class=\"metafield-rich_text_field\">\n<h5><span dir=\"auto\">CARACTER\u00cdSTICAS<\/span><\/h5>\n<p>&nbsp;<\/p>\n<ul>\n<li><span dir=\"auto\">Nutrici\u00f3n profunda: enriquecida con aceite de serpiente para una hidrataci\u00f3n y reparaci\u00f3n intensa.<\/span><\/li>\n<li><span dir=\"auto\">Fortalece el cabello: Contiene amino\u00e1cidos y \u00e1cidos grasos esenciales para fortalecer las hebras del cabello.<\/span><\/li>\n<li><span dir=\"auto\">Reparaci\u00f3n de da\u00f1os: ideal para reparar da\u00f1os causados \u200b\u200bpor tratamientos qu\u00edmicos y peinados con calor.<\/span><\/li>\n<li><span dir=\"auto\">Todo tipo de cabello: adecuado para todo tipo de cabello, incluido el cabello te\u00f1ido.<\/span><\/li>\n<li><span dir=\"auto\">Resultados duraderos: proporciona beneficios duraderos para una melena abundante y saludable.<\/span>\n<p><img decoding=\"async\" class=\"alignleft\" src=\"https:\/\/cosmocosmetics.ae\/cdn\/shop\/files\/New_Project_25_64x64.png?v=1723527115\" \/>&nbsp;<\/p>\n<p><img decoding=\"async\" class=\"alignleft\" src=\"https:\/\/cosmocosmetics.ae\/cdn\/shop\/files\/New_Project_23_64x64.png?v=1723528105\" \/>&nbsp;<\/p>\n<p><img decoding=\"async\" src=\"https:\/\/cosmocosmetics.ae\/cdn\/shop\/files\/New_Project_24_64x64.png?v=1723528130\" \/>&nbsp;<\/li>\n<\/ul>\n<\/div>\n<\/div>\n<div class=\"col-12 col-md-4 description-icon\">\n<div class=\"content-asset\"><\/div>\n<\/div>\n<\/div>\n<\/div>\n<\/div>\n<div class=\"experience-component experience-dynamic-productRoutineCustom\">\n<div id=\"productRoutine\" class=\"container-fluid product-routine-custom\">\n<div class=\"row custom\">\n<div class=\"col-12 carousel-heading mb-1\">\n<h5 class=\"carousel-title brand-primary\"><span dir=\"auto\">MODO DE EMPLEO<\/span><\/h5>\n<div class=\"col-12 product-routine-custom-line\">\n<div class=\"content-asset\">\n<div class=\"routine-item\">\n<div class=\"routine-image\"><img loading=\"lazy\" decoding=\"async\" class=\"w-100 alignleft\" src=\"https:\/\/cosmocosmetics.ae\/cdn\/shop\/files\/how_to_1.jpg?v=1723095005\" alt=\"\" width=\"160\" height=\"160\" \/><\/p>\n<div class=\"routine-middle col-md-12\">\n<p>&nbsp;<\/p>\n<p class=\"routine-step\"><span dir=\"auto\">PASO 1: Limpiar<\/span><\/p>\n<div class=\"routine-copy\"><span dir=\"auto\">Humedezca su cabello y luego aplique una peque\u00f1a cantidad del shampoo.<\/span><\/div>\n<\/div>\n<\/div>\n<div>\n<div class=\"col-12 product-routine-custom-line\">\n<div class=\"content-asset\">\n<div class=\"routine-item\">\n<div class=\"routine-image\"><img loading=\"lazy\" decoding=\"async\" class=\"w-100 alignleft\" src=\"https:\/\/cosmocosmetics.ae\/cdn\/shop\/files\/how_to_2.jpg?v=1723095097\" alt=\"\" width=\"161\" height=\"161\" \/><\/p>\n<div class=\"routine-middle col-md-12\">\n<p>&nbsp;<\/p>\n<p class=\"routine-step\"><span dir=\"auto\">PASO 2: Enjabonar<\/span><\/p>\n<div class=\"routine-copy\"><span dir=\"auto\">Masajear suavemente con movimientos circulares para crear espuma.<\/span><\/div>\n<\/div>\n<div>\n<div class=\"col-12 product-routine-custom-line\">\n<div class=\"content-asset\">\n<div class=\"routine-item\">\n<div class=\"routine-image\"><img loading=\"lazy\" decoding=\"async\" class=\"w-100 alignleft\" src=\"https:\/\/cosmocosmetics.ae\/cdn\/shop\/files\/how_to_3.jpg?v=1723095133\" alt=\"\" width=\"159\" height=\"159\" \/><\/p>\n<div class=\"routine-middle col-md-12\">\n<p>&nbsp;<\/p>\n<p class=\"routine-step\"><span dir=\"auto\">PASO 3: Enjuague<\/span><\/p>\n<div class=\"routine-copy\"><span dir=\"auto\">Enjuague bien y seque con palmaditas.<\/span><\/div>\n<div><\/div>\n<\/div>\n<\/div>\n<\/div>\n<\/div>\n<\/div>\n<\/div>\n<\/div>\n<\/div>\n<\/div>\n<\/div>\n<\/div>\n<\/div>\n<\/div>\n<\/div>\n<\/div>\n<\/div>\n<\/div>\n<\/div>\n","protected":false},"excerpt":{"rendered":"<p>HAIR NATURALS SNAKE OIL Presentamos el champ\u00fa reparador de da\u00f1os COSMO Snake Oil, la soluci\u00f3n definitiva para el cabello da\u00f1ado.\u00a0<\/p>\n","protected":false},"featured_media":90651,"comment_status":"open","ping_status":"closed","template":"","meta":{"nf_dc_page":""},"product_brand":[103],"product_cat":[85],"product_tag":[],"class_list":{"0":"post-90650","1":"product","2":"type-product","3":"status-publish","4":"has-post-thumbnail","6":"product_brand-cosmo","7":"product_cat-cosmeticos","9":"first","10":"instock","11":"shipping-taxable","12":"purchasable","13":"product-type-simple"},"_links":{"self":[{"href":"https:\/\/brandss.com.py\/index\/wp-json\/wp\/v2\/product\/90650","targetHints":{"allow":["GET"]}}],"collection":[{"href":"https:\/\/brandss.com.py\/index\/wp-json\/wp\/v2\/product"}],"about":[{"href":"https:\/\/brandss.com.py\/index\/wp-json\/wp\/v2\/types\/product"}],"replies":[{"embeddable":true,"href":"https:\/\/brandss.com.py\/index\/wp-json\/wp\/v2\/comments?post=90650"}],"version-history":[{"count":1,"href":"https:\/\/brandss.com.py\/index\/wp-json\/wp\/v2\/product\/90650\/revisions"}],"predecessor-version":[{"id":90652,"href":"https:\/\/brandss.com.py\/index\/wp-json\/wp\/v2\/product\/90650\/revisions\/90652"}],"wp:featuredmedia":[{"embeddable":true,"href":"https:\/\/brandss.com.py\/index\/wp-json\/wp\/v2\/media\/90651"}],"wp:attachment":[{"href":"https:\/\/brandss.com.py\/index\/wp-json\/wp\/v2\/media?parent=90650"}],"wp:term":[{"taxonomy":"product_brand","embeddable":true,"href":"https:\/\/brandss.com.py\/index\/wp-json\/wp\/v2\/product_brand?post=90650"},{"taxonomy":"product_cat","embeddable":true,"href":"https:\/\/brandss.com.py\/index\/wp-json\/wp\/v2\/product_cat?post=90650"},{"taxonomy":"product_tag","embeddable":true,"href":"https:\/\/brandss.com.py\/index\/wp-json\/wp\/v2\/product_tag?post=90650"}],"curies":[{"name":"wp","href":"https:\/\/api.w.org\/{rel}","templated":true}]}}