{"id":90656,"date":"2025-09-16T18:46:04","date_gmt":"2025-09-16T18:46:04","guid":{"rendered":"https:\/\/brandss.com.py\/index\/?post_type=product&#038;p=90656"},"modified":"2025-09-16T18:46:39","modified_gmt":"2025-09-16T18:46:39","slug":"exfoliante-facial-y-corporal-cosmo-charcoal-activated-500ml","status":"publish","type":"product","link":"https:\/\/brandss.com.py\/index\/producto\/exfoliante-facial-y-corporal-cosmo-charcoal-activated-500ml\/","title":{"rendered":"EXFOLIANTE FACIAL Y CORPORAL COSMO CHARCOAL ACTIVATED 500ML"},"content":{"rendered":"<p><img loading=\"lazy\" decoding=\"async\" class=\"\" src=\"https:\/\/cosmocosmetics.ae\/cdn\/shop\/files\/logo-cosmo-regeister.png?v=1729761767&amp;width=340\" width=\"184\" height=\"39\" \/><\/p>\n<h1>CHARCOAL ACTIVATED<\/h1>\n<p><span dir=\"auto\">Experimenta la exfoliaci\u00f3n definitiva con el Exfoliante Facial y Corporal de Carb\u00f3n Activado. Este lujoso exfoliante combina el poder desintoxicante del carb\u00f3n activado con ingredientes nutritivos como aloe vera, extracto de papaya y manteca de karit\u00e9 para eliminar suavemente las c\u00e9lulas muertas y las impurezas. El polvo de c\u00e1scara de nuez proporciona un exfoliante natural que deja la piel suave, fresca y revitalizada.<\/span><\/p>\n<p><strong><span dir=\"auto\">Caracter\u00edsticas principales<\/span><\/strong><\/p>\n<ul>\n<li><span dir=\"auto\">Proporciona una exfoliaci\u00f3n profunda y purificante.<\/span><\/li>\n<li><span dir=\"auto\">Proporciona hidrataci\u00f3n nutritiva.<\/span><\/li>\n<li><span dir=\"auto\">Deja la piel suave y rejuvenecida con cada uso.<\/span><\/li>\n<\/ul>\n<h2 class=\"accordion__title js-accordion-title\" aria-expanded=\"false\"><span dir=\"auto\">C\u00f3mo utilizar<\/span><i><\/i><\/h2>\n<div class=\"accordion__content js-accordion-content\"><span dir=\"auto\">Aplicar sobre la piel h\u00fameda. Dejar actuar durante 20 minutos y masajear suavemente con las manos h\u00famedas. Enjuagar con agua tibia.<\/span><\/div>\n<div>\n<h2 class=\"accordion__title js-accordion-title\" aria-expanded=\"false\"><span dir=\"auto\">\u00bfQu\u00e9 contiene?<\/span><i><\/i><\/h2>\n<div class=\"accordion__content js-accordion-content\"><span dir=\"auto\">Aloe vera, extracto de papaya, manteca de karit\u00e9, carb\u00f3n activado.<\/span><\/div>\n<div><\/div>\n<\/div>\n","protected":false},"excerpt":{"rendered":"<p>CHARCOAL ACTIVATED Experimenta la exfoliaci\u00f3n definitiva con el Exfoliante Facial y Corporal de Carb\u00f3n Activado. Este lujoso exfoliante combina el<\/p>\n","protected":false},"featured_media":90657,"comment_status":"open","ping_status":"closed","template":"","meta":{"nf_dc_page":""},"product_brand":[103],"product_cat":[85],"product_tag":[],"class_list":{"0":"post-90656","1":"product","2":"type-product","3":"status-publish","4":"has-post-thumbnail","6":"product_brand-cosmo","7":"product_cat-cosmeticos","9":"first","10":"instock","11":"shipping-taxable","12":"purchasable","13":"product-type-simple"},"_links":{"self":[{"href":"https:\/\/brandss.com.py\/index\/wp-json\/wp\/v2\/product\/90656","targetHints":{"allow":["GET"]}}],"collection":[{"href":"https:\/\/brandss.com.py\/index\/wp-json\/wp\/v2\/product"}],"about":[{"href":"https:\/\/brandss.com.py\/index\/wp-json\/wp\/v2\/types\/product"}],"replies":[{"embeddable":true,"href":"https:\/\/brandss.com.py\/index\/wp-json\/wp\/v2\/comments?post=90656"}],"version-history":[{"count":1,"href":"https:\/\/brandss.com.py\/index\/wp-json\/wp\/v2\/product\/90656\/revisions"}],"predecessor-version":[{"id":90658,"href":"https:\/\/brandss.com.py\/index\/wp-json\/wp\/v2\/product\/90656\/revisions\/90658"}],"wp:featuredmedia":[{"embeddable":true,"href":"https:\/\/brandss.com.py\/index\/wp-json\/wp\/v2\/media\/90657"}],"wp:attachment":[{"href":"https:\/\/brandss.com.py\/index\/wp-json\/wp\/v2\/media?parent=90656"}],"wp:term":[{"taxonomy":"product_brand","embeddable":true,"href":"https:\/\/brandss.com.py\/index\/wp-json\/wp\/v2\/product_brand?post=90656"},{"taxonomy":"product_cat","embeddable":true,"href":"https:\/\/brandss.com.py\/index\/wp-json\/wp\/v2\/product_cat?post=90656"},{"taxonomy":"product_tag","embeddable":true,"href":"https:\/\/brandss.com.py\/index\/wp-json\/wp\/v2\/product_tag?post=90656"}],"curies":[{"name":"wp","href":"https:\/\/api.w.org\/{rel}","templated":true}]}}