{"id":90666,"date":"2025-09-17T10:30:31","date_gmt":"2025-09-17T10:30:31","guid":{"rendered":"https:\/\/brandss.com.py\/index\/?post_type=product&#038;p=90666"},"modified":"2025-09-17T10:31:34","modified_gmt":"2025-09-17T10:31:34","slug":"exfoliante-facial-y-corporal-cosmo-rice-milk-smoothing-500ml","status":"publish","type":"product","link":"https:\/\/brandss.com.py\/index\/producto\/exfoliante-facial-y-corporal-cosmo-rice-milk-smoothing-500ml\/","title":{"rendered":"EXFOLIANTE FACIAL Y CORPORAL COSMO RICE MILK SMOOTHING 500ML"},"content":{"rendered":"<p><img loading=\"lazy\" decoding=\"async\" class=\"\" src=\"https:\/\/cosmocosmetics.ae\/cdn\/shop\/files\/logo-cosmo-regeister.png?v=1729761767&amp;width=340\" width=\"179\" height=\"38\" \/><\/p>\n<h1>RICE MILK SMOOTHING<\/h1>\n<p><em><strong><span dir=\"auto\">Rejuvenece tu piel.<\/span><\/strong><\/em><br \/>\n<span dir=\"auto\">Dale a tu piel la luminosidad que merece con esta rica f\u00f3rmula, enriquecida con leche de arroz 100 % natural y exfoliantes suaves, que proporciona una excelente exfoliaci\u00f3n tanto para el rostro como para el cuerpo, revelando una piel m\u00e1s suave y radiante.<\/span><\/p>\n<h5><strong><span dir=\"auto\">Beneficios\u00a0<\/span><\/strong><\/h5>\n<ul>\n<li><strong><span dir=\"auto\">Exfoliaci\u00f3n suave:<\/span><\/strong><span dir=\"auto\">\u00a0gracias a sus ingredientes exfoliantes 100% naturales, Cosmo Rice Milk Scrub es lo suficientemente suave para usarse tanto en el rostro como en el cuerpo.<\/span><\/li>\n<\/ul>\n<p><strong><span dir=\"auto\">Modo de empleo:<\/span><\/strong><br \/>\n<span dir=\"auto\">Aplicar una cantidad adecuada sobre la piel h\u00fameda y masajear suavemente con las yemas de los dedos con movimientos circulares en rostro, cuello y cuerpo, evitando el contorno de ojos. Enjuagar bien. Usar 2-3 veces por semana para una piel sana y radiante.<\/span><\/p>\n","protected":false},"excerpt":{"rendered":"<p>RICE MILK SMOOTHING Rejuvenece tu piel. Dale a tu piel la luminosidad que merece con esta rica f\u00f3rmula, enriquecida con<\/p>\n","protected":false},"featured_media":90667,"comment_status":"open","ping_status":"closed","template":"","meta":{"nf_dc_page":""},"product_brand":[103],"product_cat":[85],"product_tag":[],"class_list":{"0":"post-90666","1":"product","2":"type-product","3":"status-publish","4":"has-post-thumbnail","6":"product_brand-cosmo","7":"product_cat-cosmeticos","9":"first","10":"instock","11":"shipping-taxable","12":"purchasable","13":"product-type-simple"},"_links":{"self":[{"href":"https:\/\/brandss.com.py\/index\/wp-json\/wp\/v2\/product\/90666","targetHints":{"allow":["GET"]}}],"collection":[{"href":"https:\/\/brandss.com.py\/index\/wp-json\/wp\/v2\/product"}],"about":[{"href":"https:\/\/brandss.com.py\/index\/wp-json\/wp\/v2\/types\/product"}],"replies":[{"embeddable":true,"href":"https:\/\/brandss.com.py\/index\/wp-json\/wp\/v2\/comments?post=90666"}],"version-history":[{"count":1,"href":"https:\/\/brandss.com.py\/index\/wp-json\/wp\/v2\/product\/90666\/revisions"}],"predecessor-version":[{"id":90668,"href":"https:\/\/brandss.com.py\/index\/wp-json\/wp\/v2\/product\/90666\/revisions\/90668"}],"wp:featuredmedia":[{"embeddable":true,"href":"https:\/\/brandss.com.py\/index\/wp-json\/wp\/v2\/media\/90667"}],"wp:attachment":[{"href":"https:\/\/brandss.com.py\/index\/wp-json\/wp\/v2\/media?parent=90666"}],"wp:term":[{"taxonomy":"product_brand","embeddable":true,"href":"https:\/\/brandss.com.py\/index\/wp-json\/wp\/v2\/product_brand?post=90666"},{"taxonomy":"product_cat","embeddable":true,"href":"https:\/\/brandss.com.py\/index\/wp-json\/wp\/v2\/product_cat?post=90666"},{"taxonomy":"product_tag","embeddable":true,"href":"https:\/\/brandss.com.py\/index\/wp-json\/wp\/v2\/product_tag?post=90666"}],"curies":[{"name":"wp","href":"https:\/\/api.w.org\/{rel}","templated":true}]}}