{"id":90669,"date":"2025-09-17T10:45:02","date_gmt":"2025-09-17T10:45:02","guid":{"rendered":"https:\/\/brandss.com.py\/index\/?post_type=product&#038;p=90669"},"modified":"2025-09-17T10:45:36","modified_gmt":"2025-09-17T10:45:36","slug":"exfoliante-facial-y-corporal-cosmo-turmeric-ginger-de-tan-500ml","status":"publish","type":"product","link":"https:\/\/brandss.com.py\/index\/producto\/exfoliante-facial-y-corporal-cosmo-turmeric-ginger-de-tan-500ml\/","title":{"rendered":"EXFOLIANTE FACIAL Y CORPORAL COSMO TURMERIC &amp; GINGER DE-TAN 500ML"},"content":{"rendered":"<p><img loading=\"lazy\" decoding=\"async\" class=\"\" src=\"https:\/\/cosmocosmetics.ae\/cdn\/shop\/files\/logo-cosmo-regeister.png?v=1729761767&amp;width=340\" width=\"156\" height=\"33\" \/><\/p>\n<h1>TURMERIC &amp; GINGER DE-TAN<\/h1>\n<p><span dir=\"auto\">El exfoliante facial y corporal Cosmo de c\u00farcuma y jengibre es la soluci\u00f3n perfecta para purificar y nutrir tu piel. Gracias a su exclusiva mezcla de c\u00farcuma y jengibre, le aporta a tu piel un brillo natural y una suavidad inigualable.<\/span><\/p>\n<h5><strong><span dir=\"auto\">Caracter\u00edsticas<\/span><\/strong><\/h5>\n<ul>\n<li><strong><span dir=\"auto\">Exfoliaci\u00f3n profunda:<\/span><\/strong><span dir=\"auto\">\u00a0elimina suavemente las c\u00e9lulas muertas y las impurezas, revelando una piel suave y fresca.<\/span><\/li>\n<li><strong><span dir=\"auto\">Antioxidante:<\/span><\/strong><span dir=\"auto\">\u00a0Protege la piel de los radicales libres y ayuda a retrasar los signos del envejecimiento.<\/span><\/li>\n<li><strong><span dir=\"auto\">Antiinflamatorio:<\/span><\/strong><span dir=\"auto\">\u00a0Calma la piel irritada y reduce el enrojecimiento.<\/span><\/li>\n<li><strong><span dir=\"auto\">Antibacteriano:<\/span><\/strong><span dir=\"auto\">\u00a0limpia los poros y promueve una piel saludable.<\/span><\/li>\n<li><strong><span dir=\"auto\">Hidrataci\u00f3n natural:<\/span><\/strong><span dir=\"auto\">\u00a0Nutre profundamente la piel y le proporciona la hidrataci\u00f3n necesaria.<\/span><\/li>\n<\/ul>\n<h5><strong><span dir=\"auto\">Modo de empleo<\/span><\/strong><\/h5>\n<ol>\n<li><strong><span dir=\"auto\">Preparaci\u00f3n de la piel:<\/span><\/strong><span dir=\"auto\">\u00a0Aseg\u00farese de que su piel est\u00e9 limpia y seca.<\/span><\/li>\n<li><strong><span dir=\"auto\">Aplicaci\u00f3n del papel de lija:<\/span><\/strong><span dir=\"auto\">\u00a0Tome una cantidad adecuada de papel de lija y masaj\u00e9elo suavemente en la cara y el cuerpo con movimientos circulares.<\/span><\/li>\n<li><strong><span dir=\"auto\">Centrarse en las zonas secas:<\/span><\/strong><span dir=\"auto\">\u00a0centrarse en las zonas que est\u00e1n m\u00e1s secas o que m\u00e1s necesitan cuidados.<\/span><\/li>\n<li><strong><span dir=\"auto\">Enjuague la piel:<\/span><\/strong><span dir=\"auto\">\u00a0Enjuague bien la piel con agua tibia despu\u00e9s de usar.<\/span><\/li>\n<li><strong><span dir=\"auto\">Uso regular:<\/span><\/strong><span dir=\"auto\">\u00a0\u00daselo una o dos veces por semana para obtener mejores resultados.<\/span><\/li>\n<\/ol>\n","protected":false},"excerpt":{"rendered":"<p>TURMERIC &amp; GINGER DE-TAN El exfoliante facial y corporal Cosmo de c\u00farcuma y jengibre es la soluci\u00f3n perfecta para purificar<\/p>\n","protected":false},"featured_media":90670,"comment_status":"open","ping_status":"closed","template":"","meta":{"nf_dc_page":""},"product_brand":[103],"product_cat":[85],"product_tag":[],"class_list":{"0":"post-90669","1":"product","2":"type-product","3":"status-publish","4":"has-post-thumbnail","6":"product_brand-cosmo","7":"product_cat-cosmeticos","9":"first","10":"instock","11":"shipping-taxable","12":"purchasable","13":"product-type-simple"},"_links":{"self":[{"href":"https:\/\/brandss.com.py\/index\/wp-json\/wp\/v2\/product\/90669","targetHints":{"allow":["GET"]}}],"collection":[{"href":"https:\/\/brandss.com.py\/index\/wp-json\/wp\/v2\/product"}],"about":[{"href":"https:\/\/brandss.com.py\/index\/wp-json\/wp\/v2\/types\/product"}],"replies":[{"embeddable":true,"href":"https:\/\/brandss.com.py\/index\/wp-json\/wp\/v2\/comments?post=90669"}],"version-history":[{"count":1,"href":"https:\/\/brandss.com.py\/index\/wp-json\/wp\/v2\/product\/90669\/revisions"}],"predecessor-version":[{"id":90671,"href":"https:\/\/brandss.com.py\/index\/wp-json\/wp\/v2\/product\/90669\/revisions\/90671"}],"wp:featuredmedia":[{"embeddable":true,"href":"https:\/\/brandss.com.py\/index\/wp-json\/wp\/v2\/media\/90670"}],"wp:attachment":[{"href":"https:\/\/brandss.com.py\/index\/wp-json\/wp\/v2\/media?parent=90669"}],"wp:term":[{"taxonomy":"product_brand","embeddable":true,"href":"https:\/\/brandss.com.py\/index\/wp-json\/wp\/v2\/product_brand?post=90669"},{"taxonomy":"product_cat","embeddable":true,"href":"https:\/\/brandss.com.py\/index\/wp-json\/wp\/v2\/product_cat?post=90669"},{"taxonomy":"product_tag","embeddable":true,"href":"https:\/\/brandss.com.py\/index\/wp-json\/wp\/v2\/product_tag?post=90669"}],"curies":[{"name":"wp","href":"https:\/\/api.w.org\/{rel}","templated":true}]}}