{"id":90677,"date":"2025-09-17T12:21:00","date_gmt":"2025-09-17T12:21:00","guid":{"rendered":"https:\/\/brandss.com.py\/index\/?post_type=product&#038;p=90677"},"modified":"2025-09-17T12:21:59","modified_gmt":"2025-09-17T12:21:59","slug":"crema-protector-solar-cosmo-sunscreen-spf-30-100g","status":"publish","type":"product","link":"https:\/\/brandss.com.py\/index\/producto\/crema-protector-solar-cosmo-sunscreen-spf-30-100g\/","title":{"rendered":"CREMA PROTECTOR SOLAR COSMO SUNSCREEN SPF 30+ 100G"},"content":{"rendered":"<p><img loading=\"lazy\" decoding=\"async\" class=\"\" src=\"https:\/\/cosmocosmetics.ae\/cdn\/shop\/files\/logo-cosmo-regeister.png?v=1729761767&amp;width=340\" width=\"175\" height=\"37\" \/><\/p>\n<h1>SUNSCREEN SPF 30+<\/h1>\n<p>Protege tu piel con la crema de protecci\u00f3n solar FPS 30+, dise\u00f1ada para brindar una protecci\u00f3n de amplio espectro contra los da\u00f1inos rayos UV y la luz azul. Su f\u00f3rmula resistente al agua y al sudor es no comedog\u00e9nica, lo que garantiza que tus poros se mantengan limpios mientras te mantienes activo. Enriquecida con potentes ingredientes como el etilhexil metoxicinamato y la avobenzona, esta crema ligera protege tu piel sin dejar residuos grasos.<\/p>\n<h5><span dir=\"auto\">CARACTER\u00cdSTICAS<\/span><\/h5>\n<ul>\n<li><span dir=\"auto\">Resistente al agua y al sudor para una protecci\u00f3n duradera.<\/span><\/li>\n<li><span dir=\"auto\">F\u00f3rmula no comedog\u00e9nica que no obstruye los poros.<\/span><\/li>\n<li><span dir=\"auto\">Escudos contra la luz azul y los rayos UV.<\/span><\/li>\n<li><span dir=\"auto\">Ligero y no graso para un uso diario c\u00f3modo.<\/span><\/li>\n<\/ul>\n","protected":false},"excerpt":{"rendered":"<p>SUNSCREEN SPF 30+ Protege tu piel con la crema de protecci\u00f3n solar FPS 30+, dise\u00f1ada para brindar una protecci\u00f3n de<\/p>\n","protected":false},"featured_media":90678,"comment_status":"open","ping_status":"closed","template":"","meta":{"nf_dc_page":""},"product_brand":[103],"product_cat":[85],"product_tag":[],"class_list":{"0":"post-90677","1":"product","2":"type-product","3":"status-publish","4":"has-post-thumbnail","6":"product_brand-cosmo","7":"product_cat-cosmeticos","9":"first","10":"instock","11":"shipping-taxable","12":"purchasable","13":"product-type-simple"},"_links":{"self":[{"href":"https:\/\/brandss.com.py\/index\/wp-json\/wp\/v2\/product\/90677","targetHints":{"allow":["GET"]}}],"collection":[{"href":"https:\/\/brandss.com.py\/index\/wp-json\/wp\/v2\/product"}],"about":[{"href":"https:\/\/brandss.com.py\/index\/wp-json\/wp\/v2\/types\/product"}],"replies":[{"embeddable":true,"href":"https:\/\/brandss.com.py\/index\/wp-json\/wp\/v2\/comments?post=90677"}],"version-history":[{"count":1,"href":"https:\/\/brandss.com.py\/index\/wp-json\/wp\/v2\/product\/90677\/revisions"}],"predecessor-version":[{"id":90680,"href":"https:\/\/brandss.com.py\/index\/wp-json\/wp\/v2\/product\/90677\/revisions\/90680"}],"wp:featuredmedia":[{"embeddable":true,"href":"https:\/\/brandss.com.py\/index\/wp-json\/wp\/v2\/media\/90678"}],"wp:attachment":[{"href":"https:\/\/brandss.com.py\/index\/wp-json\/wp\/v2\/media?parent=90677"}],"wp:term":[{"taxonomy":"product_brand","embeddable":true,"href":"https:\/\/brandss.com.py\/index\/wp-json\/wp\/v2\/product_brand?post=90677"},{"taxonomy":"product_cat","embeddable":true,"href":"https:\/\/brandss.com.py\/index\/wp-json\/wp\/v2\/product_cat?post=90677"},{"taxonomy":"product_tag","embeddable":true,"href":"https:\/\/brandss.com.py\/index\/wp-json\/wp\/v2\/product_tag?post=90677"}],"curies":[{"name":"wp","href":"https:\/\/api.w.org\/{rel}","templated":true}]}}