{"id":90689,"date":"2025-09-17T12:54:36","date_gmt":"2025-09-17T12:54:36","guid":{"rendered":"https:\/\/brandss.com.py\/index\/?post_type=product&#038;p=90689"},"modified":"2025-09-17T12:55:08","modified_gmt":"2025-09-17T12:55:08","slug":"mascara-capilar-cosmo-argan-oil-protein-1000ml","status":"publish","type":"product","link":"https:\/\/brandss.com.py\/index\/producto\/mascara-capilar-cosmo-argan-oil-protein-1000ml\/","title":{"rendered":"M\u00c1SCARA CAPILAR COSMO ARGAN OIL PROTEIN 1000ML"},"content":{"rendered":"<p><img loading=\"lazy\" decoding=\"async\" class=\"\" src=\"https:\/\/cosmocosmetics.ae\/cdn\/shop\/files\/logo-cosmo-regeister.png?v=1729761767&amp;width=340\" width=\"146\" height=\"31\" \/><\/p>\n<h1>ARGAN OIL PROTEIN<\/h1>\n<p>Revitaliza tu cabello con la MASCARILLA CAPILAR DE PROTE\u00cdNA + ACEITE DE ARG\u00c1N. Esta f\u00f3rmula extrafortalecedora e hidratante est\u00e1 dise\u00f1ada para revitalizar el cabello opaco, rebelde y con frizz. Enriquecida con aceite de arg\u00e1n, proporciona un brillo 3 en 1, dejando tu cabello suave, liso y radiante. Sin parabenos y elaborada con ingredientes de alta calidad como el aceite de semilla de Argania Spinosa, esta mascarilla capilar es perfecta para domar y nutrir tu cabello.<\/p>\n<h5><span dir=\"auto\">CARACTER\u00cdSTICAS<\/span><\/h5>\n<ul>\n<li><span dir=\"auto\">F\u00f3rmula extrafuerte para acondicionamiento profundo.<\/span><\/li>\n<li><span dir=\"auto\">Proporciona brillo 3 en 1 para un acabado radiante.<\/span><\/li>\n<li><span dir=\"auto\">Sin parabenos y seguro para todo tipo de cabello.<\/span><\/li>\n<li><span dir=\"auto\">Domina el frizz y revitaliza el cabello opaco y rebelde.<\/span><\/li>\n<\/ul>\n","protected":false},"excerpt":{"rendered":"<p>ARGAN OIL PROTEIN Revitaliza tu cabello con la MASCARILLA CAPILAR DE PROTE\u00cdNA + ACEITE DE ARG\u00c1N. Esta f\u00f3rmula extrafortalecedora e<\/p>\n","protected":false},"featured_media":90690,"comment_status":"open","ping_status":"closed","template":"","meta":{"nf_dc_page":""},"product_brand":[103],"product_cat":[85],"product_tag":[],"class_list":{"0":"post-90689","1":"product","2":"type-product","3":"status-publish","4":"has-post-thumbnail","6":"product_brand-cosmo","7":"product_cat-cosmeticos","9":"first","10":"instock","11":"shipping-taxable","12":"purchasable","13":"product-type-simple"},"_links":{"self":[{"href":"https:\/\/brandss.com.py\/index\/wp-json\/wp\/v2\/product\/90689","targetHints":{"allow":["GET"]}}],"collection":[{"href":"https:\/\/brandss.com.py\/index\/wp-json\/wp\/v2\/product"}],"about":[{"href":"https:\/\/brandss.com.py\/index\/wp-json\/wp\/v2\/types\/product"}],"replies":[{"embeddable":true,"href":"https:\/\/brandss.com.py\/index\/wp-json\/wp\/v2\/comments?post=90689"}],"version-history":[{"count":1,"href":"https:\/\/brandss.com.py\/index\/wp-json\/wp\/v2\/product\/90689\/revisions"}],"predecessor-version":[{"id":90691,"href":"https:\/\/brandss.com.py\/index\/wp-json\/wp\/v2\/product\/90689\/revisions\/90691"}],"wp:featuredmedia":[{"embeddable":true,"href":"https:\/\/brandss.com.py\/index\/wp-json\/wp\/v2\/media\/90690"}],"wp:attachment":[{"href":"https:\/\/brandss.com.py\/index\/wp-json\/wp\/v2\/media?parent=90689"}],"wp:term":[{"taxonomy":"product_brand","embeddable":true,"href":"https:\/\/brandss.com.py\/index\/wp-json\/wp\/v2\/product_brand?post=90689"},{"taxonomy":"product_cat","embeddable":true,"href":"https:\/\/brandss.com.py\/index\/wp-json\/wp\/v2\/product_cat?post=90689"},{"taxonomy":"product_tag","embeddable":true,"href":"https:\/\/brandss.com.py\/index\/wp-json\/wp\/v2\/product_tag?post=90689"}],"curies":[{"name":"wp","href":"https:\/\/api.w.org\/{rel}","templated":true}]}}