{"id":90698,"date":"2025-09-17T13:25:41","date_gmt":"2025-09-17T13:25:41","guid":{"rendered":"https:\/\/brandss.com.py\/index\/?post_type=product&#038;p=90698"},"modified":"2025-10-29T13:50:26","modified_gmt":"2025-10-29T13:50:26","slug":"locion-corporal-infantil-cosmo-baby-soothing-1000ml","status":"publish","type":"product","link":"https:\/\/brandss.com.py\/index\/producto\/locion-corporal-infantil-cosmo-baby-soothing-1000ml\/","title":{"rendered":"LOCI\u00d3N CORPORAL INFANTIL COSMO BABY SOOTHING 200ML"},"content":{"rendered":"<p><img loading=\"lazy\" decoding=\"async\" class=\"\" src=\"https:\/\/cosmocosmetics.ae\/cdn\/shop\/files\/logo-cosmo-regeister.png?v=1729761767&amp;width=340\" width=\"151\" height=\"32\" \/><\/p>\n<h1>BABY SOOTHING<\/h1>\n<p>Presentamos nuestra Loci\u00f3n para Beb\u00e9s &#8211; Rostro y Cuerpo, cuidadosamente elaborada para ofrecer un cuidado suave y nutritivo a la delicada piel de tu beb\u00e9. Esta loci\u00f3n garantiza una piel suave, tersa e hidratada, a la vez que aborda problemas cut\u00e1neos comunes. Enriquecida con ingredientes naturales y libre de qu\u00edmicos agresivos, est\u00e1 dermatol\u00f3gicamente probada e hipoalerg\u00e9nica, lo que la hace perfecta incluso para las pieles m\u00e1s sensibles. Su uso regular promueve una hidrataci\u00f3n profunda, alivia la sequedad y mantiene el pH natural de la piel, asegurando una barrera cut\u00e1nea sana y nutrida.<\/p>\n<div class=\"experience-component experience-dynamic-productLongDescription\">\n<div id=\"longDescription\" class=\"container product-long-description\">\n<div class=\"row\">\n<div class=\"col-12 col-md-8 description-text\">\n<div class=\"metafield-rich_text_field\">\n<h5><span dir=\"auto\">CARACTER\u00cdSTICAS<\/span><\/h5>\n<ul>\n<li><span dir=\"auto\">Sin aceites minerales, sin parabenos, sin vaselina: seguro contra productos qu\u00edmicos agresivos e ingredientes sint\u00e9ticos.<\/span><\/li>\n<li><span dir=\"auto\">Enriquecido con aceites y extractos naturales: proporciona una hidrataci\u00f3n suave y eficaz.<\/span><\/li>\n<li><span dir=\"auto\">Probado por dermat\u00f3logos e hipoalerg\u00e9nico: ideal para pieles sensibles.<\/span><\/li>\n<li><span dir=\"auto\">Hidrataci\u00f3n y retenci\u00f3n de humedad: previene la sequedad y alivia la irritaci\u00f3n.<\/span><\/li>\n<li><span dir=\"auto\">F\u00f3rmula ligera y no grasa: se absorbe r\u00e1pidamente, dejando una sensaci\u00f3n suave y aterciopelada.<\/span><\/li>\n<\/ul>\n<\/div>\n<\/div>\n<div class=\"col-12 col-md-4 description-icon\">\n<div class=\"content-asset\"><\/div>\n<\/div>\n<\/div>\n<\/div>\n<\/div>\n<div class=\"experience-component experience-dynamic-productIngredients\">\n<div id=\"productIngredients\" class=\"container product-ingredients mt-3\">\n<div class=\"row\">\n<div class=\"col-12 col-md-7 mt-3 mt-md-0 ingredients-copy\">\n<div class=\"content-asset\">\n<h5><span dir=\"auto\">TODOS LOS INGREDIENTES<\/span><\/h5>\n<p><span dir=\"auto\">Agua, palmitato de isopropilo, glicerina, estearato de glicerilo, \u00e1cido este\u00e1rico, palmitato de etilhexilo, \u00e9steres de cetilo, aceite de Prunus amygdalus d<\/span><img loading=\"lazy\" decoding=\"async\" class=\"w-100 alignleft\" src=\"https:\/\/cosmocosmetics.ae\/cdn\/shop\/files\/Body_Lotion.jpg?v=1724067172\" width=\"185\" height=\"122\" \/>ulcis (almendra), dimeticona, estearato de PEG-100, fosfato de triceteareth-4, extracto de Aloe Barbadensis (aloe vera), \u00e9ter monofen\u00edlico de etilenglicol, ciclopentasiloxano, aceite de semilla de Helianthus Annuus (girasol), carb\u00f3mero, perfume, acetato de tocoferilo, etilhexilglicerina, hidr\u00f3xido de potasio, EDTA dis\u00f3dico, cinamil carbinol, alfa-isometil ionona, cumarina, citronelol, amil cinamal, CI 17200.<\/p>\n<\/div>\n<\/div>\n<\/div>\n<\/div>\n<\/div>\n","protected":false},"excerpt":{"rendered":"<p>BABY SOOTHING Presentamos nuestra Loci\u00f3n para Beb\u00e9s &#8211; Rostro y Cuerpo, cuidadosamente elaborada para ofrecer un cuidado suave y nutritivo<\/p>\n","protected":false},"featured_media":90721,"comment_status":"open","ping_status":"closed","template":"","meta":{"nf_dc_page":""},"product_brand":[103],"product_cat":[85],"product_tag":[1167],"class_list":{"0":"post-90698","1":"product","2":"type-product","3":"status-publish","4":"has-post-thumbnail","6":"product_brand-cosmo","7":"product_cat-cosmeticos","8":"product_tag-1167","10":"first","11":"outofstock","12":"shipping-taxable","13":"purchasable","14":"product-type-simple"},"_links":{"self":[{"href":"https:\/\/brandss.com.py\/index\/wp-json\/wp\/v2\/product\/90698","targetHints":{"allow":["GET"]}}],"collection":[{"href":"https:\/\/brandss.com.py\/index\/wp-json\/wp\/v2\/product"}],"about":[{"href":"https:\/\/brandss.com.py\/index\/wp-json\/wp\/v2\/types\/product"}],"replies":[{"embeddable":true,"href":"https:\/\/brandss.com.py\/index\/wp-json\/wp\/v2\/comments?post=90698"}],"version-history":[{"count":2,"href":"https:\/\/brandss.com.py\/index\/wp-json\/wp\/v2\/product\/90698\/revisions"}],"predecessor-version":[{"id":90720,"href":"https:\/\/brandss.com.py\/index\/wp-json\/wp\/v2\/product\/90698\/revisions\/90720"}],"wp:featuredmedia":[{"embeddable":true,"href":"https:\/\/brandss.com.py\/index\/wp-json\/wp\/v2\/media\/90721"}],"wp:attachment":[{"href":"https:\/\/brandss.com.py\/index\/wp-json\/wp\/v2\/media?parent=90698"}],"wp:term":[{"taxonomy":"product_brand","embeddable":true,"href":"https:\/\/brandss.com.py\/index\/wp-json\/wp\/v2\/product_brand?post=90698"},{"taxonomy":"product_cat","embeddable":true,"href":"https:\/\/brandss.com.py\/index\/wp-json\/wp\/v2\/product_cat?post=90698"},{"taxonomy":"product_tag","embeddable":true,"href":"https:\/\/brandss.com.py\/index\/wp-json\/wp\/v2\/product_tag?post=90698"}],"curies":[{"name":"wp","href":"https:\/\/api.w.org\/{rel}","templated":true}]}}