{"id":90740,"date":"2025-09-17T17:16:38","date_gmt":"2025-09-17T17:16:38","guid":{"rendered":"https:\/\/brandss.com.py\/index\/?post_type=product&#038;p=90740"},"modified":"2025-09-17T17:17:16","modified_gmt":"2025-09-17T17:17:16","slug":"shampoo-capilar-cosmo-hijab-hair-care-275ml","status":"publish","type":"product","link":"https:\/\/brandss.com.py\/index\/producto\/shampoo-capilar-cosmo-hijab-hair-care-275ml\/","title":{"rendered":"SHAMPOO CAPILAR COSMO HIJAB HAIR CARE 275ML"},"content":{"rendered":"<p><img loading=\"lazy\" decoding=\"async\" class=\"\" src=\"https:\/\/cosmocosmetics.ae\/cdn\/shop\/files\/logo-cosmo-regeister.png?v=1729761767&amp;width=340\" width=\"170\" height=\"36\" \/><\/p>\n<h1>HIJAB HAIR CARE<\/h1>\n<p>Especialmente dise\u00f1ado para cabello cubierto, este champ\u00fa para hiyab est\u00e1 enriquecido con queratina, prote\u00ednas, p\u00e9ptidos de seda y extractos naturales para satisfacer las necesidades espec\u00edficas del cabello que se encuentra bajo el hiyab. Usar el hiyab durante per\u00edodos prolongados puede provocar picaz\u00f3n en el cuero cabelludo, caspa y cabello plano, pero esta f\u00f3rmula nutritiva ayuda a reducir la rotura y el da\u00f1o capilar. Fortalece, suaviza y repara eficazmente el cabello, dej\u00e1ndolo suave, limpio y hermoso incluso despu\u00e9s de largas horas bajo el hiyab.<\/p>\n<h5><span dir=\"auto\">CARACTER\u00cdSTICAS<\/span><\/h5>\n<ul>\n<li><span dir=\"auto\">Enriquecido con queratina y p\u00e9ptidos de seda para mayor fuerza y \u200b\u200bsuavidad.<\/span><\/li>\n<li><span dir=\"auto\">Nutre y repara el cabello debajo del hijab.<\/span><\/li>\n<li><span dir=\"auto\">Reduce la picaz\u00f3n, la caspa y el cabello plano.<\/span><\/li>\n<li><span dir=\"auto\">Protege el cabello del da\u00f1o y la rotura.<\/span><\/li>\n<\/ul>\n","protected":false},"excerpt":{"rendered":"<p>HIJAB HAIR CARE Especialmente dise\u00f1ado para cabello cubierto, este champ\u00fa para hiyab est\u00e1 enriquecido con queratina, prote\u00ednas, p\u00e9ptidos de seda<\/p>\n","protected":false},"featured_media":90741,"comment_status":"open","ping_status":"closed","template":"","meta":{"nf_dc_page":""},"product_brand":[103],"product_cat":[85],"product_tag":[],"class_list":{"0":"post-90740","1":"product","2":"type-product","3":"status-publish","4":"has-post-thumbnail","6":"product_brand-cosmo","7":"product_cat-cosmeticos","9":"first","10":"instock","11":"shipping-taxable","12":"purchasable","13":"product-type-simple"},"_links":{"self":[{"href":"https:\/\/brandss.com.py\/index\/wp-json\/wp\/v2\/product\/90740","targetHints":{"allow":["GET"]}}],"collection":[{"href":"https:\/\/brandss.com.py\/index\/wp-json\/wp\/v2\/product"}],"about":[{"href":"https:\/\/brandss.com.py\/index\/wp-json\/wp\/v2\/types\/product"}],"replies":[{"embeddable":true,"href":"https:\/\/brandss.com.py\/index\/wp-json\/wp\/v2\/comments?post=90740"}],"version-history":[{"count":1,"href":"https:\/\/brandss.com.py\/index\/wp-json\/wp\/v2\/product\/90740\/revisions"}],"predecessor-version":[{"id":90742,"href":"https:\/\/brandss.com.py\/index\/wp-json\/wp\/v2\/product\/90740\/revisions\/90742"}],"wp:featuredmedia":[{"embeddable":true,"href":"https:\/\/brandss.com.py\/index\/wp-json\/wp\/v2\/media\/90741"}],"wp:attachment":[{"href":"https:\/\/brandss.com.py\/index\/wp-json\/wp\/v2\/media?parent=90740"}],"wp:term":[{"taxonomy":"product_brand","embeddable":true,"href":"https:\/\/brandss.com.py\/index\/wp-json\/wp\/v2\/product_brand?post=90740"},{"taxonomy":"product_cat","embeddable":true,"href":"https:\/\/brandss.com.py\/index\/wp-json\/wp\/v2\/product_cat?post=90740"},{"taxonomy":"product_tag","embeddable":true,"href":"https:\/\/brandss.com.py\/index\/wp-json\/wp\/v2\/product_tag?post=90740"}],"curies":[{"name":"wp","href":"https:\/\/api.w.org\/{rel}","templated":true}]}}