{"id":90747,"date":"2025-09-17T17:39:13","date_gmt":"2025-09-17T17:39:13","guid":{"rendered":"https:\/\/brandss.com.py\/index\/?post_type=product&#038;p=90747"},"modified":"2025-09-17T17:39:44","modified_gmt":"2025-09-17T17:39:44","slug":"espuma-limpiador-facial-cosmo-glow-natural-thymol-bha-100g","status":"publish","type":"product","link":"https:\/\/brandss.com.py\/index\/producto\/espuma-limpiador-facial-cosmo-glow-natural-thymol-bha-100g\/","title":{"rendered":"ESPUMA LIMPIADOR FACIAL COSMO GLOW NATURAL THYMOL + BHA 100G"},"content":{"rendered":"<p><img loading=\"lazy\" decoding=\"async\" class=\"\" src=\"https:\/\/cosmocosmetics.ae\/cdn\/shop\/files\/logo-cosmo-regeister.png?v=1729761767&amp;width=340\" width=\"132\" height=\"28\" \/><\/p>\n<h1>GLOW NATURAL THYMOL + BHA<\/h1>\n<p>Combate el acn\u00e9 y las impurezas con la Espuma Facial de Timol y BHA. Dise\u00f1ada para pieles con tendencia acneica, esta potente f\u00f3rmula combina timol, \u00e1cido salic\u00edlico y vitamina B3 para ayudar a controlar el exceso de grasa, reducir las imperfecciones y destapar los poros. Experimenta una limpieza suave pero eficaz que deja tu piel fresca, suave y visiblemente m\u00e1s limpia con el uso constante.<\/p>\n<h5><span dir=\"auto\">CARACTER\u00cdSTICAS<\/span><\/h5>\n<ul>\n<li><span dir=\"auto\">Combate el acn\u00e9 y reduce las impurezas.<\/span><\/li>\n<li><span dir=\"auto\">Regula el exceso de grasa para una tez equilibrada.<\/span><\/li>\n<li><span dir=\"auto\">Contiene BHA (\u00e1cido salic\u00edlico) para destapar los poros.<\/span><\/li>\n<li><span dir=\"auto\">Enriquecido con vitamina B3 para una piel m\u00e1s suave y saludable.<\/span><\/li>\n<\/ul>\n","protected":false},"excerpt":{"rendered":"<p>GLOW NATURAL THYMOL + BHA Combate el acn\u00e9 y las impurezas con la Espuma Facial de Timol y BHA. Dise\u00f1ada<\/p>\n","protected":false},"featured_media":90748,"comment_status":"open","ping_status":"closed","template":"","meta":{"nf_dc_page":""},"product_brand":[103],"product_cat":[104],"product_tag":[],"class_list":{"0":"post-90747","1":"product","2":"type-product","3":"status-publish","4":"has-post-thumbnail","6":"product_brand-cosmo","7":"product_cat-skin-care","9":"first","10":"instock","11":"shipping-taxable","12":"purchasable","13":"product-type-simple"},"_links":{"self":[{"href":"https:\/\/brandss.com.py\/index\/wp-json\/wp\/v2\/product\/90747","targetHints":{"allow":["GET"]}}],"collection":[{"href":"https:\/\/brandss.com.py\/index\/wp-json\/wp\/v2\/product"}],"about":[{"href":"https:\/\/brandss.com.py\/index\/wp-json\/wp\/v2\/types\/product"}],"replies":[{"embeddable":true,"href":"https:\/\/brandss.com.py\/index\/wp-json\/wp\/v2\/comments?post=90747"}],"version-history":[{"count":1,"href":"https:\/\/brandss.com.py\/index\/wp-json\/wp\/v2\/product\/90747\/revisions"}],"predecessor-version":[{"id":90750,"href":"https:\/\/brandss.com.py\/index\/wp-json\/wp\/v2\/product\/90747\/revisions\/90750"}],"wp:featuredmedia":[{"embeddable":true,"href":"https:\/\/brandss.com.py\/index\/wp-json\/wp\/v2\/media\/90748"}],"wp:attachment":[{"href":"https:\/\/brandss.com.py\/index\/wp-json\/wp\/v2\/media?parent=90747"}],"wp:term":[{"taxonomy":"product_brand","embeddable":true,"href":"https:\/\/brandss.com.py\/index\/wp-json\/wp\/v2\/product_brand?post=90747"},{"taxonomy":"product_cat","embeddable":true,"href":"https:\/\/brandss.com.py\/index\/wp-json\/wp\/v2\/product_cat?post=90747"},{"taxonomy":"product_tag","embeddable":true,"href":"https:\/\/brandss.com.py\/index\/wp-json\/wp\/v2\/product_tag?post=90747"}],"curies":[{"name":"wp","href":"https:\/\/api.w.org\/{rel}","templated":true}]}}