{"id":90759,"date":"2025-09-17T18:04:27","date_gmt":"2025-09-17T18:04:27","guid":{"rendered":"https:\/\/brandss.com.py\/index\/?post_type=product&#038;p=90759"},"modified":"2025-09-17T18:04:55","modified_gmt":"2025-09-17T18:04:55","slug":"espuma-limpiador-facial-cosmo-glow-natural-retinol-100g","status":"publish","type":"product","link":"https:\/\/brandss.com.py\/index\/producto\/espuma-limpiador-facial-cosmo-glow-natural-retinol-100g\/","title":{"rendered":"ESPUMA LIMPIADOR FACIAL COSMO GLOW NATURAL RETINOL 100G"},"content":{"rendered":"<p><img loading=\"lazy\" decoding=\"async\" class=\"\" src=\"https:\/\/cosmocosmetics.ae\/cdn\/shop\/files\/logo-cosmo-regeister.png?v=1729761767&amp;width=340\" width=\"156\" height=\"33\" \/><\/p>\n<h1>GLOW NATURAL RETINOL<\/h1>\n<p>Libera el poder de la juventud con la Espuma Facial con Retinol, dise\u00f1ada para brindar una luminosidad antiedad y una piel radiante. Enriquecida con resorcinol, niacinamida, retinol y complejo de vitamina B3, esta f\u00f3rmula avanzada reduce eficazmente las l\u00edneas de expresi\u00f3n y las arrugas, a la vez que ilumina y nutre la piel. Disfruta de una piel m\u00e1s suave, hidratada y visiblemente revitalizada con cada uso.<\/p>\n<h5><span dir=\"auto\">CARACTER\u00cdSTICAS<\/span><\/h5>\n<ul>\n<li><span dir=\"auto\">El retinol reduce visiblemente las l\u00edneas finas y los signos del envejecimiento.<\/span><\/li>\n<li><span dir=\"auto\">El resorcinol y la niacinamida ayudan a atenuar las imperfecciones y las manchas oscuras.<\/span><\/li>\n<li><span dir=\"auto\">La vitamina B3 nutre profundamente y mejora la luminosidad de la piel.<\/span><\/li>\n<li><span dir=\"auto\">Promueve una tez joven y radiante al tiempo que previene la sequedad.<\/span><\/li>\n<\/ul>\n","protected":false},"excerpt":{"rendered":"<p>GLOW NATURAL RETINOL Libera el poder de la juventud con la Espuma Facial con Retinol, dise\u00f1ada para brindar una luminosidad<\/p>\n","protected":false},"featured_media":90760,"comment_status":"open","ping_status":"closed","template":"","meta":{"nf_dc_page":""},"product_brand":[103],"product_cat":[104],"product_tag":[],"class_list":{"0":"post-90759","1":"product","2":"type-product","3":"status-publish","4":"has-post-thumbnail","6":"product_brand-cosmo","7":"product_cat-skin-care","9":"first","10":"instock","11":"shipping-taxable","12":"purchasable","13":"product-type-simple"},"_links":{"self":[{"href":"https:\/\/brandss.com.py\/index\/wp-json\/wp\/v2\/product\/90759","targetHints":{"allow":["GET"]}}],"collection":[{"href":"https:\/\/brandss.com.py\/index\/wp-json\/wp\/v2\/product"}],"about":[{"href":"https:\/\/brandss.com.py\/index\/wp-json\/wp\/v2\/types\/product"}],"replies":[{"embeddable":true,"href":"https:\/\/brandss.com.py\/index\/wp-json\/wp\/v2\/comments?post=90759"}],"version-history":[{"count":1,"href":"https:\/\/brandss.com.py\/index\/wp-json\/wp\/v2\/product\/90759\/revisions"}],"predecessor-version":[{"id":90762,"href":"https:\/\/brandss.com.py\/index\/wp-json\/wp\/v2\/product\/90759\/revisions\/90762"}],"wp:featuredmedia":[{"embeddable":true,"href":"https:\/\/brandss.com.py\/index\/wp-json\/wp\/v2\/media\/90760"}],"wp:attachment":[{"href":"https:\/\/brandss.com.py\/index\/wp-json\/wp\/v2\/media?parent=90759"}],"wp:term":[{"taxonomy":"product_brand","embeddable":true,"href":"https:\/\/brandss.com.py\/index\/wp-json\/wp\/v2\/product_brand?post=90759"},{"taxonomy":"product_cat","embeddable":true,"href":"https:\/\/brandss.com.py\/index\/wp-json\/wp\/v2\/product_cat?post=90759"},{"taxonomy":"product_tag","embeddable":true,"href":"https:\/\/brandss.com.py\/index\/wp-json\/wp\/v2\/product_tag?post=90759"}],"curies":[{"name":"wp","href":"https:\/\/api.w.org\/{rel}","templated":true}]}}