{"id":90770,"date":"2025-09-17T18:50:08","date_gmt":"2025-09-17T18:50:08","guid":{"rendered":"https:\/\/brandss.com.py\/index\/?post_type=product&#038;p=90770"},"modified":"2025-10-29T13:43:10","modified_gmt":"2025-10-29T13:43:10","slug":"mascara-facial-cosmo-glow-complex-vitamin-c-niacinamide","status":"publish","type":"product","link":"https:\/\/brandss.com.py\/index\/producto\/mascara-facial-cosmo-glow-complex-vitamin-c-niacinamide\/","title":{"rendered":"M\u00c1SCARA FACIAL COSMO GLOW COMPLEX VITAMIN C &amp; NIACINAMIDE"},"content":{"rendered":"<p><img loading=\"lazy\" decoding=\"async\" class=\"\" src=\"https:\/\/cosmocosmetics.ae\/cdn\/shop\/files\/logo-cosmo-regeister.png?v=1729761767&amp;width=340\" width=\"165\" height=\"35\" \/><\/p>\n<h1>GLOW COMPLEX VITAMIN C &amp; NIACINAMIDE<\/h1>\n<p>Revitaliza tu piel con la mascarilla facial COSMO Glow Complex con vitamina C y niacinamida. Especialmente formulada para realzar la luminosidad natural de tu piel, esta mascarilla iluminadora es ideal para pieles cansadas y apagadas. Enriquecida con vitamina C y niacinamida, hidrata profundamente a la vez que ilumina visiblemente la piel, ayudando a minimizar la aparici\u00f3n de imperfecciones y el tono desigual. Consi\u00e9ntete con una refrescante experiencia de cuidado de la piel que te dejar\u00e1 radiante y revitalizada.<\/p>\n<h5><span dir=\"auto\">CARACTER\u00cdSTICAS<\/span><\/h5>\n<ul>\n<li><span dir=\"auto\">Enriquecido con vitamina C para iluminar y dar luminosidad.<\/span><\/li>\n<li><span dir=\"auto\">Contiene niacinamida para ayudar a unificar el tono de la piel.<\/span><\/li>\n<li><span dir=\"auto\">Hidrata y nutre profundamente la piel cansada.<\/span><\/li>\n<li><span dir=\"auto\">C\u00f3modo formato de mascarilla en l\u00e1mina para una f\u00e1cil aplicaci\u00f3n y un uso sin complicaciones.<\/span><\/li>\n<\/ul>\n","protected":false},"excerpt":{"rendered":"<p>GLOW COMPLEX VITAMIN C &amp; NIACINAMIDE Revitaliza tu piel con la mascarilla facial COSMO Glow Complex con vitamina C y<\/p>\n","protected":false},"featured_media":90771,"comment_status":"open","ping_status":"closed","template":"","meta":{"nf_dc_page":""},"product_brand":[103],"product_cat":[104],"product_tag":[1165],"class_list":{"0":"post-90770","1":"product","2":"type-product","3":"status-publish","4":"has-post-thumbnail","6":"product_brand-cosmo","7":"product_cat-skin-care","8":"product_tag-1165","10":"first","11":"outofstock","12":"shipping-taxable","13":"purchasable","14":"product-type-simple"},"_links":{"self":[{"href":"https:\/\/brandss.com.py\/index\/wp-json\/wp\/v2\/product\/90770","targetHints":{"allow":["GET"]}}],"collection":[{"href":"https:\/\/brandss.com.py\/index\/wp-json\/wp\/v2\/product"}],"about":[{"href":"https:\/\/brandss.com.py\/index\/wp-json\/wp\/v2\/types\/product"}],"replies":[{"embeddable":true,"href":"https:\/\/brandss.com.py\/index\/wp-json\/wp\/v2\/comments?post=90770"}],"version-history":[{"count":1,"href":"https:\/\/brandss.com.py\/index\/wp-json\/wp\/v2\/product\/90770\/revisions"}],"predecessor-version":[{"id":90773,"href":"https:\/\/brandss.com.py\/index\/wp-json\/wp\/v2\/product\/90770\/revisions\/90773"}],"wp:featuredmedia":[{"embeddable":true,"href":"https:\/\/brandss.com.py\/index\/wp-json\/wp\/v2\/media\/90771"}],"wp:attachment":[{"href":"https:\/\/brandss.com.py\/index\/wp-json\/wp\/v2\/media?parent=90770"}],"wp:term":[{"taxonomy":"product_brand","embeddable":true,"href":"https:\/\/brandss.com.py\/index\/wp-json\/wp\/v2\/product_brand?post=90770"},{"taxonomy":"product_cat","embeddable":true,"href":"https:\/\/brandss.com.py\/index\/wp-json\/wp\/v2\/product_cat?post=90770"},{"taxonomy":"product_tag","embeddable":true,"href":"https:\/\/brandss.com.py\/index\/wp-json\/wp\/v2\/product_tag?post=90770"}],"curies":[{"name":"wp","href":"https:\/\/api.w.org\/{rel}","templated":true}]}}