{"id":90778,"date":"2025-09-17T19:05:18","date_gmt":"2025-09-17T19:05:18","guid":{"rendered":"https:\/\/brandss.com.py\/index\/?post_type=product&#038;p=90778"},"modified":"2025-09-17T19:05:46","modified_gmt":"2025-09-17T19:05:46","slug":"mascara-facial-cosmo-refine-tone-up-charcoal-green-tea","status":"publish","type":"product","link":"https:\/\/brandss.com.py\/index\/producto\/mascara-facial-cosmo-refine-tone-up-charcoal-green-tea\/","title":{"rendered":"M\u00c1SCARA FACIAL COSMO REFINE &amp; TONE UP CHARCOAL + GREEN TEA"},"content":{"rendered":"<p><img loading=\"lazy\" decoding=\"async\" class=\"\" src=\"https:\/\/cosmocosmetics.ae\/cdn\/shop\/files\/logo-cosmo-regeister.png?v=1729761767&amp;width=340\" width=\"198\" height=\"42\" \/><\/p>\n<h1>REFINE &amp; TONE UP CHARCOAL + GREEN TEA<\/h1>\n<p>Experimenta el poder revitalizante de la Mascarilla Facial COSMO Refine &amp; Tone Up de Carb\u00f3n + T\u00e9 Verde, especialmente formulada para purificar y desintoxicar tu piel. Esta innovadora mascarilla elimina eficazmente la contaminaci\u00f3n, las impurezas y el exceso de grasa, refinando la textura de tu piel para una tez m\u00e1s clara y luminosa. Enriquecida con los beneficios del carb\u00f3n y el t\u00e9 verde, ayuda a rejuvenecer tu piel dej\u00e1ndola irresistiblemente suave y fresca.<\/p>\n<h5><span dir=\"auto\">CARACTER\u00cdSTICAS<\/span><\/h5>\n<ul>\n<li><span dir=\"auto\">Desintoxica la piel eliminando impurezas y contaminaci\u00f3n.<\/span><\/li>\n<li><span dir=\"auto\">Refina la textura de la piel para una apariencia m\u00e1s suave.<\/span><\/li>\n<li><span dir=\"auto\">Ilumina y aclara para una tez radiante.<\/span><\/li>\n<li><span dir=\"auto\">Mascarilla de hoja conveniente para una f\u00e1cil aplicaci\u00f3n y resultados r\u00e1pidos.<\/span><\/li>\n<\/ul>\n","protected":false},"excerpt":{"rendered":"<p>REFINE &amp; TONE UP CHARCOAL + GREEN TEA Experimenta el poder revitalizante de la Mascarilla Facial COSMO Refine &amp; Tone<\/p>\n","protected":false},"featured_media":90779,"comment_status":"open","ping_status":"closed","template":"","meta":{"nf_dc_page":""},"product_brand":[103],"product_cat":[104],"product_tag":[],"class_list":{"0":"post-90778","1":"product","2":"type-product","3":"status-publish","4":"has-post-thumbnail","6":"product_brand-cosmo","7":"product_cat-skin-care","9":"first","10":"instock","11":"shipping-taxable","12":"purchasable","13":"product-type-simple"},"_links":{"self":[{"href":"https:\/\/brandss.com.py\/index\/wp-json\/wp\/v2\/product\/90778","targetHints":{"allow":["GET"]}}],"collection":[{"href":"https:\/\/brandss.com.py\/index\/wp-json\/wp\/v2\/product"}],"about":[{"href":"https:\/\/brandss.com.py\/index\/wp-json\/wp\/v2\/types\/product"}],"replies":[{"embeddable":true,"href":"https:\/\/brandss.com.py\/index\/wp-json\/wp\/v2\/comments?post=90778"}],"version-history":[{"count":1,"href":"https:\/\/brandss.com.py\/index\/wp-json\/wp\/v2\/product\/90778\/revisions"}],"predecessor-version":[{"id":90781,"href":"https:\/\/brandss.com.py\/index\/wp-json\/wp\/v2\/product\/90778\/revisions\/90781"}],"wp:featuredmedia":[{"embeddable":true,"href":"https:\/\/brandss.com.py\/index\/wp-json\/wp\/v2\/media\/90779"}],"wp:attachment":[{"href":"https:\/\/brandss.com.py\/index\/wp-json\/wp\/v2\/media?parent=90778"}],"wp:term":[{"taxonomy":"product_brand","embeddable":true,"href":"https:\/\/brandss.com.py\/index\/wp-json\/wp\/v2\/product_brand?post=90778"},{"taxonomy":"product_cat","embeddable":true,"href":"https:\/\/brandss.com.py\/index\/wp-json\/wp\/v2\/product_cat?post=90778"},{"taxonomy":"product_tag","embeddable":true,"href":"https:\/\/brandss.com.py\/index\/wp-json\/wp\/v2\/product_tag?post=90778"}],"curies":[{"name":"wp","href":"https:\/\/api.w.org\/{rel}","templated":true}]}}