{"id":90782,"date":"2025-09-17T19:11:34","date_gmt":"2025-09-17T19:11:34","guid":{"rendered":"https:\/\/brandss.com.py\/index\/?post_type=product&#038;p=90782"},"modified":"2025-09-17T19:12:02","modified_gmt":"2025-09-17T19:12:02","slug":"mascara-facial-cosmo-youth-complex-retinol-collagen","status":"publish","type":"product","link":"https:\/\/brandss.com.py\/index\/producto\/mascara-facial-cosmo-youth-complex-retinol-collagen\/","title":{"rendered":"M\u00c1SCARA FACIAL COSMO YOUTH COMPLEX RETINOL + COLLAGEN"},"content":{"rendered":"<p><img loading=\"lazy\" decoding=\"async\" class=\"\" src=\"https:\/\/cosmocosmetics.ae\/cdn\/shop\/files\/logo-cosmo-regeister.png?v=1729761767&amp;width=340\" width=\"203\" height=\"43\" \/><\/p>\n<h1>YOUTH COMPLEX RETINOL + COLLAGEN<\/h1>\n<p>Revitaliza tu piel con la mascarilla de tejido COSMO Youth Complex con retinol y col\u00e1geno, dise\u00f1ada para obtener efectos antiedad y lifting. Esta potente mascarilla aprovecha los beneficios del retinol y el col\u00e1geno para reducir visiblemente los signos de la edad, a la vez que rejuvenece e ilumina tu cutis. Enriquecida con potentes ingredientes, mejora la firmeza y elasticidad de la piel, dej\u00e1ndote una luminosidad saludable y juvenil. Experimenta el tratamiento de bienestar definitivo para una apariencia radiante.<\/p>\n<h5><span dir=\"auto\">CARACTER\u00cdSTICAS<\/span><\/h5>\n<ul>\n<li><span dir=\"auto\">Reafirma y suaviza visiblemente la piel.<\/span><\/li>\n<li><span dir=\"auto\">Reduce los signos del envejecimiento para una apariencia juvenil.<\/span><\/li>\n<li><span dir=\"auto\">Mejora la elasticidad de la piel para una mejor textura.<\/span><\/li>\n<li><span dir=\"auto\">Infundido con retinol y col\u00e1geno para obtener m\u00e1ximos beneficios.<\/span><\/li>\n<\/ul>\n","protected":false},"excerpt":{"rendered":"<p>YOUTH COMPLEX RETINOL + COLLAGEN Revitaliza tu piel con la mascarilla de tejido COSMO Youth Complex con retinol y col\u00e1geno,<\/p>\n","protected":false},"featured_media":90783,"comment_status":"open","ping_status":"closed","template":"","meta":{"nf_dc_page":""},"product_brand":[103],"product_cat":[104],"product_tag":[],"class_list":{"0":"post-90782","1":"product","2":"type-product","3":"status-publish","4":"has-post-thumbnail","6":"product_brand-cosmo","7":"product_cat-skin-care","9":"first","10":"instock","11":"shipping-taxable","12":"purchasable","13":"product-type-simple"},"_links":{"self":[{"href":"https:\/\/brandss.com.py\/index\/wp-json\/wp\/v2\/product\/90782","targetHints":{"allow":["GET"]}}],"collection":[{"href":"https:\/\/brandss.com.py\/index\/wp-json\/wp\/v2\/product"}],"about":[{"href":"https:\/\/brandss.com.py\/index\/wp-json\/wp\/v2\/types\/product"}],"replies":[{"embeddable":true,"href":"https:\/\/brandss.com.py\/index\/wp-json\/wp\/v2\/comments?post=90782"}],"version-history":[{"count":1,"href":"https:\/\/brandss.com.py\/index\/wp-json\/wp\/v2\/product\/90782\/revisions"}],"predecessor-version":[{"id":90785,"href":"https:\/\/brandss.com.py\/index\/wp-json\/wp\/v2\/product\/90782\/revisions\/90785"}],"wp:featuredmedia":[{"embeddable":true,"href":"https:\/\/brandss.com.py\/index\/wp-json\/wp\/v2\/media\/90783"}],"wp:attachment":[{"href":"https:\/\/brandss.com.py\/index\/wp-json\/wp\/v2\/media?parent=90782"}],"wp:term":[{"taxonomy":"product_brand","embeddable":true,"href":"https:\/\/brandss.com.py\/index\/wp-json\/wp\/v2\/product_brand?post=90782"},{"taxonomy":"product_cat","embeddable":true,"href":"https:\/\/brandss.com.py\/index\/wp-json\/wp\/v2\/product_cat?post=90782"},{"taxonomy":"product_tag","embeddable":true,"href":"https:\/\/brandss.com.py\/index\/wp-json\/wp\/v2\/product_tag?post=90782"}],"curies":[{"name":"wp","href":"https:\/\/api.w.org\/{rel}","templated":true}]}}