{"id":90786,"date":"2025-09-17T19:17:11","date_gmt":"2025-09-17T19:17:11","guid":{"rendered":"https:\/\/brandss.com.py\/index\/?post_type=product&#038;p=90786"},"modified":"2025-09-17T19:17:32","modified_gmt":"2025-09-17T19:17:32","slug":"mascara-facial-cosmo-smoothing-niacinamidel-licorice","status":"publish","type":"product","link":"https:\/\/brandss.com.py\/index\/producto\/mascara-facial-cosmo-smoothing-niacinamidel-licorice\/","title":{"rendered":"M\u00c1SCARA FACIAL COSMO SMOOTHING NIACINAMIDEL + LICORICE"},"content":{"rendered":"<p><img loading=\"lazy\" decoding=\"async\" class=\"\" src=\"https:\/\/cosmocosmetics.ae\/cdn\/shop\/files\/logo-cosmo-regeister.png?v=1729761767&amp;width=340\" width=\"208\" height=\"44\" \/><\/p>\n<h1>SMOOTHING NIACINAMIDEL + LICORICE<\/h1>\n<p>Revitaliza tu piel con la Mascarilla Facial Suavizante de Niacinamida y Regaliz COSMO, dise\u00f1ada para una luminosidad fresca y radiante. Esta lujosa mascarilla facial limpia profundamente e ilumina la piel apagada y fatigada, ayudando a restaurar la luminosidad natural de tu cutis. Enriquecida con niacinamida y extracto de regaliz, realza la claridad de la piel y unifica el tono, promoviendo una apariencia luminosa. Reg\u00e1late una experiencia relajante que dejar\u00e1 tu piel con una sensaci\u00f3n de frescura y rejuvenecimiento.<\/p>\n<h5><span dir=\"auto\">CARACTER\u00cdSTICAS<\/span><\/h5>\n<ul>\n<li><span dir=\"auto\">Enriquecido con niacinamida para iluminar y mejorar el tono de la piel.<\/span><\/li>\n<li><span dir=\"auto\">El extracto de regaliz ayuda a suavizar y calmar la piel.<\/span><\/li>\n<li><span dir=\"auto\">Limpia profundamente para eliminar impurezas y exceso de grasa.<\/span><\/li>\n<li><span dir=\"auto\">Ideal para pieles apagadas y fatigadas, aportando un brillo fresco y radiante.<\/span><\/li>\n<\/ul>\n","protected":false},"excerpt":{"rendered":"<p>SMOOTHING NIACINAMIDEL + LICORICE Revitaliza tu piel con la Mascarilla Facial Suavizante de Niacinamida y Regaliz COSMO, dise\u00f1ada para una<\/p>\n","protected":false},"featured_media":90787,"comment_status":"open","ping_status":"closed","template":"","meta":{"nf_dc_page":""},"product_brand":[103],"product_cat":[104],"product_tag":[],"class_list":{"0":"post-90786","1":"product","2":"type-product","3":"status-publish","4":"has-post-thumbnail","6":"product_brand-cosmo","7":"product_cat-skin-care","9":"first","10":"instock","11":"shipping-taxable","12":"purchasable","13":"product-type-simple"},"_links":{"self":[{"href":"https:\/\/brandss.com.py\/index\/wp-json\/wp\/v2\/product\/90786","targetHints":{"allow":["GET"]}}],"collection":[{"href":"https:\/\/brandss.com.py\/index\/wp-json\/wp\/v2\/product"}],"about":[{"href":"https:\/\/brandss.com.py\/index\/wp-json\/wp\/v2\/types\/product"}],"replies":[{"embeddable":true,"href":"https:\/\/brandss.com.py\/index\/wp-json\/wp\/v2\/comments?post=90786"}],"version-history":[{"count":1,"href":"https:\/\/brandss.com.py\/index\/wp-json\/wp\/v2\/product\/90786\/revisions"}],"predecessor-version":[{"id":90789,"href":"https:\/\/brandss.com.py\/index\/wp-json\/wp\/v2\/product\/90786\/revisions\/90789"}],"wp:featuredmedia":[{"embeddable":true,"href":"https:\/\/brandss.com.py\/index\/wp-json\/wp\/v2\/media\/90787"}],"wp:attachment":[{"href":"https:\/\/brandss.com.py\/index\/wp-json\/wp\/v2\/media?parent=90786"}],"wp:term":[{"taxonomy":"product_brand","embeddable":true,"href":"https:\/\/brandss.com.py\/index\/wp-json\/wp\/v2\/product_brand?post=90786"},{"taxonomy":"product_cat","embeddable":true,"href":"https:\/\/brandss.com.py\/index\/wp-json\/wp\/v2\/product_cat?post=90786"},{"taxonomy":"product_tag","embeddable":true,"href":"https:\/\/brandss.com.py\/index\/wp-json\/wp\/v2\/product_tag?post=90786"}],"curies":[{"name":"wp","href":"https:\/\/api.w.org\/{rel}","templated":true}]}}