{"id":90795,"date":"2025-09-18T11:22:40","date_gmt":"2025-09-18T11:22:40","guid":{"rendered":"https:\/\/brandss.com.py\/index\/?post_type=product&#038;p=90795"},"modified":"2025-10-29T14:14:56","modified_gmt":"2025-10-29T14:14:56","slug":"aceite-capilar-cosmo-olive-oil-200ml","status":"publish","type":"product","link":"https:\/\/brandss.com.py\/index\/producto\/aceite-capilar-cosmo-olive-oil-200ml\/","title":{"rendered":"ACEITE CAPILAR COSMO OLIVE OIL 200ML"},"content":{"rendered":"<p><img loading=\"lazy\" decoding=\"async\" class=\"\" src=\"https:\/\/cosmocosmetics.ae\/cdn\/shop\/files\/logo-cosmo-regeister.png?v=1729761767&amp;width=340\" width=\"142\" height=\"30\" \/><\/p>\n<h1>OLIVE OIL<\/h1>\n<p><span dir=\"auto\">Este aceite capilar fortalece y protege tu cabello, dej\u00e1ndolo sano y brillante. Su f\u00f3rmula est\u00e1 enriquecida con aceite de oliva, que nutre e hidrata tu cabello, dej\u00e1ndolo suave y sedoso.<\/span><\/p>\n<h5><span dir=\"auto\">Beneficios:<\/span><\/h5>\n<p><span dir=\"auto\">Fortalece y nutre el cabello.<\/span><\/p>\n<p><span dir=\"auto\">Por qu\u00e9 te encantar\u00e1:<\/span><\/p>\n<p><span dir=\"auto\">Nutre y fortalece el cabello. Contiene aceite de oliva, que deja el cabello suave y brillante.<\/span><\/p>\n<h5><span dir=\"auto\">Modo de empleo:<\/span><\/h5>\n<p><span dir=\"auto\">Aplique una cantidad adecuada de aceite capilar en la palma de las manos. Fr\u00f3telas y distrib\u00fayalas uniformemente sobre el cabello.<\/span><\/p>\n","protected":false},"excerpt":{"rendered":"<p>OLIVE OIL Este aceite capilar fortalece y protege tu cabello, dej\u00e1ndolo sano y brillante. Su f\u00f3rmula est\u00e1 enriquecida con aceite<\/p>\n","protected":false},"featured_media":90796,"comment_status":"open","ping_status":"closed","template":"","meta":{"nf_dc_page":""},"product_brand":[103],"product_cat":[85],"product_tag":[1179],"class_list":{"0":"post-90795","1":"product","2":"type-product","3":"status-publish","4":"has-post-thumbnail","6":"product_brand-cosmo","7":"product_cat-cosmeticos","8":"product_tag-com33101628","10":"first","11":"outofstock","12":"shipping-taxable","13":"purchasable","14":"product-type-simple"},"_links":{"self":[{"href":"https:\/\/brandss.com.py\/index\/wp-json\/wp\/v2\/product\/90795","targetHints":{"allow":["GET"]}}],"collection":[{"href":"https:\/\/brandss.com.py\/index\/wp-json\/wp\/v2\/product"}],"about":[{"href":"https:\/\/brandss.com.py\/index\/wp-json\/wp\/v2\/types\/product"}],"replies":[{"embeddable":true,"href":"https:\/\/brandss.com.py\/index\/wp-json\/wp\/v2\/comments?post=90795"}],"version-history":[{"count":1,"href":"https:\/\/brandss.com.py\/index\/wp-json\/wp\/v2\/product\/90795\/revisions"}],"predecessor-version":[{"id":90798,"href":"https:\/\/brandss.com.py\/index\/wp-json\/wp\/v2\/product\/90795\/revisions\/90798"}],"wp:featuredmedia":[{"embeddable":true,"href":"https:\/\/brandss.com.py\/index\/wp-json\/wp\/v2\/media\/90796"}],"wp:attachment":[{"href":"https:\/\/brandss.com.py\/index\/wp-json\/wp\/v2\/media?parent=90795"}],"wp:term":[{"taxonomy":"product_brand","embeddable":true,"href":"https:\/\/brandss.com.py\/index\/wp-json\/wp\/v2\/product_brand?post=90795"},{"taxonomy":"product_cat","embeddable":true,"href":"https:\/\/brandss.com.py\/index\/wp-json\/wp\/v2\/product_cat?post=90795"},{"taxonomy":"product_tag","embeddable":true,"href":"https:\/\/brandss.com.py\/index\/wp-json\/wp\/v2\/product_tag?post=90795"}],"curies":[{"name":"wp","href":"https:\/\/api.w.org\/{rel}","templated":true}]}}