{"id":90799,"date":"2025-09-18T12:22:07","date_gmt":"2025-09-18T12:22:07","guid":{"rendered":"https:\/\/brandss.com.py\/index\/?post_type=product&#038;p=90799"},"modified":"2026-04-21T11:25:03","modified_gmt":"2026-04-21T11:25:03","slug":"perfume-femenino-afnan-9am-pour-femme-edp-100ml","status":"publish","type":"product","link":"https:\/\/brandss.com.py\/index\/producto\/perfume-femenino-afnan-9am-pour-femme-edp-100ml\/","title":{"rendered":"PERFUME FEMENINO AFNAN 9AM POUR FEMME EDP 100ML"},"content":{"rendered":"<p><img loading=\"lazy\" decoding=\"async\" class=\"\" src=\"https:\/\/acdn-us.mitiendanube.com\/stores\/004\/407\/494\/products\/logo-afnan-1a529756172f9405b317140973124728-1024-1024.jpeg\" alt=\"AFNAN - Portrait Abstract 100ml - Comprar en Perfumia\" width=\"101\" height=\"101\" \/><\/p>\n<h1>9AM POUR FEMME<\/h1>\n<p><span dir=\"auto\">Libere su esp\u00edritu de renovaci\u00f3n con<\/span><span dir=\"auto\"> 9 AM Pour Femme,\u00a0<\/span><span dir=\"auto\">una fragancia que refleja resiliencia. Descubre la elegancia y frescura del Perfume 9AM Pour Femme. Este perfume femenino combina notas florales y frutales, creando una fragancia irresistible y duradera. Ideal para mujeres sofisticadas, 9AM Pour Femme es perfecto para cualquier ocasi\u00f3n. Compra ahora y a\u00f1ade un toque de lujo a tu rutina diaria.<\/span><\/p>\n<p><img loading=\"lazy\" decoding=\"async\" class=\"alignleft\" src=\"https:\/\/dubaiesencias.com\/cdn\/shop\/files\/9am-pour-Femme-100-ml-AFNAN-Afnan-66489382.jpg?v=1729278084&amp;width=823\" alt=\"\" width=\"516\" height=\"498\" \/>El Perfume 9AM Pour Femme no es solo una fragancia, es una declaraci\u00f3n de estilo y personalidad. Al elegir este perfume, est\u00e1s optando por una experiencia de lujo que realza tu feminidad y te distingue en cualquier multitud. Su combinaci\u00f3n \u00fanica de notas y su presentaci\u00f3n impecable hacen de este perfume una joya en cualquier colecci\u00f3n.<\/p>\n<p>Perm\u00edtete ser envuelta por la magia del Perfume 9AM Pour Femme, una fragancia que no solo complementa tu estilo, sino que tambi\u00e9n eleva tu presencia con su aroma sofisticado y duradero. A\u00f1\u00e1delo a tu carrito hoy y descubre el poder de una fragancia que habla por ti.<\/p>\n<h3>Notas Olfativas<\/h3>\n<p><span dir=\"auto\">9am Pour Femme es una fragancia de la familia olfativa Oriental para Mujeres. La fragancia se abre con una explosi\u00f3n energizante de mandarina, cidra, cardamomo y pimienta rosa. <\/span><span dir=\"auto\">En el coraz\u00f3n, un toque refinado de lavanda, flor de naranja, rosa y manzana verde. <\/span><span dir=\"auto\">Finalmente, una base generosa de cedro, musgo, pachul\u00ed y almizcle. Esta fragrancia es nueva.\u00a09am pour Femme\u00a0se lanz\u00f3 en 2022.<\/span><\/p>\n<p><strong>Notas de salida:<\/strong> mandarina, bergamota y toronja (pomelo).<\/p>\n<p><strong>Notas de coraz\u00f3n:<\/strong> frambuesa y grosellas negras.<\/p>\n<p><strong>Notas de fondo:<\/strong> almizcle, \u00e1mbar y naranja.<\/p>\n","protected":false},"excerpt":{"rendered":"<p>9AM POUR FEMME Libere su esp\u00edritu de renovaci\u00f3n con 9 AM Pour Femme,\u00a0una fragancia que refleja resiliencia. Descubre la elegancia<\/p>\n","protected":false},"featured_media":90800,"comment_status":"open","ping_status":"closed","template":"","meta":{"nf_dc_page":""},"product_brand":[102],"product_cat":[84],"product_tag":[555],"class_list":{"0":"post-90799","1":"product","2":"type-product","3":"status-publish","4":"has-post-thumbnail","6":"product_brand-afnan","7":"product_cat-perfumeria","8":"product_tag-555","10":"first","11":"instock","12":"shipping-taxable","13":"purchasable","14":"product-type-simple"},"_links":{"self":[{"href":"https:\/\/brandss.com.py\/index\/wp-json\/wp\/v2\/product\/90799","targetHints":{"allow":["GET"]}}],"collection":[{"href":"https:\/\/brandss.com.py\/index\/wp-json\/wp\/v2\/product"}],"about":[{"href":"https:\/\/brandss.com.py\/index\/wp-json\/wp\/v2\/types\/product"}],"replies":[{"embeddable":true,"href":"https:\/\/brandss.com.py\/index\/wp-json\/wp\/v2\/comments?post=90799"}],"version-history":[{"count":1,"href":"https:\/\/brandss.com.py\/index\/wp-json\/wp\/v2\/product\/90799\/revisions"}],"predecessor-version":[{"id":90806,"href":"https:\/\/brandss.com.py\/index\/wp-json\/wp\/v2\/product\/90799\/revisions\/90806"}],"wp:featuredmedia":[{"embeddable":true,"href":"https:\/\/brandss.com.py\/index\/wp-json\/wp\/v2\/media\/90800"}],"wp:attachment":[{"href":"https:\/\/brandss.com.py\/index\/wp-json\/wp\/v2\/media?parent=90799"}],"wp:term":[{"taxonomy":"product_brand","embeddable":true,"href":"https:\/\/brandss.com.py\/index\/wp-json\/wp\/v2\/product_brand?post=90799"},{"taxonomy":"product_cat","embeddable":true,"href":"https:\/\/brandss.com.py\/index\/wp-json\/wp\/v2\/product_cat?post=90799"},{"taxonomy":"product_tag","embeddable":true,"href":"https:\/\/brandss.com.py\/index\/wp-json\/wp\/v2\/product_tag?post=90799"}],"curies":[{"name":"wp","href":"https:\/\/api.w.org\/{rel}","templated":true}]}}