{"id":90809,"date":"2025-09-18T13:04:37","date_gmt":"2025-09-18T13:04:37","guid":{"rendered":"https:\/\/brandss.com.py\/index\/?post_type=product&#038;p=90809"},"modified":"2025-11-26T11:42:55","modified_gmt":"2025-11-26T11:42:55","slug":"perfume-femenino-al-wataniah-duha-edp-100ml","status":"publish","type":"product","link":"https:\/\/brandss.com.py\/index\/producto\/perfume-femenino-al-wataniah-duha-edp-100ml\/","title":{"rendered":"PERFUME FEMENINO AL WATANIAH DUHA EDP 100ML"},"content":{"rendered":"<p><img loading=\"lazy\" decoding=\"async\" class=\"\" src=\"https:\/\/encrypted-tbn0.gstatic.com\/images?q=tbn:ANd9GcTZxf4M7TAbnjGvlsN_ihYlAJt7l3yucNv8ig&amp;s\" alt=\"Al Wataniah \u00b7 Trending Corporate\" width=\"73\" height=\"70\" \/><\/p>\n<h1>DUHA<\/h1>\n<div id=\"description\" class=\"collapse in product\">\n<p>Sum\u00e9rjase en la deliciosa fragancia de Duha. Experimente sus dulces notas de salida de frambuesa y lichi, su elegante nota de coraz\u00f3n de rosa y su c\u00e1lido fondo amaderado para un viaje cautivador.<\/p>\n<blockquote><p>\u00a1Belleza y fascinaci\u00f3n en cada gota!<img loading=\"lazy\" decoding=\"async\" class=\"alignleft\" src=\"https:\/\/nextcell.com.ar\/wp-content\/uploads\/2024\/11\/09_54_13_668_9_8_4_489_5055810029838203.webp\" width=\"627\" height=\"627\" \/><\/p><\/blockquote>\n<p>D\u00e9jese llevar por el encanto de Duha y permita que su belleza y fascinaci\u00f3n eleven su presencia all\u00e1 donde vaya. Perfecto para los momentos en los que desee brillar con elegancia y gracia.<\/p>\n<p>&nbsp;<\/p>\n<p><strong>Caracter\u00edsticas<\/strong><\/p>\n<p>&nbsp;<\/p>\n<ul>\n<li>Fragancia de larga duraci\u00f3n perfecta para llevar de d\u00eda y de noche;<\/li>\n<li>Frasco de dise\u00f1o elegante que realza su tocador;<\/li>\n<li>Elaborado con ingredientes de alta calidad para una experiencia de lujo;<\/li>\n<li>Ideal para quienes aprecian la belleza y buscan cautivar con su aroma.<\/li>\n<\/ul>\n<p>&nbsp;<\/p>\n<h3><strong>Notas Olfativas<\/strong><\/h3>\n<p>&nbsp;<\/p>\n<p><span dir=\"auto\">La fragancia\u00a0<\/span><span dir=\"auto\">se abre<\/span><span dir=\"auto\">\u00a0con refrescantes\u00a0<\/span><span dir=\"auto\">notas de salvia esclarea<\/span><span dir=\"auto\">\u00a0y\u00a0<\/span><span dir=\"auto\">mandarina<\/span><span dir=\"auto\">\u00a0, que aportan una frescura luminosa y ligeramente herb\u00e1cea. En el\u00a0<\/span><span dir=\"auto\">coraz\u00f3n<\/span><span dir=\"auto\">\u00a0, la fragancia revela la dulce calidez del\u00a0<\/span><span dir=\"auto\">haba tonka<\/span><span dir=\"auto\">\u00a0y\u00a0<\/span><span dir=\"auto\">el caramelo<\/span><span dir=\"auto\">\u00a0, creando un car\u00e1cter exquisito y gourmand. El\u00a0<\/span><span dir=\"auto\">fondo<\/span><span dir=\"auto\">\u00a0de\u00a0<\/span><span dir=\"auto\">vetiver<\/span><span dir=\"auto\">\u00a0aporta una profundidad terrosa y amaderada, proporcionando un final suave y equilibrado.<\/span><\/p>\n<p><span dir=\"auto\">Ideal para quienes aprecian el equilibrio entre frescura y calidez, Duha\u00a0<\/span><b><\/b><span dir=\"auto\">es una excelente opci\u00f3n para cualquier ocasi\u00f3n o temporada. Su armoniosa combinaci\u00f3n de notas garantiza una impresi\u00f3n duradera y memorable.<\/span><\/p>\n<p>&nbsp;<\/p>\n<p><strong>Notas de salida:\u00a0<\/strong>salvia esclarea, mandarina.<br \/>\n<strong>Notas de coraz\u00f3n:<\/strong> Haba tonka, caramelo.<br \/>\n<strong>Notas de fondo:<\/strong> Vetiver.<\/p>\n<\/div>\n","protected":false},"excerpt":{"rendered":"<p>DUHA Sum\u00e9rjase en la deliciosa fragancia de Duha. Experimente sus dulces notas de salida de frambuesa y lichi, su elegante<\/p>\n","protected":false},"featured_media":90810,"comment_status":"open","ping_status":"closed","template":"","meta":{"nf_dc_page":""},"product_brand":[105],"product_cat":[84],"product_tag":[560],"class_list":{"0":"post-90809","1":"product","2":"type-product","3":"status-publish","4":"has-post-thumbnail","6":"product_brand-al-wataniah","7":"product_cat-perfumeria","8":"product_tag-560","10":"first","11":"outofstock","12":"sale","13":"shipping-taxable","14":"purchasable","15":"product-type-simple"},"_links":{"self":[{"href":"https:\/\/brandss.com.py\/index\/wp-json\/wp\/v2\/product\/90809","targetHints":{"allow":["GET"]}}],"collection":[{"href":"https:\/\/brandss.com.py\/index\/wp-json\/wp\/v2\/product"}],"about":[{"href":"https:\/\/brandss.com.py\/index\/wp-json\/wp\/v2\/types\/product"}],"replies":[{"embeddable":true,"href":"https:\/\/brandss.com.py\/index\/wp-json\/wp\/v2\/comments?post=90809"}],"version-history":[{"count":1,"href":"https:\/\/brandss.com.py\/index\/wp-json\/wp\/v2\/product\/90809\/revisions"}],"predecessor-version":[{"id":90816,"href":"https:\/\/brandss.com.py\/index\/wp-json\/wp\/v2\/product\/90809\/revisions\/90816"}],"wp:featuredmedia":[{"embeddable":true,"href":"https:\/\/brandss.com.py\/index\/wp-json\/wp\/v2\/media\/90810"}],"wp:attachment":[{"href":"https:\/\/brandss.com.py\/index\/wp-json\/wp\/v2\/media?parent=90809"}],"wp:term":[{"taxonomy":"product_brand","embeddable":true,"href":"https:\/\/brandss.com.py\/index\/wp-json\/wp\/v2\/product_brand?post=90809"},{"taxonomy":"product_cat","embeddable":true,"href":"https:\/\/brandss.com.py\/index\/wp-json\/wp\/v2\/product_cat?post=90809"},{"taxonomy":"product_tag","embeddable":true,"href":"https:\/\/brandss.com.py\/index\/wp-json\/wp\/v2\/product_tag?post=90809"}],"curies":[{"name":"wp","href":"https:\/\/api.w.org\/{rel}","templated":true}]}}