{"id":90825,"date":"2025-09-18T14:27:08","date_gmt":"2025-09-18T14:27:08","guid":{"rendered":"https:\/\/brandss.com.py\/index\/?post_type=product&#038;p=90825"},"modified":"2026-03-18T10:51:14","modified_gmt":"2026-03-18T10:51:14","slug":"perfume-femenino-ard-al-zaafaran-milena-edp-100ml","status":"publish","type":"product","link":"https:\/\/brandss.com.py\/index\/producto\/perfume-femenino-ard-al-zaafaran-milena-edp-100ml\/","title":{"rendered":"PERFUME FEMENINO ARD AL ZAAFARAN MILENA EDP 100ML"},"content":{"rendered":"<p>&nbsp;<\/p>\n<p><img loading=\"lazy\" decoding=\"async\" class=\"\" src=\"https:\/\/fimgs.net\/mdimg\/dizajneri\/o.2917.jpg\" alt=\"Ard Al Zaafaran Fragancias Y Colonias\" width=\"121\" height=\"121\" \/><\/p>\n<h1>MILENA<\/h1>\n<p><span dir=\"auto\">Es un perfume femenino elegante y sofisticado, creado para mujeres que desean expresar su feminidad con encanto e intensidad. Su cautivadora fragancia combina notas florales y orientales, dando como resultado un aroma impactante e inolvidable.<img loading=\"lazy\" decoding=\"async\" class=\"alignleft\" src=\"https:\/\/i5.walmartimages.com\/asr\/227df12e-0b33-43da-8cfa-b2dd2ff2528a.83e15c90b0cb8d111b0eeae5c14b907a.jpeg?odnHeight=2000&amp;odnWidth=2000&amp;odnBg=FFFFFF\" width=\"646\" height=\"646\" \/><\/span><\/p>\n<p><span dir=\"auto\">Ideal para uso diario o ocasiones especiales, Milena ofrece una fragancia duradera que irradia confianza y personalidad. Su aroma distintivo realza la presencia femenina, convirti\u00e9ndola en la aliada perfecta para resaltar la belleza natural y el estilo \u00fanico de cada mujer.<\/span><\/p>\n<p>&nbsp;<\/p>\n<h3>Notas Olfativas<\/h3>\n<p>&nbsp;<\/p>\n<p><span dir=\"auto\">Esta fragancia comienza con una vibrante explosi\u00f3n de bergamota, lim\u00f3n, flor de azahar y crujiente manzana verde, creando una entrada chispeante y refrescante. El coraz\u00f3n revela un exuberante bouquet floral de jazm\u00edn, rosa, ylang-ylang y un sutil toque de lavanda, que aporta una suave elegancia rom\u00e1ntica.<\/span><\/p>\n<p><span dir=\"auto\">Como base del aroma, la fragancia es rica y aterciopelada con \u00e1mbar, almizcle, s\u00e1ndalo, pachul\u00ed y vainilla, dejando una estela sensual y reconfortante. Perfecta para quienes disfrutan de una vibrante mezcla de c\u00edtricos y flores envuelta en una base c\u00e1lida y cremosa.<\/span><\/p>\n<p><strong><span dir=\"auto\">Notas de salida:<\/span><\/strong><span dir=\"auto\">\u00a0bergamota, lim\u00f3n, flor de naranja, manzana verde.<\/span><br \/>\n<strong><span dir=\"auto\">Notas de coraz\u00f3n:<\/span><\/strong><span dir=\"auto\">\u00a0jazm\u00edn, rosa, ylang-ylang, lavanda.<\/span><br \/>\n<strong><span dir=\"auto\">Notas de fondo:<\/span><\/strong><span dir=\"auto\">\u00a0\u00e1mbar, almizcle, s\u00e1ndalo, pachul\u00ed, vainilla.<\/span><\/p>\n","protected":false},"excerpt":{"rendered":"<p>&nbsp; MILENA Es un perfume femenino elegante y sofisticado, creado para mujeres que desean expresar su feminidad con encanto e<\/p>\n","protected":false},"featured_media":90826,"comment_status":"open","ping_status":"closed","template":"","meta":{"nf_dc_page":""},"product_brand":[110],"product_cat":[84],"product_tag":[583],"class_list":{"0":"post-90825","1":"product","2":"type-product","3":"status-publish","4":"has-post-thumbnail","6":"product_brand-ard-al-zaafaran","7":"product_cat-perfumeria","8":"product_tag-583","10":"first","11":"outofstock","12":"sale","13":"shipping-taxable","14":"purchasable","15":"product-type-simple"},"_links":{"self":[{"href":"https:\/\/brandss.com.py\/index\/wp-json\/wp\/v2\/product\/90825","targetHints":{"allow":["GET"]}}],"collection":[{"href":"https:\/\/brandss.com.py\/index\/wp-json\/wp\/v2\/product"}],"about":[{"href":"https:\/\/brandss.com.py\/index\/wp-json\/wp\/v2\/types\/product"}],"replies":[{"embeddable":true,"href":"https:\/\/brandss.com.py\/index\/wp-json\/wp\/v2\/comments?post=90825"}],"version-history":[{"count":1,"href":"https:\/\/brandss.com.py\/index\/wp-json\/wp\/v2\/product\/90825\/revisions"}],"predecessor-version":[{"id":90831,"href":"https:\/\/brandss.com.py\/index\/wp-json\/wp\/v2\/product\/90825\/revisions\/90831"}],"wp:featuredmedia":[{"embeddable":true,"href":"https:\/\/brandss.com.py\/index\/wp-json\/wp\/v2\/media\/90826"}],"wp:attachment":[{"href":"https:\/\/brandss.com.py\/index\/wp-json\/wp\/v2\/media?parent=90825"}],"wp:term":[{"taxonomy":"product_brand","embeddable":true,"href":"https:\/\/brandss.com.py\/index\/wp-json\/wp\/v2\/product_brand?post=90825"},{"taxonomy":"product_cat","embeddable":true,"href":"https:\/\/brandss.com.py\/index\/wp-json\/wp\/v2\/product_cat?post=90825"},{"taxonomy":"product_tag","embeddable":true,"href":"https:\/\/brandss.com.py\/index\/wp-json\/wp\/v2\/product_tag?post=90825"}],"curies":[{"name":"wp","href":"https:\/\/api.w.org\/{rel}","templated":true}]}}