{"id":90850,"date":"2025-09-18T18:19:31","date_gmt":"2025-09-18T18:19:31","guid":{"rendered":"https:\/\/brandss.com.py\/index\/?post_type=product&#038;p=90850"},"modified":"2025-09-26T14:23:22","modified_gmt":"2025-09-26T14:23:22","slug":"perfume-femenino-bharara-goddess-edp-100ml","status":"publish","type":"product","link":"https:\/\/brandss.com.py\/index\/producto\/perfume-femenino-bharara-goddess-edp-100ml\/","title":{"rendered":"PERFUME FEMENINO BHARARA GODDESS EDP 100ML"},"content":{"rendered":"<p><img loading=\"lazy\" decoding=\"async\" class=\"\" src=\"https:\/\/emporiodutyfree.com\/wp-content\/uploads\/2022\/11\/Logo-Bharara-Perfumes-150x150.webp\" alt=\"Perfume Viking Beirut Unisex Bharara | Emporio DUTY FREE\" width=\"59\" height=\"59\" \/><\/p>\n<h1>GODDESS<\/h1>\n<p>Es una fragancia femenina opulenta y refinada que irradia clase pura. Goddess es un elixir que despierta el deseo y embriaga con su sensualidad. Descubre la esencia de la feminidad con Goddess, una fragancia cautivadora que equilibra a la perfecci\u00f3n\u00a0flores delicadas, frutas jugosas y un fondo oriental y seductor. Dise\u00f1ada para mujeres que irradian\u00a0elegancia, confianza y distinci\u00f3n, esta fragancia es la definici\u00f3n del\u00a0lujo refinado con alma \u00e1rabe.<\/p>\n<p><img decoding=\"async\" class=\"alignleft\" src=\"https:\/\/www.orientfragance.com\/cdn\/shop\/files\/Goddess2.webp?v=1744721971&amp;width=700\" \/><\/p>\n<h3>Notas Olfativas<\/h3>\n<p>Bharara Goddess es una fragancia de la familia olfativa oriental floral para Mujeres. Goddess es un abrazo c\u00e1lido que envuelve tu piel con la sofisticaci\u00f3n de un comienzo\u00a0luminoso y afrutado, donde la dulzura jugosa de la pera y la grosella negra se mezcla con la elegancia atemporal de la rosa.<\/p>\n<p>Una apertura fresca y femenina que despierta los sentidos. Un coraz\u00f3n floral sofisticado y rom\u00e1ntico, con un\u00a0bouquet exuberante de peon\u00eda y jazm\u00edn, envuelto en una rica fusi\u00f3n de rosas que refuerza su car\u00e1cter seductor y femenino.<\/p>\n<p>La base revela el lado m\u00e1s\u00a0c\u00e1lido y misterioso\u00a0del perfume, gracias a la profundidad del oud, la suavidad del almizcle y el toque dorado del \u00e1mbar. Una estela elegante, sensual y duradera.<\/p>\n<p>Bharara Goddess lanz\u00f3 este a\u00f1o una bomba de elegancia con este perfume que tiene una combinaci\u00f3n de notas perfecta para hacerte destacar.<\/p>\n<ul>\n<li><span dir=\"ltr\" lang=\"es-PY\"><strong>Notas de salida:\u00a0<\/strong><\/span><span dir=\"ltr\" lang=\"es-PY\">P<\/span><span dir=\"ltr\" lang=\"es-MX\">era, grosella negra y rosa.\u00a0<\/span><\/li>\n<li><span dir=\"ltr\" lang=\"es-PY\"><strong>Notas de coraz\u00f3n:<\/strong>\u00a0P<\/span><span dir=\"ltr\" lang=\"es-MX\">eon\u00eda, rosas y jazm\u00edn.\u00a0<\/span><\/li>\n<li><strong>Notas de fondo:<\/strong> \u00c1mbar, almizcle y oud.<\/li>\n<\/ul>\n","protected":false},"excerpt":{"rendered":"<p>GODDESS Es una fragancia femenina opulenta y refinada que irradia clase pura. Goddess es un elixir que despierta el deseo<\/p>\n","protected":false},"featured_media":90851,"comment_status":"open","ping_status":"closed","template":"","meta":{"nf_dc_page":""},"product_brand":[111],"product_cat":[84],"product_tag":[159],"class_list":{"0":"post-90850","1":"product","2":"type-product","3":"status-publish","4":"has-post-thumbnail","6":"product_brand-bharara","7":"product_cat-perfumeria","8":"product_tag-159","10":"first","11":"instock","12":"sale","13":"shipping-taxable","14":"purchasable","15":"product-type-simple"},"_links":{"self":[{"href":"https:\/\/brandss.com.py\/index\/wp-json\/wp\/v2\/product\/90850","targetHints":{"allow":["GET"]}}],"collection":[{"href":"https:\/\/brandss.com.py\/index\/wp-json\/wp\/v2\/product"}],"about":[{"href":"https:\/\/brandss.com.py\/index\/wp-json\/wp\/v2\/types\/product"}],"replies":[{"embeddable":true,"href":"https:\/\/brandss.com.py\/index\/wp-json\/wp\/v2\/comments?post=90850"}],"version-history":[{"count":2,"href":"https:\/\/brandss.com.py\/index\/wp-json\/wp\/v2\/product\/90850\/revisions"}],"predecessor-version":[{"id":90858,"href":"https:\/\/brandss.com.py\/index\/wp-json\/wp\/v2\/product\/90850\/revisions\/90858"}],"wp:featuredmedia":[{"embeddable":true,"href":"https:\/\/brandss.com.py\/index\/wp-json\/wp\/v2\/media\/90851"}],"wp:attachment":[{"href":"https:\/\/brandss.com.py\/index\/wp-json\/wp\/v2\/media?parent=90850"}],"wp:term":[{"taxonomy":"product_brand","embeddable":true,"href":"https:\/\/brandss.com.py\/index\/wp-json\/wp\/v2\/product_brand?post=90850"},{"taxonomy":"product_cat","embeddable":true,"href":"https:\/\/brandss.com.py\/index\/wp-json\/wp\/v2\/product_cat?post=90850"},{"taxonomy":"product_tag","embeddable":true,"href":"https:\/\/brandss.com.py\/index\/wp-json\/wp\/v2\/product_tag?post=90850"}],"curies":[{"name":"wp","href":"https:\/\/api.w.org\/{rel}","templated":true}]}}