{"id":90875,"date":"2025-09-19T11:15:43","date_gmt":"2025-09-19T11:15:43","guid":{"rendered":"https:\/\/brandss.com.py\/index\/?post_type=product&#038;p=90875"},"modified":"2025-09-26T14:31:16","modified_gmt":"2025-09-26T14:31:16","slug":"perfume-unisex-bharara-scarlet-edp-100ml","status":"publish","type":"product","link":"https:\/\/brandss.com.py\/index\/producto\/perfume-unisex-bharara-scarlet-edp-100ml\/","title":{"rendered":"PERFUME UNISEX BHARARA SCARLET EDP 100ML"},"content":{"rendered":"<p><img loading=\"lazy\" decoding=\"async\" class=\"\" src=\"https:\/\/emporiodutyfree.com\/wp-content\/uploads\/2022\/11\/Logo-Bharara-Perfumes-150x150.webp\" alt=\"Perfume Viking Beirut Unisex Bharara | Emporio DUTY FREE\" width=\"89\" height=\"89\" \/><\/p>\n<h1>SCARLET<\/h1>\n<p>Es una fragancia intensa, moderna y cautivadora, dise\u00f1ada para quienes no temen dejar huella. Su combinaci\u00f3n vibrante de c\u00edtricos, flores seductoras y maderas c\u00e1lidas crea una experiencia olfativa elegante y envolvente desde el primer instante. Scarlet es una fragancia envolvente y sensual, dise\u00f1ada para destacar con una presencia cautivadora.<\/p>\n<p><img loading=\"lazy\" decoding=\"async\" class=\"alignleft\" src=\"https:\/\/wholesale.intenseoud.com\/cdn\/shop\/files\/5_1946816f-8386-4e1d-98db-85ae29517055.jpg?v=1734724481\" width=\"594\" height=\"594\" \/><\/p>\n<h3>Notas Olfativas<\/h3>\n<p><span dir=\"auto\">Scarlet es una fragancia cautivadora que cautiva los sentidos con su intrincada mezcla de notas c\u00edtricas, florales y amaderadas. <\/span><\/p>\n<p><span dir=\"auto\">Con una explosi\u00f3n de frescura inicial, la fragancia revela la esencia vigorizante del pomelo, el lim\u00f3n y la bergamota, que le confiere un car\u00e1cter vibrante y c\u00edtrico. <\/span><\/p>\n<p><span dir=\"auto\">El coraz\u00f3n de la fragancia florece con el delicado y arom\u00e1tico toque del cardamomo, complementado por la fresca dulzura de la manzana verde y la sutil seducci\u00f3n del jazm\u00edn y la rosa. <\/span><\/p>\n<p><span dir=\"auto\">A medida que la fragancia evoluciona, se asienta en una base c\u00e1lida y sensual, donde el \u00e1mbar gris aporta profundidad y complejidad, fundi\u00e9ndose con los ricos matices de la madera. <\/span><\/p>\n<p><span dir=\"auto\">Finalmente, un suave y cremoso velo de vainilla envuelve la composici\u00f3n, dejando una estela persistente de seducci\u00f3n.<\/span><\/p>\n<p>&nbsp;<\/p>\n<p><strong><span dir=\"auto\">Notas de salida:<\/span><\/strong><span dir=\"auto\"> pomelo, lim\u00f3n, bergamota, cardamomo, manzana verde.<\/span><br \/>\n<strong><span dir=\"auto\">Notas de coraz\u00f3n:<\/span><\/strong><span dir=\"auto\"> jazm\u00edn, nardo, rosa, clavel.<\/span><br \/>\n<strong><span dir=\"auto\">Notas de fondo:<\/span><\/strong><span dir=\"auto\"> \u00e1mbar gris, vainilla, maderas.<\/span><\/p>\n","protected":false},"excerpt":{"rendered":"<p>SCARLET Es una fragancia intensa, moderna y cautivadora, dise\u00f1ada para quienes no temen dejar huella. Su combinaci\u00f3n vibrante de c\u00edtricos,<\/p>\n","protected":false},"featured_media":90876,"comment_status":"open","ping_status":"closed","template":"","meta":{"nf_dc_page":""},"product_brand":[111],"product_cat":[84],"product_tag":[156],"class_list":{"0":"post-90875","1":"product","2":"type-product","3":"status-publish","4":"has-post-thumbnail","6":"product_brand-bharara","7":"product_cat-perfumeria","8":"product_tag-156","10":"first","11":"instock","12":"sale","13":"shipping-taxable","14":"purchasable","15":"product-type-simple"},"_links":{"self":[{"href":"https:\/\/brandss.com.py\/index\/wp-json\/wp\/v2\/product\/90875","targetHints":{"allow":["GET"]}}],"collection":[{"href":"https:\/\/brandss.com.py\/index\/wp-json\/wp\/v2\/product"}],"about":[{"href":"https:\/\/brandss.com.py\/index\/wp-json\/wp\/v2\/types\/product"}],"replies":[{"embeddable":true,"href":"https:\/\/brandss.com.py\/index\/wp-json\/wp\/v2\/comments?post=90875"}],"version-history":[{"count":2,"href":"https:\/\/brandss.com.py\/index\/wp-json\/wp\/v2\/product\/90875\/revisions"}],"predecessor-version":[{"id":90883,"href":"https:\/\/brandss.com.py\/index\/wp-json\/wp\/v2\/product\/90875\/revisions\/90883"}],"wp:featuredmedia":[{"embeddable":true,"href":"https:\/\/brandss.com.py\/index\/wp-json\/wp\/v2\/media\/90876"}],"wp:attachment":[{"href":"https:\/\/brandss.com.py\/index\/wp-json\/wp\/v2\/media?parent=90875"}],"wp:term":[{"taxonomy":"product_brand","embeddable":true,"href":"https:\/\/brandss.com.py\/index\/wp-json\/wp\/v2\/product_brand?post=90875"},{"taxonomy":"product_cat","embeddable":true,"href":"https:\/\/brandss.com.py\/index\/wp-json\/wp\/v2\/product_cat?post=90875"},{"taxonomy":"product_tag","embeddable":true,"href":"https:\/\/brandss.com.py\/index\/wp-json\/wp\/v2\/product_tag?post=90875"}],"curies":[{"name":"wp","href":"https:\/\/api.w.org\/{rel}","templated":true}]}}