{"id":90885,"date":"2025-09-19T12:13:14","date_gmt":"2025-09-19T12:13:14","guid":{"rendered":"https:\/\/brandss.com.py\/index\/?post_type=product&#038;p=90885"},"modified":"2025-11-26T11:59:09","modified_gmt":"2025-11-26T11:59:09","slug":"perfume-infantil-grandeur-elite-tubbees-bubble-gum-edp-50ml","status":"publish","type":"product","link":"https:\/\/brandss.com.py\/index\/producto\/perfume-infantil-grandeur-elite-tubbees-bubble-gum-edp-50ml\/","title":{"rendered":"PERFUME INFANTIL GRANDEUR \u00c9LITE TUBBEES BUBBLE GUM EDP 50ML"},"content":{"rendered":"<p><img loading=\"lazy\" decoding=\"async\" class=\"\" src=\"https:\/\/arabicparfums.com\/cdn\/shop\/collections\/grandeur-Logo-Brand_webp_1200x637.png?v=1742068443\" alt=\"GRANDEUR ELITE \u2014 Arabic Parfums\" width=\"140\" height=\"74\" \/><\/p>\n<h1>TUBBEES BUBBLE GUM<\/h1>\n<p>Prep\u00e1rate para una dulce aventura con Tubbees Bubble Gum. Esta fragancia alegre y llena de vida captura el irresistible aroma del chicle cl\u00e1sico, evocando recuerdos alegres con cada rociado. Dise\u00f1ada para el disfrute de todos, Tubbees Bubble Gum es una fragancia unisex que a\u00f1ade un toque divertido y alegre a tu estilo diario.<\/p>\n<p>Creado por la prestigiosa casa de dise\u00f1o Grandeur, este EDP en spray de 50 ml es perfecto para quienes buscan destacar con un aroma nost\u00e1lgico y fresco a la vez. Ya sea para una salida informal o simplemente para alegrar tu estado de \u00e1nimo, Tubbees Bubble Gum te envuelve en un aroma dulce y delicioso, irresistible.<\/p>\n<p>Con su pr\u00e1ctico tama\u00f1o de 50 ml, esta fragancia es perfecta para tu bolso, mochila o bolso de viaje. Si\u00e9ntete seguro sabiendo que puedes refrescar tu aroma en cualquier momento y lugar. Adem\u00e1s, su f\u00f3rmula de alta calidad garantiza una fragancia duradera, para que puedas disfrutar de sus deliciosas notas desde la ma\u00f1ana hasta la noche.<\/p>\n<p>Es una fragancia cautivadora que te transportar\u00e1 a un viaje olfativo lleno de nostalgia y pura alegr\u00eda. Esta singular mezcla de aromas, inspirada en la dulzura de la infancia, es perfecta para quienes buscan una fragancia alegre y sofisticada. Una fragancia que combina la dulzura de la infancia con la sofisticaci\u00f3n moderna, perfecta para hombres y mujeres que buscan un aroma \u00fanico y memorable.<\/p>\n<p><img loading=\"lazy\" decoding=\"async\" class=\"alignleft\" src=\"https:\/\/productosdelujo.cl\/cdn\/shop\/files\/BURBLE_GUM_1.png?v=1751645109&amp;width=800\" width=\"338\" height=\"338\" \/><\/p>\n<h3>Notas Olfativas<\/h3>\n<p>&nbsp;<\/p>\n<p><span dir=\"auto\">Bubble Gum es una fragancia llena de alegr\u00eda, dulzura y energ\u00eda juvenil. Desde la primera aplicaci\u00f3n, sentir\u00e1s una explosi\u00f3n frutal combinada con clavo de olor especiado que despierta los sentidos.<\/span><\/p>\n<p>Imagina una apertura de frutas jugosas y un toque de clavo para dar inicio a la diversi\u00f3n. En el coraz\u00f3n, del\u00e9itate con el dulce encanto de Bubble Gum combinado con el vigoroso aceite de naranja. \u00bfEl toque final? Una c\u00e1lida mezcla de vainilla, cachemira y pachul\u00ed, que captura la alegr\u00eda de la risa juguetona y el estallido de burbujas.<\/p>\n<p><strong>Notas de salida:<\/strong> frutas, clavo.<br \/>\n<strong>Notas de coraz\u00f3n:<\/strong> chicle, aceite de naranja.<br \/>\n<strong>Notas de fondo:<\/strong> vainilla, cachemira, pachul\u00ed.<\/p>\n","protected":false},"excerpt":{"rendered":"<p>TUBBEES BUBBLE GUM Prep\u00e1rate para una dulce aventura con Tubbees Bubble Gum. Esta fragancia alegre y llena de vida captura<\/p>\n","protected":false},"featured_media":90886,"comment_status":"open","ping_status":"closed","template":"","meta":{"nf_dc_page":""},"product_brand":[113],"product_cat":[84],"product_tag":[599],"class_list":{"0":"post-90885","1":"product","2":"type-product","3":"status-publish","4":"has-post-thumbnail","6":"product_brand-grandeur","7":"product_cat-perfumeria","8":"product_tag-599","10":"first","11":"outofstock","12":"shipping-taxable","13":"purchasable","14":"product-type-simple"},"_links":{"self":[{"href":"https:\/\/brandss.com.py\/index\/wp-json\/wp\/v2\/product\/90885","targetHints":{"allow":["GET"]}}],"collection":[{"href":"https:\/\/brandss.com.py\/index\/wp-json\/wp\/v2\/product"}],"about":[{"href":"https:\/\/brandss.com.py\/index\/wp-json\/wp\/v2\/types\/product"}],"replies":[{"embeddable":true,"href":"https:\/\/brandss.com.py\/index\/wp-json\/wp\/v2\/comments?post=90885"}],"version-history":[{"count":3,"href":"https:\/\/brandss.com.py\/index\/wp-json\/wp\/v2\/product\/90885\/revisions"}],"predecessor-version":[{"id":90893,"href":"https:\/\/brandss.com.py\/index\/wp-json\/wp\/v2\/product\/90885\/revisions\/90893"}],"wp:featuredmedia":[{"embeddable":true,"href":"https:\/\/brandss.com.py\/index\/wp-json\/wp\/v2\/media\/90886"}],"wp:attachment":[{"href":"https:\/\/brandss.com.py\/index\/wp-json\/wp\/v2\/media?parent=90885"}],"wp:term":[{"taxonomy":"product_brand","embeddable":true,"href":"https:\/\/brandss.com.py\/index\/wp-json\/wp\/v2\/product_brand?post=90885"},{"taxonomy":"product_cat","embeddable":true,"href":"https:\/\/brandss.com.py\/index\/wp-json\/wp\/v2\/product_cat?post=90885"},{"taxonomy":"product_tag","embeddable":true,"href":"https:\/\/brandss.com.py\/index\/wp-json\/wp\/v2\/product_tag?post=90885"}],"curies":[{"name":"wp","href":"https:\/\/api.w.org\/{rel}","templated":true}]}}