{"id":90894,"date":"2025-09-19T12:53:57","date_gmt":"2025-09-19T12:53:57","guid":{"rendered":"https:\/\/brandss.com.py\/index\/?post_type=product&#038;p=90894"},"modified":"2025-09-26T14:47:57","modified_gmt":"2025-09-26T14:47:57","slug":"perfume-infantil-grandeur-elite-tubbees-unicor-vanilla-edp-50ml","status":"publish","type":"product","link":"https:\/\/brandss.com.py\/index\/producto\/perfume-infantil-grandeur-elite-tubbees-unicor-vanilla-edp-50ml\/","title":{"rendered":"PERFUME INFANTIL GRANDEUR \u00c9LITE TUBBEES UNICOR VANILLA EDP 50ML"},"content":{"rendered":"<p><img loading=\"lazy\" decoding=\"async\" class=\"\" src=\"https:\/\/arabicparfums.com\/cdn\/shop\/collections\/grandeur-Logo-Brand_webp_1200x637.png?v=1742068443\" alt=\"GRANDEUR ELITE \u2014 Arabic Parfums\" width=\"147\" height=\"78\" \/><\/p>\n<h1>TUBBEES UNICOR VANILLA<\/h1>\n<p><strong><em><span class=\"relative -mx-px my-[-0.2rem] rounded px-px py-[0.2rem] transition-colors duration-100 ease-in-out\">Magia en cada gota. Unicorn Vanilla es un viaje olfativo a un mundo fant\u00e1stico.<\/span><\/em><\/strong><\/p>\n<p>\u00a1Empieza un viaje encantador con Unicorn Vanilla! Descubre el encantador mundo de Unicorn Vanilla de Tubbees, una fragancia unisex que fusiona notas florales, frutales y gourmand en una explosi\u00f3n m\u00e1gica de aromas. Perfecta para quienes desean destacar con un perfume dulce, fresco y moderno.<br \/>\nIdeal para j\u00f3venes y adultos contempor\u00e1neos que disfrutan de aromas dulces y creativos. El mejor momento para usarlo: perfecto para el d\u00eda, en primavera y verano, o en ocasiones especiales donde quieras dejar una impresi\u00f3n duradera.<\/p>\n<p><img loading=\"lazy\" decoding=\"async\" class=\"alignleft\" src=\"https:\/\/cdnx.jumpseller.com\/perfumes1\/image\/65242450\/1_20_2836_29.webp?1752080567\" width=\"503\" height=\"503\" \/><\/p>\n<h3>Notas Olfativas<\/h3>\n<p>&nbsp;<\/p>\n<p>Imag\u00ednese: notas de salida de bayas de acai, frutas c\u00edtricas y grosella negra abren la historia.<\/p>\n<p>En el coraz\u00f3n encontrar\u00e1s t\u00e9 Matcha, rosa y delicadas flores blancas, como p\u00e9talos m\u00e1gicos.<\/p>\n<p>\u00bfY la final? Una mezcla encantadora de vainilla, algod\u00f3n de az\u00facar y s\u00e1ndalo, que crea un aroma tan encantador como un unicornio bailando juguetonamente.<\/p>\n<ul>\n<li><strong>Notas de salida:<\/strong> Baya de a\u00e7a\u00ed, frutas c\u00edtricas, grosella negra.<\/li>\n<li><strong>Notas de coraz\u00f3n:<\/strong> T\u00e9 matcha, rosa, flores blancas.<\/li>\n<li><strong>Notas de fondo:<\/strong> vainilla, algod\u00f3n de az\u00facar, s\u00e1ndalo.<\/li>\n<\/ul>\n","protected":false},"excerpt":{"rendered":"<p>TUBBEES UNICOR VANILLA Magia en cada gota. Unicorn Vanilla es un viaje olfativo a un mundo fant\u00e1stico. \u00a1Empieza un viaje<\/p>\n","protected":false},"featured_media":90895,"comment_status":"open","ping_status":"closed","template":"","meta":{"nf_dc_page":""},"product_brand":[113],"product_cat":[84],"product_tag":[601],"class_list":{"0":"post-90894","1":"product","2":"type-product","3":"status-publish","4":"has-post-thumbnail","6":"product_brand-grandeur","7":"product_cat-perfumeria","8":"product_tag-601","10":"first","11":"instock","12":"sale","13":"shipping-taxable","14":"purchasable","15":"product-type-simple"},"_links":{"self":[{"href":"https:\/\/brandss.com.py\/index\/wp-json\/wp\/v2\/product\/90894","targetHints":{"allow":["GET"]}}],"collection":[{"href":"https:\/\/brandss.com.py\/index\/wp-json\/wp\/v2\/product"}],"about":[{"href":"https:\/\/brandss.com.py\/index\/wp-json\/wp\/v2\/types\/product"}],"replies":[{"embeddable":true,"href":"https:\/\/brandss.com.py\/index\/wp-json\/wp\/v2\/comments?post=90894"}],"version-history":[{"count":1,"href":"https:\/\/brandss.com.py\/index\/wp-json\/wp\/v2\/product\/90894\/revisions"}],"predecessor-version":[{"id":90900,"href":"https:\/\/brandss.com.py\/index\/wp-json\/wp\/v2\/product\/90894\/revisions\/90900"}],"wp:featuredmedia":[{"embeddable":true,"href":"https:\/\/brandss.com.py\/index\/wp-json\/wp\/v2\/media\/90895"}],"wp:attachment":[{"href":"https:\/\/brandss.com.py\/index\/wp-json\/wp\/v2\/media?parent=90894"}],"wp:term":[{"taxonomy":"product_brand","embeddable":true,"href":"https:\/\/brandss.com.py\/index\/wp-json\/wp\/v2\/product_brand?post=90894"},{"taxonomy":"product_cat","embeddable":true,"href":"https:\/\/brandss.com.py\/index\/wp-json\/wp\/v2\/product_cat?post=90894"},{"taxonomy":"product_tag","embeddable":true,"href":"https:\/\/brandss.com.py\/index\/wp-json\/wp\/v2\/product_tag?post=90894"}],"curies":[{"name":"wp","href":"https:\/\/api.w.org\/{rel}","templated":true}]}}