{"id":90920,"date":"2025-09-20T11:00:44","date_gmt":"2025-09-20T11:00:44","guid":{"rendered":"https:\/\/brandss.com.py\/index\/?post_type=product&#038;p=90920"},"modified":"2026-03-28T16:16:12","modified_gmt":"2026-03-28T16:16:12","slug":"perfume-masculino-lattafa-ragba-edp-100ml-desodorante-50ml-set","status":"publish","type":"product","link":"https:\/\/brandss.com.py\/index\/producto\/perfume-masculino-lattafa-ragba-edp-100ml-desodorante-50ml-set\/","title":{"rendered":"PERFUME MASCULINO LATTAFA RAGHBA EDP 100ML + DESODORANTE 50ML SET"},"content":{"rendered":"<p><img loading=\"lazy\" decoding=\"async\" class=\"\" src=\"https:\/\/myscentjourney.s3.us-east-2.amazonaws.com\/2022\/02\/14\/29KIascent_j_marca_1644871114_202.png\" alt=\"MSJ::LATTAFA\" width=\"72\" height=\"86\" \/><\/p>\n<h1>RAGBA<\/h1>\n<p><span dir=\"auto\">Presentamos el\u00a0<\/span><span dir=\"auto\">set de Raghba<\/span><span dir=\"auto\"> EDP y desodorante, una fragancia cautivadora que encarna la esencia de Oriente Medio. <\/span>Irradia sofisticaci\u00f3n con notas amaderadas duraderas y atractivas para el hombre moderno y seguro. <span dir=\"auto\">Raghba es una celebraci\u00f3n de la masculinidad moderna.<\/span><\/p>\n<p><span dir=\"auto\">Es una exquisita mezcla de aromas masculinos que crea una experiencia verdaderamente seductora y cautivadora. Con su combinaci\u00f3n \u00fanica de notas amaderadas y orientales, esta fragancia dejar\u00e1 una huella imborrable dondequiera que vayas.<\/span><\/p>\n<p><span dir=\"auto\">Dise\u00f1ado para el hombre moderno que irradia confianza, Lattafa Raghba For Man Edici\u00f3n Limitada EDP For Men es el accesorio perfecto para complementar tu estilo impecable. Su aura magn\u00e9tica y su encanto seductor lo convierten en un cl\u00e1sico atemporal que nunca pasar\u00e1 de moda.<\/span><\/p>\n<ul class=\"tickmark_blue\">\n<li><span dir=\"auto\">Lanzado en 2020 como una lujosa incorporaci\u00f3n a la colecci\u00f3n Lattafa Raghba.<\/span><\/li>\n<li><span dir=\"auto\">Dise\u00f1ado exclusivamente para hombres que abrazan la sofisticaci\u00f3n y la individualidad.<\/span><\/li>\n<li><span dir=\"auto\">Fragancia duradera que permanece contigo hasta 8 horas.<\/span><\/li>\n<li><span dir=\"auto\">Una fragancia atrevida y cautivadora para uso diario y ocasiones especiales.<\/span><\/li>\n<\/ul>\n<h3><img loading=\"lazy\" decoding=\"async\" class=\"alignleft\" src=\"https:\/\/www.bjutip.com\/image\/cache\/catalog\/Perfumes\/Men\/6291106060065_3-800x800.jpg\" width=\"496\" height=\"496\" \/><\/h3>\n<h3><span dir=\"auto\">Notas Olfativas<\/span><\/h3>\n<p>&nbsp;<\/p>\n<p><span dir=\"auto\">Raghba pertenece a la <\/span><span dir=\"auto\">familia de fragancias \u00c1mbar Vainilla<\/span><span dir=\"auto\">\u00a0, ofreciendo un aroma rico y seductor. La fragancia se abre con refrescantes\u00a0<\/span><span dir=\"auto\">notas de salida de Hierba Luisa, Iris y Lim\u00f3n<\/span><span dir=\"auto\">\u00a0, creando una primera impresi\u00f3n vibrante y vigorizante. Al asentarse, la\u00a0<\/span><span dir=\"auto\">nota de coraz\u00f3n de Hoja de Violeta<\/span><span dir=\"auto\">\u00a0a\u00f1ade un toque de elegancia floral, haciendo la fragancia m\u00e1s compleja e intrigante.<\/span><\/p>\n<p><span dir=\"auto\">Las\u00a0<\/span><span dir=\"auto\">notas de fondo<\/span><span dir=\"auto\">\u00a0son donde Raghba realmente brilla.\u00a0<\/span><span dir=\"auto\">S\u00e1ndalo, \u00e1mbar gris, cuero y cedro<\/span><span dir=\"auto\">\u00a0se combinan a la perfecci\u00f3n para brindar un final c\u00e1lido y amaderado que perdura en la piel, dejando una huella imborrable. <\/span><\/p>\n<p><span dir=\"auto\">Esta combinaci\u00f3n de notas, expertamente equilibrada, convierte a Raghba en una fragancia vers\u00e1til, ideal para cualquier ocasi\u00f3n, de d\u00eda o de noche.<\/span><\/p>\n<p>&nbsp;<\/p>\n<p>&nbsp;<\/p>\n<p><strong>Notas de salida:<\/strong>\u00a0Verbena de lim\u00f3n, iris, lim\u00f3n.<\/p>\n<p><strong>Notas de coraz\u00f3n:<\/strong> Hoja de violeta.<\/p>\n<p><strong>Notas de fondo:<\/strong>\u00a0s\u00e1ndalo, \u00e1mbar gris, cuero, cedro<\/p>\n","protected":false},"excerpt":{"rendered":"<p>RAGBA Presentamos el\u00a0set de Raghba EDP y desodorante, una fragancia cautivadora que encarna la esencia de Oriente Medio. Irradia sofisticaci\u00f3n<\/p>\n","protected":false},"featured_media":90921,"comment_status":"open","ping_status":"closed","template":"","meta":{"nf_dc_page":""},"product_brand":[109],"product_cat":[84],"product_tag":[1594],"class_list":{"0":"post-90920","1":"product","2":"type-product","3":"status-publish","4":"has-post-thumbnail","6":"product_brand-lattafa","7":"product_cat-perfumeria","8":"product_tag-1594","10":"first","11":"instock","12":"sale","13":"shipping-taxable","14":"purchasable","15":"product-type-simple"},"_links":{"self":[{"href":"https:\/\/brandss.com.py\/index\/wp-json\/wp\/v2\/product\/90920","targetHints":{"allow":["GET"]}}],"collection":[{"href":"https:\/\/brandss.com.py\/index\/wp-json\/wp\/v2\/product"}],"about":[{"href":"https:\/\/brandss.com.py\/index\/wp-json\/wp\/v2\/types\/product"}],"replies":[{"embeddable":true,"href":"https:\/\/brandss.com.py\/index\/wp-json\/wp\/v2\/comments?post=90920"}],"version-history":[{"count":3,"href":"https:\/\/brandss.com.py\/index\/wp-json\/wp\/v2\/product\/90920\/revisions"}],"predecessor-version":[{"id":101064,"href":"https:\/\/brandss.com.py\/index\/wp-json\/wp\/v2\/product\/90920\/revisions\/101064"}],"wp:featuredmedia":[{"embeddable":true,"href":"https:\/\/brandss.com.py\/index\/wp-json\/wp\/v2\/media\/90921"}],"wp:attachment":[{"href":"https:\/\/brandss.com.py\/index\/wp-json\/wp\/v2\/media?parent=90920"}],"wp:term":[{"taxonomy":"product_brand","embeddable":true,"href":"https:\/\/brandss.com.py\/index\/wp-json\/wp\/v2\/product_brand?post=90920"},{"taxonomy":"product_cat","embeddable":true,"href":"https:\/\/brandss.com.py\/index\/wp-json\/wp\/v2\/product_cat?post=90920"},{"taxonomy":"product_tag","embeddable":true,"href":"https:\/\/brandss.com.py\/index\/wp-json\/wp\/v2\/product_tag?post=90920"}],"curies":[{"name":"wp","href":"https:\/\/api.w.org\/{rel}","templated":true}]}}