{"id":90934,"date":"2025-09-20T12:36:24","date_gmt":"2025-09-20T12:36:24","guid":{"rendered":"https:\/\/brandss.com.py\/index\/?post_type=product&#038;p=90934"},"modified":"2026-04-18T14:34:40","modified_gmt":"2026-04-18T14:34:40","slug":"perfume-femenino-maison-alhambra-athena-edp-100ml","status":"publish","type":"product","link":"https:\/\/brandss.com.py\/index\/producto\/perfume-femenino-maison-alhambra-athena-edp-100ml\/","title":{"rendered":"PERFUME FEMENINO MAISON ALHAMBRA ATHENA EDP 100ML"},"content":{"rendered":"<p><img loading=\"lazy\" decoding=\"async\" class=\"\" src=\"https:\/\/ha-fragrances.com\/cdn\/shop\/files\/maison-alhambra-logo.png?v=1733872745&amp;width=533\" alt=\"Maison Alhambra \u2013 HA Fragrances\" width=\"117\" height=\"117\" \/><\/p>\n<h1>ATHENA<\/h1>\n<p>Es una cautivadora fragancia que captura la esencia de la elegancia y la feminidad. Athena representa la elegancia y la feminidad atemporales. Esta exclusiva fragancia rinde homenaje a la fuerza y \u200b\u200bla gracia de la mujer moderna. Athena combina notas florales y frutales para crear una experiencia arom\u00e1tica armoniosa y seductora. Athena es perfecto para cualquier ocasi\u00f3n, ya sea para el d\u00eda a d\u00eda o para una noche especial. Es una fragancia que realza la individualidad y el encanto, garantizando una impresi\u00f3n duradera durante todo el d\u00eda.<\/p>\n<p><img loading=\"lazy\" decoding=\"async\" class=\"alignleft\" src=\"https:\/\/zaoud.it\/cdn\/shop\/files\/maison_alhambra_athena_perfume_bottle_surrounded_with_jasmine_and_rose_shows_against_white_background.jpg?v=1731788038&amp;width=990\" width=\"473\" height=\"592\" \/><\/p>\n<h3>Notas Olfativas<\/h3>\n<p>&nbsp;<\/p>\n<p>Athena de Maison Alhambra es una fragancia de la familia olfativa Floral para Mujeres. Esta fragancia es nueva, se lanz\u00f3 en 2025.<\/p>\n<p>Athena es poder, es seducci\u00f3n, es un hechizo imposible de romper.<\/p>\n<p>En primer lugar, la fragancia se abre con una vibrante y vigorizante mezcla de yerba mate, cipr\u00e9s, tomillo, azafr\u00e1n y notas frutales. La yerba mate agrega un toque verde y herb\u00e1ceo, como un soplo de aire fresco en un bosque frondoso. El cipr\u00e9s aporta un aroma amaderado y ligeramente ahumado, mientras que el tomillo agrega una faceta arom\u00e1tica y herb\u00e1cea. El azafr\u00e1n, con su car\u00e1cter c\u00e1lido y picante, agrega un toque de intriga ex\u00f3tica.<\/p>\n<p>Las notas frutales aportan un contrapunto dulce y divertido, creando, por ejemplo, una apertura vibrante y atractiva.<\/p>\n<p>En segundo lugar, en el coraz\u00f3n de la Maison Alhambra, ATHENA se despliega con un delicado y elegante bouquet de jazm\u00edn, iris y rosa. El jazm\u00edn a\u00f1ade un toque floral dulce y embriagador, mientras que el iris aporta un matiz empolvado y sofisticado. La rosa, la reina de las flores, a\u00f1ade una gracia eterna y un toque rom\u00e1ntico. Esta mezcla armoniosa crea un coraz\u00f3n atractivo que es a la vez femenino y poderoso.<\/p>\n<p>Por \u00faltimo, la base proporciona una base c\u00e1lida y relajante con notas de \u00e1mbar, cuero, vainilla, almizcle, vetiver y madera de cedro. El \u00e1mbar agrega una dulzura c\u00e1lida y resinosa, mientras que el cuero aporta un toque sensual y sofisticado. La vainilla proporciona una dulzura calmante y familiar, mientras que el almizcle agrega un aura suave y seductora. El vetiver y la madera de cedro aportan facetas terrosas y amaderadas, creando una estela persistente y memorable.<\/p>\n<p>Sofisticada, intensa, inolvidable!!!<\/p>\n<ul>\n<li><strong>Notas de Salida:<\/strong>\u00a0Yerba Mate, Cipr\u00e9s, Tomillo, Azafr\u00e1n, Notas Frutales.<\/li>\n<li><strong>Notas de coraz\u00f3n:<\/strong>\u00a0Jazm\u00edn, iris, rosa.<\/li>\n<li><strong>Notas de fondo:<\/strong>\u00a0\u00e1mbar, cuero, vainilla, almizcle, vetiver, cedro.<\/li>\n<\/ul>\n","protected":false},"excerpt":{"rendered":"<p>ATHENA Es una cautivadora fragancia que captura la esencia de la elegancia y la feminidad. Athena representa la elegancia y<\/p>\n","protected":false},"featured_media":90935,"comment_status":"open","ping_status":"closed","template":"","meta":{"nf_dc_page":""},"product_brand":[107],"product_cat":[84],"product_tag":[702],"class_list":{"0":"post-90934","1":"product","2":"type-product","3":"status-publish","4":"has-post-thumbnail","6":"product_brand-maison-alhambra","7":"product_cat-perfumeria","8":"product_tag-702","10":"first","11":"instock","12":"shipping-taxable","13":"purchasable","14":"product-type-simple"},"_links":{"self":[{"href":"https:\/\/brandss.com.py\/index\/wp-json\/wp\/v2\/product\/90934","targetHints":{"allow":["GET"]}}],"collection":[{"href":"https:\/\/brandss.com.py\/index\/wp-json\/wp\/v2\/product"}],"about":[{"href":"https:\/\/brandss.com.py\/index\/wp-json\/wp\/v2\/types\/product"}],"replies":[{"embeddable":true,"href":"https:\/\/brandss.com.py\/index\/wp-json\/wp\/v2\/comments?post=90934"}],"version-history":[{"count":1,"href":"https:\/\/brandss.com.py\/index\/wp-json\/wp\/v2\/product\/90934\/revisions"}],"predecessor-version":[{"id":90943,"href":"https:\/\/brandss.com.py\/index\/wp-json\/wp\/v2\/product\/90934\/revisions\/90943"}],"wp:featuredmedia":[{"embeddable":true,"href":"https:\/\/brandss.com.py\/index\/wp-json\/wp\/v2\/media\/90935"}],"wp:attachment":[{"href":"https:\/\/brandss.com.py\/index\/wp-json\/wp\/v2\/media?parent=90934"}],"wp:term":[{"taxonomy":"product_brand","embeddable":true,"href":"https:\/\/brandss.com.py\/index\/wp-json\/wp\/v2\/product_brand?post=90934"},{"taxonomy":"product_cat","embeddable":true,"href":"https:\/\/brandss.com.py\/index\/wp-json\/wp\/v2\/product_cat?post=90934"},{"taxonomy":"product_tag","embeddable":true,"href":"https:\/\/brandss.com.py\/index\/wp-json\/wp\/v2\/product_tag?post=90934"}],"curies":[{"name":"wp","href":"https:\/\/api.w.org\/{rel}","templated":true}]}}